{"id":86,"date":"2019-12-09T02:53:39","date_gmt":"2019-12-09T05:53:39","guid":{"rendered":"http:\/\/www.medicinafamiliar.cl\/mf\/wordpress\/?page_id=86"},"modified":"2023-07-19T18:32:36","modified_gmt":"2023-07-19T22:32:36","slug":"representaciones-sochimef","status":"publish","type":"page","link":"https:\/\/www.medicinafamiliar.cl\/mf\/wordpress\/representaciones-sochimef\/","title":{"rendered":"Representaciones SOCHIMEF"},"content":{"rendered":"<p>SOCHIMEF tiene presencia en distintas organizaciones y\/o grupos de trabajo tanto a nivel nacional como internacional.<\/p>\n<ul>\n<li>Representaciones nacionales:\n<ul>\n<li><a href=\"http:\/\/www.conacem.cl\">Corporaci\u00f3n Nacional de Certificaci\u00f3n de Especialidades M\u00e9dicas (CONACEM)<\/a>:<br \/>\nDra Patricia Villaseca Silva.<\/li>\n<li><a href=\"http:\/\/www.buenaspracticasaps.cl\">Comunidad de Pr\u00e1cticas en APS (CdP)<\/a>: Dra Macarena Moral y Dr. Jorge L\u00f3pez<\/li>\n<\/ul>\n<\/li>\n<li>Representaciones internacionales:\n<ul>\n<li><a href=\"http:\/\/ibimefa.blogspot.cl\/\">Red Iberoamericana de Investigaci\u00f3n en Medicina Familiar y Atenci\u00f3n Primaria (IBIMEFA)<\/a>:\u00a0 Dr. Camilo Bass<\/li>\n<li>Coordinadora Iberoamericana de P4 en CIMF Wonca<br \/>\nDra. M\u00f3nica Nivelo<\/li>\n<\/ul>\n<\/li>\n<\/ul>\n","protected":false},"excerpt":{"rendered":"<p>SOCHIMEF tiene presencia en distintas organizaciones y\/o grupos de trabajo tanto a nivel nacional como internacional. Representaciones nacionales: Corporaci\u00f3n Nacional de Certificaci\u00f3n de Especialidades M\u00e9dicas (CONACEM): Dra Patricia Villaseca Silva. Comunidad de Pr\u00e1cticas en APS (CdP): Dra Macarena Moral y Dr. Jorge L\u00f3pez Representaciones internacionales: Red Iberoamericana de Investigaci\u00f3n en Medicina Familiar y Atenci\u00f3n Primaria [&hellip;]<\/p>\n","protected":false},"author":1,"featured_media":0,"parent":0,"menu_order":0,"comment_status":"closed","ping_status":"closed","template":"","meta":{"footnotes":""},"class_list":["post-86","page","type-page","status-publish","hentry"],"_links":{"self":[{"href":"https:\/\/www.medicinafamiliar.cl\/mf\/wordpress\/wp-json\/wp\/v2\/pages\/86","targetHints":{"allow":["GET"]}}],"collection":[{"href":"https:\/\/www.medicinafamiliar.cl\/mf\/wordpress\/wp-json\/wp\/v2\/pages"}],"about":[{"href":"https:\/\/www.medicinafamiliar.cl\/mf\/wordpress\/wp-json\/wp\/v2\/types\/page"}],"author":[{"embeddable":true,"href":"https:\/\/www.medicinafamiliar.cl\/mf\/wordpress\/wp-json\/wp\/v2\/users\/1"}],"replies":[{"embeddable":true,"href":"https:\/\/www.medicinafamiliar.cl\/mf\/wordpress\/wp-json\/wp\/v2\/comments?post=86"}],"version-history":[{"count":8,"href":"https:\/\/www.medicinafamiliar.cl\/mf\/wordpress\/wp-json\/wp\/v2\/pages\/86\/revisions"}],"predecessor-version":[{"id":3935,"href":"https:\/\/www.medicinafamiliar.cl\/mf\/wordpress\/wp-json\/wp\/v2\/pages\/86\/revisions\/3935"}],"wp:attachment":[{"href":"https:\/\/www.medicinafamiliar.cl\/mf\/wordpress\/wp-json\/wp\/v2\/media?parent=86"}],"curies":[{"name":"wp","href":"https:\/\/api.w.org\/{rel}","templated":true}]}}