{"id":84,"date":"2019-12-09T02:52:50","date_gmt":"2019-12-09T05:52:50","guid":{"rendered":"http:\/\/www.medicinafamiliar.cl\/mf\/wordpress\/?page_id=84"},"modified":"2025-09-30T19:04:11","modified_gmt":"2025-09-30T23:04:11","slug":"waynakay-chile","status":"publish","type":"page","link":"https:\/\/www.medicinafamiliar.cl\/mf\/wordpress\/waynakay-chile\/","title":{"rendered":"Waynakay Chile"},"content":{"rendered":"\n<figure class=\"wp-block-image size-large\"><img loading=\"lazy\" decoding=\"async\" width=\"1024\" height=\"325\" src=\"https:\/\/www.medicinafamiliar.cl\/mf\/wordpress\/wp-content\/uploads\/2025\/09\/sochimef-logo-waynakay-chile-2025-1024x325.jpg\" alt=\"\" class=\"wp-image-5306\" srcset=\"https:\/\/www.medicinafamiliar.cl\/mf\/wordpress\/wp-content\/uploads\/2025\/09\/sochimef-logo-waynakay-chile-2025-1024x325.jpg 1024w, https:\/\/www.medicinafamiliar.cl\/mf\/wordpress\/wp-content\/uploads\/2025\/09\/sochimef-logo-waynakay-chile-2025-300x95.jpg 300w, https:\/\/www.medicinafamiliar.cl\/mf\/wordpress\/wp-content\/uploads\/2025\/09\/sochimef-logo-waynakay-chile-2025-768x244.jpg 768w, https:\/\/www.medicinafamiliar.cl\/mf\/wordpress\/wp-content\/uploads\/2025\/09\/sochimef-logo-waynakay-chile-2025-370x118.jpg 370w, https:\/\/www.medicinafamiliar.cl\/mf\/wordpress\/wp-content\/uploads\/2025\/09\/sochimef-logo-waynakay-chile-2025-270x86.jpg 270w, https:\/\/www.medicinafamiliar.cl\/mf\/wordpress\/wp-content\/uploads\/2025\/09\/sochimef-logo-waynakay-chile-2025-570x181.jpg 570w, https:\/\/www.medicinafamiliar.cl\/mf\/wordpress\/wp-content\/uploads\/2025\/09\/sochimef-logo-waynakay-chile-2025-740x235.jpg 740w, https:\/\/www.medicinafamiliar.cl\/mf\/wordpress\/wp-content\/uploads\/2025\/09\/sochimef-logo-waynakay-chile-2025.jpg 1080w\" sizes=\"auto, (max-width: 1024px) 100vw, 1024px\" \/><\/figure>\n\n\n<p style=\"text-align: justify;\">El Movimiento Waynakay (MWy) es una organizaci\u00f3n sin fines de lucro y sin v\u00ednculos pol\u00edticos o religiosos, conformado por residentes de Medicina Familiar y m\u00e9dicos familiares j\u00f3venes, esto es,egresados de hasta 5 a\u00f1os de la especialidad, pertenecientes a la regi\u00f3n de Iberoam\u00e9rica. A nivel local, hist\u00f3ricamente nuestro Directorio ha incorporado a m\u00e9dicos j\u00f3venes, quienes de acuerdo a nuestros estatutos tienen derecho a voz y voto en Asambleas de socios desde el momento de su incorporaci\u00f3n.<\/p>\n<p style=\"text-align: justify;\">Waynakay (\u201cjuventud\u201d en quechua) surge el &nbsp;19 de Mayo de 2010 en el marco del 19\u00ba Congreso Mundial de Medicina Familiar WONCA en Canc\u00fan, M\u00e9xico. Se encontraban reunidos all\u00ed residentes y m\u00e9dicos de familia j\u00f3venes de la regi\u00f3n de Iberoam\u00e9rica, y replicaron la experiencia generada el 2004 en WONCA Europa&nbsp;con el Movimiento Vasco da Gama y el 2007 en WONCA Asia Pac\u00edfico con el Movimiento Rajakumar.<\/p>\n<p style=\"text-align: justify;\">Quienes fundaron Waynakay Iberoam\u00e9rica en Canc\u00fan, escogieron un nombre de esta organizaci\u00f3n que representara la etapa inicial de la vida de un m\u00e9dico de familia, donde se reflexiona con mayor intensidad sobre su identidad, su rol social y su proyecci\u00f3n. Otro aspecto considerado fue reconocer el origen com\u00fan de los pueblos latinoamericanos, rescatando las ra\u00edces prehisp\u00e1nicas. El quechua fue el idioma oficial del imperio Inca, denominador com\u00fan de las culturas de la cordillera de los Andes, que si bien geogr\u00e1ficamente no abarca toda Iberoam\u00e9rica, s\u00ed representa a gran parte de ella y a quienes escogieron finalmente el nombre de Waynakay.<\/p>\n<p>En Chile, el MWy se encuentra coordinado por:<\/p>\n<ul>\n<li>Nicole Hund, U. de Valpara\u00edso<\/li>\n<li>Karla Herrera, UdeC<\/li>\n<li>Sim\u00f3n R\u00edos, U. Austral<\/li>\n<\/ul>\n<p>Nuestro email de contacto:<br><strong>chilewaynakay@gmail.com<\/strong><\/p>\n<p>Si te interesa unirte a Waynakay Chile, lo puedes hacer respondiendo el siguiente formulario:<br><strong><a href=\"https:\/\/forms.gle\/2RSWx5zbXbVDT6JB9\" target=\"_blank\" rel=\"noopener\">https:\/\/forms.gle\/2RSWx5zbXbVDT6JB9<\/a><\/strong><\/p>\n<p style=\"text-align: justify;\"><b>Documentos:&nbsp;<\/b><\/p>\n<ul>\n<li><a href=\"http:\/\/www.medicinafamiliar.cl\/mf\/wordpress\/wp-content\/uploads\/2022\/09\/acta-conformacion-waynakay-chile.pdf\" target=\"_blank\" rel=\"noopener\">Acta refundacional 2022, incluye reglamento<\/a><a id=\"e88e2092-baa2-42d9-bd26-60cadc547b68\" title=\"View this pdf file\" href=\"https:\/\/docs.google.com\/viewer?url=http%3A%2F%2Fwww.medicinafamiliar.cl%2Fmf%2Fwordpress%2Fwp-content%2Fuploads%2F2022%2F09%2Facta-conformacion-waynakay-chile.pdf&amp;embedded=true&amp;chrome=false&amp;dov=1\"><img decoding=\"async\" style=\"margin-left: 3px; width: 16px; height: 16px;\" src=\"chrome-extension:\/\/gmpljdlgcdkljlppaekciacdmdlhfeon\/images\/beside-link-icon.svg\"><\/a><a id=\"4d9769cf-ee51-4a73-a6f6-4730eeddc577\" title=\"View this pdf file\" href=\"https:\/\/docs.google.com\/viewer?url=http%3A%2F%2Fwww.medicinafamiliar.cl%2Fmf%2Fwordpress%2Fwp-content%2Fuploads%2F2022%2F09%2Facta-conformacion-waynakay-chile.pdf&amp;embedded=true&amp;chrome=false&amp;dov=1\"><img decoding=\"async\" style=\"margin-left: 3px; width: 16px; height: 16px;\" src=\"chrome-extension:\/\/gmpljdlgcdkljlppaekciacdmdlhfeon\/images\/beside-link-icon.svg\"><\/a><a id=\"80f236cc-4ed1-4569-9a93-35b8e7f486f4\" title=\"View this pdf file\" href=\"https:\/\/docs.google.com\/viewer?url=http%3A%2F%2Fwww.medicinafamiliar.cl%2Fmf%2Fwordpress%2Fwp-content%2Fuploads%2F2022%2F09%2Facta-conformacion-waynakay-chile.pdf&amp;embedded=true&amp;chrome=false&amp;dov=1\"><img decoding=\"async\" style=\"margin-left: 3px; width: 16px; height: 16px;\" src=\"chrome-extension:\/\/gmpljdlgcdkljlppaekciacdmdlhfeon\/images\/beside-link-icon.svg\"><\/a><a id=\"b78e5e5d-bbd7-4ea3-9941-b1656101637d\" title=\"View this pdf file\" href=\"https:\/\/docs.google.com\/viewer?url=http%3A%2F%2Fwww.medicinafamiliar.cl%2Fmf%2Fwordpress%2Fwp-content%2Fuploads%2F2022%2F09%2Facta-conformacion-waynakay-chile.pdf&amp;embedded=true&amp;chrome=false&amp;dov=1\"><img decoding=\"async\" style=\"margin-left: 3px; width: 16px; height: 16px;\" src=\"chrome-extension:\/\/gmpljdlgcdkljlppaekciacdmdlhfeon\/images\/beside-link-icon.svg\"><\/a><\/li>\n<li><a href=\"http:\/\/www.medicinafamiliar.cl\/mf\/wordpress\/wp-content\/uploads\/2022\/09\/carta-de-presentacion-ante-sochimef.pdf\" target=\"_blank\" rel=\"noopener\">Carta Waynakay a SOCHIMEF<\/a><a id=\"acbd8917-4e40-435b-9425-d3759130e7ba\" title=\"View this pdf file\" href=\"https:\/\/docs.google.com\/viewer?url=http%3A%2F%2Fwww.medicinafamiliar.cl%2Fmf%2Fwordpress%2Fwp-content%2Fuploads%2F2022%2F09%2Fcarta-de-presentacion-ante-sochimef.pdf&amp;embedded=true&amp;chrome=false&amp;dov=1\"><img decoding=\"async\" style=\"margin-left: 3px; width: 16px; height: 16px;\" src=\"chrome-extension:\/\/gmpljdlgcdkljlppaekciacdmdlhfeon\/images\/beside-link-icon.svg\"><\/a><a id=\"e3d75b54-fd60-430f-9624-eb172c044247\" title=\"View this pdf file\" href=\"https:\/\/docs.google.com\/viewer?url=http%3A%2F%2Fwww.medicinafamiliar.cl%2Fmf%2Fwordpress%2Fwp-content%2Fuploads%2F2022%2F09%2Fcarta-de-presentacion-ante-sochimef.pdf&amp;embedded=true&amp;chrome=false&amp;dov=1\"><img decoding=\"async\" style=\"margin-left: 3px; width: 16px; height: 16px;\" src=\"chrome-extension:\/\/gmpljdlgcdkljlppaekciacdmdlhfeon\/images\/beside-link-icon.svg\"><\/a><a id=\"d07d343e-fc34-419d-8277-3427efcfb455\" title=\"View this pdf file\" href=\"https:\/\/docs.google.com\/viewer?url=http%3A%2F%2Fwww.medicinafamiliar.cl%2Fmf%2Fwordpress%2Fwp-content%2Fuploads%2F2022%2F09%2Fcarta-de-presentacion-ante-sochimef.pdf&amp;embedded=true&amp;chrome=false&amp;dov=1\"><img decoding=\"async\" style=\"margin-left: 3px; width: 16px; height: 16px;\" src=\"chrome-extension:\/\/gmpljdlgcdkljlppaekciacdmdlhfeon\/images\/beside-link-icon.svg\"><\/a><a id=\"193fa6a8-f61a-4440-9fcb-5d4c48790ab1\" title=\"View this pdf file\" href=\"https:\/\/docs.google.com\/viewer?url=http%3A%2F%2Fwww.medicinafamiliar.cl%2Fmf%2Fwordpress%2Fwp-content%2Fuploads%2F2022%2F09%2Fcarta-de-presentacion-ante-sochimef.pdf&amp;embedded=true&amp;chrome=false&amp;dov=1\"><img decoding=\"async\" style=\"margin-left: 3px; width: 16px; height: 16px;\" src=\"chrome-extension:\/\/gmpljdlgcdkljlppaekciacdmdlhfeon\/images\/beside-link-icon.svg\"><\/a><\/li>\n<\/ul>","protected":false},"excerpt":{"rendered":"<p>El Movimiento Waynakay (MWy) es una organizaci\u00f3n sin fines de lucro y sin v\u00ednculos pol\u00edticos o religiosos, conformado por residentes de Medicina Familiar y m\u00e9dicos familiares j\u00f3venes, esto es,egresados de hasta 5 a\u00f1os de la especialidad, pertenecientes a la regi\u00f3n de Iberoam\u00e9rica. A nivel local, hist\u00f3ricamente nuestro Directorio ha incorporado a m\u00e9dicos j\u00f3venes, quienes de [&hellip;]<\/p>\n","protected":false},"author":1,"featured_media":0,"parent":0,"menu_order":0,"comment_status":"closed","ping_status":"closed","template":"","meta":{"footnotes":""},"class_list":["post-84","page","type-page","status-publish","hentry"],"_links":{"self":[{"href":"https:\/\/www.medicinafamiliar.cl\/mf\/wordpress\/wp-json\/wp\/v2\/pages\/84","targetHints":{"allow":["GET"]}}],"collection":[{"href":"https:\/\/www.medicinafamiliar.cl\/mf\/wordpress\/wp-json\/wp\/v2\/pages"}],"about":[{"href":"https:\/\/www.medicinafamiliar.cl\/mf\/wordpress\/wp-json\/wp\/v2\/types\/page"}],"author":[{"embeddable":true,"href":"https:\/\/www.medicinafamiliar.cl\/mf\/wordpress\/wp-json\/wp\/v2\/users\/1"}],"replies":[{"embeddable":true,"href":"https:\/\/www.medicinafamiliar.cl\/mf\/wordpress\/wp-json\/wp\/v2\/comments?post=84"}],"version-history":[{"count":12,"href":"https:\/\/www.medicinafamiliar.cl\/mf\/wordpress\/wp-json\/wp\/v2\/pages\/84\/revisions"}],"predecessor-version":[{"id":5308,"href":"https:\/\/www.medicinafamiliar.cl\/mf\/wordpress\/wp-json\/wp\/v2\/pages\/84\/revisions\/5308"}],"wp:attachment":[{"href":"https:\/\/www.medicinafamiliar.cl\/mf\/wordpress\/wp-json\/wp\/v2\/media?parent=84"}],"curies":[{"name":"wp","href":"https:\/\/api.w.org\/{rel}","templated":true}]}}