{"id":78,"date":"2019-12-09T02:48:06","date_gmt":"2019-12-09T05:48:06","guid":{"rendered":"http:\/\/www.medicinafamiliar.cl\/mf\/wordpress\/?page_id=78"},"modified":"2022-01-07T17:25:30","modified_gmt":"2022-01-07T20:25:30","slug":"comite-congreso","status":"publish","type":"page","link":"https:\/\/www.medicinafamiliar.cl\/mf\/wordpress\/comite-congreso\/","title":{"rendered":"Comit\u00e9 Congreso"},"content":{"rendered":"<p><strong><u>LINEAMIENTOS DE TRABAJO EN COMIT\u00c9 CONGRESO<\/u><\/strong><\/p>\n<p><strong>Objetivo general<\/strong>: Posicionar a la Sociedad Chilena de Medicina Familiar dentro del \u00e1mbito m\u00e9dico y del equipo de profesionales de APS como un referente t\u00e9cnico en todas las materias que involucra el quehacer de un M\u00e9dico de Familia, a trav\u00e9s de la organizaci\u00f3n del evento Congreso de Medicina Familiar que se realiza anualmente.<\/p>\n<p><strong>Objetivos espec\u00edficos<\/strong>:<\/p>\n<ul>\n<li>Dise\u00f1ar una Programaci\u00f3n Cient\u00edfica que tenga varios temas de inter\u00e9s para la especialidad<\/li>\n<li>Lograr una buena evaluaci\u00f3n de los asistentes del Congreso tanto en las exposiciones como en los temas log\u00edsticos.<\/li>\n<li>Aumentar el n\u00famero de Asistentes a los Congresos de Medicina Familiar<\/li>\n<li>Lograr solvencia econ\u00f3mica para la realizaci\u00f3n del evento y para la Sociedad Chilena de Medicina Familiar.<\/li>\n<\/ul>\n<p><strong>Actividades a realizar<\/strong>:<\/p>\n<ol>\n<li>Contrataci\u00f3n de productora<\/li>\n<li>Definici\u00f3n de Ciudad<\/li>\n<li>Definici\u00f3n de Sede (Centro de Eventos)\n<ol>\n<li>Definici\u00f3n de salas a usar<\/li>\n<li>Dise\u00f1o de ubicaci\u00f3n de stands y acreditaci\u00f3n<\/li>\n<\/ol>\n<\/li>\n<li>Definici\u00f3n de Lema<\/li>\n<li>Definici\u00f3n de fecha<\/li>\n<li>Definici\u00f3n de valores del evento<\/li>\n<li>Definici\u00f3n de Fechas l\u00edmites para diferencias en valores y para env\u00edo de trabajos libres<\/li>\n<li>Trabajos libres:\n<ol>\n<li>Definici\u00f3n de Bases para Trabajos Libres<\/li>\n<li>Recepci\u00f3n de trabajos Libres<\/li>\n<li>Env\u00edo de trabajos libres y pautas de evaluaci\u00f3n a revisores<\/li>\n<li>Definici\u00f3n de Trabajos seleccionados y env\u00edo de instrucciones para su exposici\u00f3n indicando fecha, hora y sala<\/li>\n<li>Definici\u00f3n de revisores en salas<\/li>\n<li>Definici\u00f3n de trabajos ganadores<\/li>\n<\/ol>\n<\/li>\n<li>Definici\u00f3n de Tem\u00e1ticas a tratar en Congreso y sus expositores\n<ol>\n<li>Definici\u00f3n de Invitados extranjeros<\/li>\n<li>Contacto informal con expositores<\/li>\n<li>Contacto Formal y confirmaci\u00f3n de la participaci\u00f3n de los expositores<\/li>\n<\/ol>\n<\/li>\n<li>Definici\u00f3n de actividades Sociales y sus valores<\/li>\n<li>Definici\u00f3n de lugar de almuerzo para comit\u00e9 Organizador, Directorio e invitados<\/li>\n<li>Difusi\u00f3n:\n<ol>\n<li>Dise\u00f1o del afiche del evento<\/li>\n<li>Impresi\u00f3n de afiche<\/li>\n<li>Env\u00edo de afiche a CESFAM y Servicios de Salud<\/li>\n<li>Definici\u00f3n y creaci\u00f3n de contenidos para ser enviados a p\u00e1gina web y redes sociales para difusi\u00f3n<\/li>\n<\/ol>\n<\/li>\n<li>Financiamiento:\n<ol>\n<li>Solicitud de patrocinios y Auspicios<\/li>\n<li>Definici\u00f3n de valores de stand y simposios para los auspiciadores<\/li>\n<li>Inscripci\u00f3n de Asistentes<\/li>\n<li>Definici\u00f3n de becas en Inscripci\u00f3n<\/li>\n<\/ol>\n<\/li>\n<li>Env\u00edo de Invitaciones a Autoridades a Ceremonia de Apertura<\/li>\n<li>Definici\u00f3n de coordinadores de salas<\/li>\n<li>Definici\u00f3n de Premio a la Trayectoria<\/li>\n<li>Definici\u00f3n de bolso y material a entregar en \u00e9l.<\/li>\n<li>Evaluaci\u00f3n del Congreso\n<ol>\n<li>Dise\u00f1ar encuesta<\/li>\n<li>Enviar encuesta a asistentes del Congreso<\/li>\n<li>Analizar resultados<\/li>\n<\/ol>\n<\/li>\n<\/ol>\n<p><strong>Metodolog\u00eda<\/strong>: Reuniones mensuales en lugar por definir, con posibilidad de conectarse a ella por skype. En el mes anterior al evento, esta frecuencia puede aumentar.<\/p>\n<p><strong>Conceptos Claves<\/strong>:<\/p>\n<p>Comit\u00e9 de Congreso: estar\u00e1 conformado oficialmente\u00a0 por socios activos (con cuotas al d\u00eda) y que hayan participado en al menos el 60% de la reuniones agendadas. Los miembros que trabajan en los comit\u00e9s y que no cumplan con la figura de socios activos o que no hayan participado en m\u00e1s del 60% de las reuniones ser\u00e1n considerados \u201ccolaboradores\u201d. Todos ellos conformar\u00e1n en equipo de trabajo que llevar\u00e1 a cabo los objetivos y actividades anteriormente planteados.<\/p>\n<p>Este Comit\u00e9 estar\u00e1 Presidido por un miembro que al menos tenga 2 a\u00f1os de experiencia en el Comit\u00e9 y cumplir\u00e1 su rol por 2 a\u00f1os consecutivos. Sus funciones son:<\/p>\n<ul>\n<li>Liderar el equipo y motivarlo al trabajo<\/li>\n<li>Velar porque los objetivos del Comit\u00e9 se cumplan<\/li>\n<li>Representar al Comit\u00e9 en las instancias que el Directorio lo solicite (por ejemplo, en reuniones ampliadas)<\/li>\n<li>Estar disponible para responder a dudas que pueden surgir del Comit\u00e9, Directorio o Productora<\/li>\n<li>Tomar decisiones en momentos en que hay que tomarlas r\u00e1pido.<\/li>\n<\/ul>\n<p>Tambi\u00e9n existir\u00e1 un Vicepresidente que asumir\u00e1 el segundo a\u00f1o del per\u00edodo de la Presidencia y que despu\u00e9s ser\u00e1 quien asuma el rol de Presidente en el per\u00edodo que sigue. Su rol ser\u00e1 apoyar al Presidente en todas las actividades de \u00e9l y estar al tanto de toda la organizaci\u00f3n del evento, de tal manera que aprenda todos los aspectos que implica la organizaci\u00f3n de un Congreso.<\/p>\n<p>Coordinadora: <strong>Dra. \u00a0Macarena Moral L\u00f3pez<\/strong><\/p>\n<p>Sitio web congreso:<span style=\"color: #333399;\"> <strong><a style=\"color: #333399;\" href=\"http:\/\/congresomedicinafamiliar.cl\/mf\/\" target=\"_blank\" rel=\"noopener noreferrer\">http:\/\/congresomedicinafamiliar.cl\/mf\/<\/a><\/strong><\/span><\/p>\n","protected":false},"excerpt":{"rendered":"<p>LINEAMIENTOS DE TRABAJO EN COMIT\u00c9 CONGRESO Objetivo general: Posicionar a la Sociedad Chilena de Medicina Familiar dentro del \u00e1mbito m\u00e9dico y del equipo de profesionales de APS como un referente t\u00e9cnico en todas las materias que involucra el quehacer de un M\u00e9dico de Familia, a trav\u00e9s de la organizaci\u00f3n del evento Congreso de Medicina Familiar [&hellip;]<\/p>\n","protected":false},"author":1,"featured_media":0,"parent":0,"menu_order":0,"comment_status":"closed","ping_status":"closed","template":"","meta":{"footnotes":""},"class_list":["post-78","page","type-page","status-publish","hentry"],"_links":{"self":[{"href":"https:\/\/www.medicinafamiliar.cl\/mf\/wordpress\/wp-json\/wp\/v2\/pages\/78","targetHints":{"allow":["GET"]}}],"collection":[{"href":"https:\/\/www.medicinafamiliar.cl\/mf\/wordpress\/wp-json\/wp\/v2\/pages"}],"about":[{"href":"https:\/\/www.medicinafamiliar.cl\/mf\/wordpress\/wp-json\/wp\/v2\/types\/page"}],"author":[{"embeddable":true,"href":"https:\/\/www.medicinafamiliar.cl\/mf\/wordpress\/wp-json\/wp\/v2\/users\/1"}],"replies":[{"embeddable":true,"href":"https:\/\/www.medicinafamiliar.cl\/mf\/wordpress\/wp-json\/wp\/v2\/comments?post=78"}],"version-history":[{"count":3,"href":"https:\/\/www.medicinafamiliar.cl\/mf\/wordpress\/wp-json\/wp\/v2\/pages\/78\/revisions"}],"predecessor-version":[{"id":2625,"href":"https:\/\/www.medicinafamiliar.cl\/mf\/wordpress\/wp-json\/wp\/v2\/pages\/78\/revisions\/2625"}],"wp:attachment":[{"href":"https:\/\/www.medicinafamiliar.cl\/mf\/wordpress\/wp-json\/wp\/v2\/media?parent=78"}],"curies":[{"name":"wp","href":"https:\/\/api.w.org\/{rel}","templated":true}]}}