{"id":5456,"date":"2026-04-12T21:19:11","date_gmt":"2026-04-13T01:19:11","guid":{"rendered":"https:\/\/www.medicinafamiliar.cl\/mf\/wordpress\/?page_id=5456"},"modified":"2026-04-12T23:01:12","modified_gmt":"2026-04-13T03:01:12","slug":"curso-modelo-de-atencion-integral-de-salud-mais","status":"publish","type":"page","link":"https:\/\/www.medicinafamiliar.cl\/mf\/wordpress\/curso-modelo-de-atencion-integral-de-salud-mais\/","title":{"rendered":"Curso Modelo de Atenci\u00f3n Integral de Salud (MAIS)"},"content":{"rendered":"\n<figure class=\"wp-block-image size-large is-resized\"><img loading=\"lazy\" decoding=\"async\" width=\"1024\" height=\"449\" src=\"http:\/\/www.medicinafamiliar.cl\/mf\/wordpress\/wp-content\/uploads\/2026\/04\/image-1024x449.png\" alt=\"\" class=\"wp-image-5434\" style=\"aspect-ratio:2.280701754385965;object-fit:contain;width:400px\" srcset=\"https:\/\/www.medicinafamiliar.cl\/mf\/wordpress\/wp-content\/uploads\/2026\/04\/image-1024x449.png 1024w, https:\/\/www.medicinafamiliar.cl\/mf\/wordpress\/wp-content\/uploads\/2026\/04\/image-300x131.png 300w, https:\/\/www.medicinafamiliar.cl\/mf\/wordpress\/wp-content\/uploads\/2026\/04\/image-768x337.png 768w, https:\/\/www.medicinafamiliar.cl\/mf\/wordpress\/wp-content\/uploads\/2026\/04\/image-1536x673.png 1536w, https:\/\/www.medicinafamiliar.cl\/mf\/wordpress\/wp-content\/uploads\/2026\/04\/image-370x162.png 370w, https:\/\/www.medicinafamiliar.cl\/mf\/wordpress\/wp-content\/uploads\/2026\/04\/image-270x118.png 270w, https:\/\/www.medicinafamiliar.cl\/mf\/wordpress\/wp-content\/uploads\/2026\/04\/image-570x250.png 570w, https:\/\/www.medicinafamiliar.cl\/mf\/wordpress\/wp-content\/uploads\/2026\/04\/image-740x324.png 740w, https:\/\/www.medicinafamiliar.cl\/mf\/wordpress\/wp-content\/uploads\/2026\/04\/image.png 1538w\" sizes=\"auto, (max-width: 1024px) 100vw, 1024px\" \/><\/figure>\n\n\n\n<ul class=\"wp-block-list\">\n<li>\ud83d\udcc5Fechas: 04 de mayo al 21 de junio de 2026<\/li>\n\n\n\n<li>\ud83d\udd52 Duraci\u00f3n: 31 horas cronol\u00f3gicas<\/li>\n\n\n\n<li>\ud83d\udcbbModalidad: e-learning asincr\u00f3nica con talleres sincr\u00f3nicos<\/li>\n<\/ul>\n\n\n\n<p><a href=\"https:\/\/docs.google.com\/forms\/d\/e\/1FAIpQLSflSxgbQ2EsWCMZfMD6vUzvTQErQON70fy8dKtd4Qngxh_lTA\/viewform?usp=dialog\">Inscr\u00edbete aqu\u00ed<br><\/a><a href=\"https:\/\/docs.google.com\/document\/d\/1rjJeko_X8Ci9hIk0UJ9OHhF5nToVvgNe\/edit?usp=sharing&amp;ouid=101609572601160314507&amp;rtpof=true&amp;sd=true\" data-type=\"link\" data-id=\"https:\/\/docs.google.com\/document\/d\/1rjJeko_X8Ci9hIk0UJ9OHhF5nToVvgNe\/edit?usp=sharing&amp;ouid=101609572601160314507&amp;rtpof=true&amp;sd=true\">Programa del curso<\/a><\/p>\n\n\n\n<p>Curso e-learning para profesionales y equipos de atenci\u00f3n primaria de salud interesados en fortalecer su comprensi\u00f3n y aplicaci\u00f3n del MAIS en el contexto de la APS. La propuesta formativa integra estudio aut\u00f3nomo, foros, talleres grupales virtuales y recursos dise\u00f1ados para acompa\u00f1ar el aprendizaje de manera progresiva y aplicada.<\/p>\n\n\n\n<p>Entre sus contenidos destacados se incluyen:<\/p>\n\n\n\n<ul class=\"wp-block-list\">\n<li>Introducci\u00f3n al MAIS: fundamentos y evoluci\u00f3n<\/li>\n\n\n\n<li>Implementaci\u00f3n del MAIS: conceptualizaci\u00f3n y marco legal<\/li>\n\n\n\n<li>Gesti\u00f3n del MAIS: organizaci\u00f3n, planificaci\u00f3n y supervisi\u00f3n<\/li>\n\n\n\n<li>Promoci\u00f3n y prevenci\u00f3n en salud<\/li>\n\n\n\n<li>Participaci\u00f3n social en salud<\/li>\n\n\n\n<li>Trabajo con familias en el MAIS<\/li>\n\n\n\n<li>Herramientas para la implementaci\u00f3n<\/li>\n<\/ul>\n\n\n\n<h2 class=\"wp-block-heading has-gridlove-highlight-bg-color has-text-color has-link-color wp-elements-302076999905179786db781a7445c621\">Calendarizaci\u00f3n de actividades<\/h2>\n\n\n\n<ul class=\"wp-block-list\">\n<li><strong>Semana del 04 al 10 de mayo<\/strong>: Apertura del foro de discusi\u00f3n sobre el m\u00f3dulo &#8220;Implementaci\u00f3n del MAIS&#8221;.<\/li>\n\n\n\n<li><strong>Martes 12 de mayo, de 19:00 a 21:00 horas<\/strong>: Taller sincr\u00f3nico online sobre el m\u00f3dulo &#8220;Gesti\u00f3n del MAIS&#8221;.<\/li>\n\n\n\n<li><strong>Martes 26 de mayo, de 19:00 a 21:00 horas<\/strong>: Taller sincr\u00f3nico online sobre el m\u00f3dulo &#8220;Promoci\u00f3n y prevenci\u00f3n en salud&#8221;.<\/li>\n\n\n\n<li><strong>Semana del 01 al 07 de junio<\/strong>: Apertura del foro de discusi\u00f3n sobre el m\u00f3dulo &#8220;Participaci\u00f3n Social&#8221;.<\/li>\n\n\n\n<li><strong>Martes 02 de junio, de 19:00 a 21:00 horas:<\/strong> Taller sincr\u00f3nico online sobre el m\u00f3dulo &#8220;Trabajo con Familias en el MAIS&#8221;.<\/li>\n\n\n\n<li><strong>Martes 09 de junio, de 19:00 a 21:00 horas<\/strong>: Taller sincr\u00f3nico online sobre el m\u00f3dulo &#8220;Herramientas para la implementaci\u00f3n del MAIS&#8221;.<\/li>\n\n\n\n<li><strong>Semana del 15 al 21 de junio<\/strong>: Prueba selecci\u00f3n m\u00faltiple<\/li>\n<\/ul>\n","protected":false},"excerpt":{"rendered":"<p>Inscr\u00edbete aqu\u00edPrograma del curso Curso e-learning para profesionales y equipos de atenci\u00f3n primaria de salud interesados en fortalecer su comprensi\u00f3n y aplicaci\u00f3n del MAIS en el contexto de la APS. La propuesta formativa integra estudio aut\u00f3nomo, foros, talleres grupales virtuales y recursos dise\u00f1ados para acompa\u00f1ar el aprendizaje de manera progresiva y aplicada. Entre sus contenidos [&hellip;]<\/p>\n","protected":false},"author":1,"featured_media":0,"parent":0,"menu_order":0,"comment_status":"closed","ping_status":"closed","template":"template-full-width.php","meta":{"footnotes":""},"class_list":["post-5456","page","type-page","status-publish","hentry"],"_links":{"self":[{"href":"https:\/\/www.medicinafamiliar.cl\/mf\/wordpress\/wp-json\/wp\/v2\/pages\/5456","targetHints":{"allow":["GET"]}}],"collection":[{"href":"https:\/\/www.medicinafamiliar.cl\/mf\/wordpress\/wp-json\/wp\/v2\/pages"}],"about":[{"href":"https:\/\/www.medicinafamiliar.cl\/mf\/wordpress\/wp-json\/wp\/v2\/types\/page"}],"author":[{"embeddable":true,"href":"https:\/\/www.medicinafamiliar.cl\/mf\/wordpress\/wp-json\/wp\/v2\/users\/1"}],"replies":[{"embeddable":true,"href":"https:\/\/www.medicinafamiliar.cl\/mf\/wordpress\/wp-json\/wp\/v2\/comments?post=5456"}],"version-history":[{"count":5,"href":"https:\/\/www.medicinafamiliar.cl\/mf\/wordpress\/wp-json\/wp\/v2\/pages\/5456\/revisions"}],"predecessor-version":[{"id":5472,"href":"https:\/\/www.medicinafamiliar.cl\/mf\/wordpress\/wp-json\/wp\/v2\/pages\/5456\/revisions\/5472"}],"wp:attachment":[{"href":"https:\/\/www.medicinafamiliar.cl\/mf\/wordpress\/wp-json\/wp\/v2\/media?parent=5456"}],"curies":[{"name":"wp","href":"https:\/\/api.w.org\/{rel}","templated":true}]}}