{"id":5426,"date":"2026-04-11T04:12:40","date_gmt":"2026-04-11T08:12:40","guid":{"rendered":"https:\/\/www.medicinafamiliar.cl\/mf\/wordpress\/?page_id=5426"},"modified":"2026-04-12T22:59:47","modified_gmt":"2026-04-13T02:59:47","slug":"implementacion-de-la-ecicep-para-gestores","status":"publish","type":"page","link":"https:\/\/www.medicinafamiliar.cl\/mf\/wordpress\/implementacion-de-la-ecicep-para-gestores\/","title":{"rendered":"Curso Implementaci\u00f3n de la ECICEP para gestores 2026"},"content":{"rendered":"\n<figure class=\"wp-block-image size-full is-resized\"><img loading=\"lazy\" decoding=\"async\" width=\"875\" height=\"416\" src=\"https:\/\/www.medicinafamiliar.cl\/mf\/wordpress\/wp-content\/uploads\/2026\/04\/image-1.png\" alt=\"\" class=\"wp-image-5442\" style=\"aspect-ratio:2.103453506598574;width:441px;height:auto\" srcset=\"https:\/\/www.medicinafamiliar.cl\/mf\/wordpress\/wp-content\/uploads\/2026\/04\/image-1.png 875w, https:\/\/www.medicinafamiliar.cl\/mf\/wordpress\/wp-content\/uploads\/2026\/04\/image-1-300x143.png 300w, https:\/\/www.medicinafamiliar.cl\/mf\/wordpress\/wp-content\/uploads\/2026\/04\/image-1-768x365.png 768w, https:\/\/www.medicinafamiliar.cl\/mf\/wordpress\/wp-content\/uploads\/2026\/04\/image-1-370x176.png 370w, https:\/\/www.medicinafamiliar.cl\/mf\/wordpress\/wp-content\/uploads\/2026\/04\/image-1-270x128.png 270w, https:\/\/www.medicinafamiliar.cl\/mf\/wordpress\/wp-content\/uploads\/2026\/04\/image-1-570x271.png 570w, https:\/\/www.medicinafamiliar.cl\/mf\/wordpress\/wp-content\/uploads\/2026\/04\/image-1-740x352.png 740w\" sizes=\"auto, (max-width: 875px) 100vw, 875px\" \/><\/figure>\n\n\n\n<p>\ud83d\udcc5 Fechas: 04-05-2026 al 07-07-2026<br>\ud83d\udd52 Duraci\u00f3n: 60 horas cronol\u00f3gicas<br>\ud83d\udcbb Modalidad: e-learning asincr\u00f3nica, con talleres sincr\u00f3nicos<\/p>\n\n\n\n<p><a href=\"https:\/\/docs.google.com\/forms\/d\/e\/1FAIpQLSfN2Q3iWURgrUDTd3HApq22dxTF4rb4mC2BunzyNWC-IJdYbg\/viewform?usp=header\" data-type=\"link\" data-id=\"https:\/\/docs.google.com\/forms\/d\/e\/1FAIpQLSfN2Q3iWURgrUDTd3HApq22dxTF4rb4mC2BunzyNWC-IJdYbg\/viewform?usp=header\">Inscr\u00edbete aqu\u00ed<\/a><br><a href=\"https:\/\/docs.google.com\/document\/d\/1Qyl3fUGmixdFRV800swx-oBhSsGb-fmi\/edit?usp=sharing&amp;ouid=101609572601160314507&amp;rtpof=true&amp;sd=true\">Programa del curso<\/a><\/p>\n\n\n\n<p>SOCHIMEF invita a profesionales y equipos de atenci\u00f3n primaria de salud a participar del curso <em>Implementaci\u00f3n de la ECICEP para gestores<\/em>, orientado al desarrollo de competencias para planificar, implementar y evaluar esta estrategia en distintos contextos de gesti\u00f3n y atenci\u00f3n.<\/p>\n\n\n\n<p>El curso contempla actividades de estudio aut\u00f3nomo, talleres y evaluaciones formativas y sumativas. Su dise\u00f1o aborda contenidos fundamentales para la implementaci\u00f3n de la ECICEP, incluyendo gobernanza, APS Universal, gesti\u00f3n del cambio, estrategias de negociaci\u00f3n, atenci\u00f3n centrada en la persona, enfoque de g\u00e9nero, interculturalidad, bio\u00e9tica, estratificaci\u00f3n seg\u00fan riesgo, programaci\u00f3n operativa y evaluaci\u00f3n de procesos.<\/p>\n\n\n\n<p>Esta instancia formativa est\u00e1 pensada para fortalecer el rol de quienes participan en procesos de implementaci\u00f3n en APS y\/o Servicios de Salud, promoviendo una mirada integral, centrada en las personas, familias y comunidades.<\/p>\n\n\n\n<p><\/p>\n","protected":false},"excerpt":{"rendered":"<p>\ud83d\udcc5 Fechas: 04-05-2026 al 07-07-2026\ud83d\udd52 Duraci\u00f3n: 60 horas cronol\u00f3gicas\ud83d\udcbb Modalidad: e-learning asincr\u00f3nica, con talleres sincr\u00f3nicos Inscr\u00edbete aqu\u00edPrograma del curso SOCHIMEF invita a profesionales y equipos de atenci\u00f3n primaria de salud a participar del curso Implementaci\u00f3n de la ECICEP para gestores, orientado al desarrollo de competencias para planificar, implementar y evaluar esta estrategia en distintos contextos [&hellip;]<\/p>\n","protected":false},"author":1,"featured_media":0,"parent":0,"menu_order":0,"comment_status":"closed","ping_status":"closed","template":"template-full-width.php","meta":{"footnotes":""},"class_list":["post-5426","page","type-page","status-publish","hentry"],"_links":{"self":[{"href":"https:\/\/www.medicinafamiliar.cl\/mf\/wordpress\/wp-json\/wp\/v2\/pages\/5426","targetHints":{"allow":["GET"]}}],"collection":[{"href":"https:\/\/www.medicinafamiliar.cl\/mf\/wordpress\/wp-json\/wp\/v2\/pages"}],"about":[{"href":"https:\/\/www.medicinafamiliar.cl\/mf\/wordpress\/wp-json\/wp\/v2\/types\/page"}],"author":[{"embeddable":true,"href":"https:\/\/www.medicinafamiliar.cl\/mf\/wordpress\/wp-json\/wp\/v2\/users\/1"}],"replies":[{"embeddable":true,"href":"https:\/\/www.medicinafamiliar.cl\/mf\/wordpress\/wp-json\/wp\/v2\/comments?post=5426"}],"version-history":[{"count":12,"href":"https:\/\/www.medicinafamiliar.cl\/mf\/wordpress\/wp-json\/wp\/v2\/pages\/5426\/revisions"}],"predecessor-version":[{"id":5469,"href":"https:\/\/www.medicinafamiliar.cl\/mf\/wordpress\/wp-json\/wp\/v2\/pages\/5426\/revisions\/5469"}],"wp:attachment":[{"href":"https:\/\/www.medicinafamiliar.cl\/mf\/wordpress\/wp-json\/wp\/v2\/media?parent=5426"}],"curies":[{"name":"wp","href":"https:\/\/api.w.org\/{rel}","templated":true}]}}