{"id":5242,"date":"2025-09-05T11:49:25","date_gmt":"2025-09-05T15:49:25","guid":{"rendered":"https:\/\/www.medicinafamiliar.cl\/mf\/wordpress\/?page_id=5242"},"modified":"2025-09-09T15:38:02","modified_gmt":"2025-09-09T19:38:02","slug":"curso-cuidados-paliativos-version-intermedia","status":"publish","type":"page","link":"https:\/\/www.medicinafamiliar.cl\/mf\/wordpress\/curso-cuidados-paliativos-version-intermedia\/","title":{"rendered":"Curso: Cuidados Paliativos Nivel Intermedio"},"content":{"rendered":"<p><strong>Inicio:<\/strong>\u00a006 de octubre de 2025 |\u00a0\u00a0<strong>Duraci\u00f3n:<\/strong>\u00a060 horas cronol\u00f3gicas<\/p>\n<p><strong>Modalidad:<\/strong>\u00a0Online<\/p>\n<p><strong>\u00a0La\u00a0Sociedad de Medicina Familiar\u00a0presenta este curso modular dise\u00f1ado para\u00a0fortalecer conocimientos y competencias en cuidados paliativos, con un enfoque integral y multidisciplinario. Hoy presentamos el curso nivel intermedio, que busca potenciar los conocimientos ya adquiridos y potenciar el abordaje de usuarios y familias con necesidades paliativas. <\/strong><\/p>\n<p><strong>\u00a0\u00bfA qui\u00e9n est\u00e1 dirigido?<br \/>\n<\/strong>M\u00e9dicas y m\u00e9dicos de familia \u00a0Residentes de Medicina Familiar \u00a0Profesionales de salud del nivel primario Internos e internas de Medicina \u00a0Estudiantes de carreras de la salud Profesionales interesados en la atenci\u00f3n paliativa.<\/p>\n<p><strong>\u00a0Estructura del Curso<\/strong><\/p>\n<p><strong>\u00a0Tres niveles de formaci\u00f3n:<\/strong>\u00a0<strong>B\u00e1sico, Intermedio y Avanzado<br \/>\n<\/strong>\u00a0<strong>M\u00f3dulos principales (de los 3 cursos):<br \/>\n<\/strong>\u00a0Bases conceptuales de los cuidados paliativos<br \/>\nAbordaje de s\u00edntomas m\u00e1s comunes.<br \/>\nOrganizaci\u00f3n, gesti\u00f3n y trabajo en equipo<br \/>\nEl equipo interdisciplinario en cuidados paliativos.<br \/>\nSituaci\u00f3n de \u00faltimos d\u00edas de vida.<br \/>\nMedicina integrativa, espiritualidad y estilos de vida.<br \/>\nCuidados paliativos oncol\u00f3gicos<\/p>\n<p>Cuidados paliativos no\u00a0 oncol\u00f3gicos<br \/>\nUrgencias en cuidados paliativos.<br \/>\nDilemas bio\u00e9ticos.<br \/>\nFamilia, comunidad y comunicaci\u00f3n<\/p>\n<p><strong>Metodolog\u00eda:<\/strong>\u00a0Formato\u00a0<strong>flexible y accesible<\/strong>, combinando\u00a0<strong>clases te\u00f3ricas, estudios de caso y aplicaci\u00f3n pr\u00e1ctica<\/strong>\u00a0con un enfoque interdisciplinario.<\/p>\n<p><strong>\u00a0Fechas Importantes<\/strong><\/p>\n<p><strong>Inicio del Curso Intermedio:<\/strong>\u00a006 de octubre de 2025<br \/>\n<strong>T\u00e9rmino:<\/strong>\u00a021 de diciembre de 2025<br \/>\n<strong>Duraci\u00f3n:\u00a0<\/strong>11 semanas<\/p>\n<div><strong>Fechas de los talleres sincr\u00f3nicos<\/strong><\/div>\n<div>&#8211; 15 de noviembre<\/div>\n<div>&#8211; 13 de diciembre<\/div>\n<div>&#8211; 20 de diciembre<\/p>\n<\/div>\n<p><strong>Programa del curso:\u00a0<a href=\"http:\/\/www.medicinafamiliar.cl\/mf\/wordpress\/wp-content\/uploads\/2025\/09\/programa-curso-cuidados-paliativos-intermedio-2025-2.pdf\" target=\"_blank\" rel=\"noopener\">Aqu\u00ed<\/a>.<br \/>\nInscripciones:\u00a0A trav\u00e9s de\u00a0<a href=\"https:\/\/docs.google.com\/forms\/d\/1PwnTPRxZ5qjjRuVNdloju31HAnN4F7FN-SlvNv3ITJg\/edit\" target=\"_blank\" rel=\"noopener\">formulario de inscripci\u00f3n<\/a><\/strong><\/p>\n<p>Importante: No es requisito haber realizado el curso nivel b\u00e1sico para realizar este curso.<\/p>\n<p><strong>\u00a0Valores del Curso B\u00e1sico<\/strong><\/p>\n<p>Venta a estudiantes que realizaron Curso B\u00e1sico 2025<\/p>\n<ul>\n<li>Socios Sochimef $40.000.-<\/li>\n<li>Residentes Medicina Familiar $50.000.-<\/li>\n<li>M\u00e9dicos no socios $ 60.000.-<\/li>\n<li>Otros Profesionales $ 50.000.-<\/li>\n<li>Estudiantes $40.000.-<\/li>\n<\/ul>\n<p>Venta temprana (desde el 08 septiembre hasta 21 de septiembre)<\/p>\n<ul>\n<li>Socios Sochimef $50.000.-<\/li>\n<li>Residentes Medicina Familiar $60.000.-<\/li>\n<li>M\u00e9dicos no socios $ 70.000.-<\/li>\n<li>Otros Profesionales $ 60.000.-<\/li>\n<li>Estudiantes $50.000.-<\/li>\n<\/ul>\n<p>Venta tard\u00eda (desde el 22 de septiembre hasta 03 de octubre)<\/p>\n<ul>\n<li>Socio Sochimef $90.000.-<\/li>\n<li>Residentes no socios $100.000.-<\/li>\n<li>M\u00e9dicos no socios $ 110.000.-<\/li>\n<li>Otros Profesionales $ 100.000.-<\/li>\n<li>Estudiantes $100.000.-<\/li>\n<\/ul>\n","protected":false},"excerpt":{"rendered":"<p>Inicio:\u00a006 de octubre de 2025 |\u00a0\u00a0Duraci\u00f3n:\u00a060 horas cronol\u00f3gicas Modalidad:\u00a0Online \u00a0La\u00a0Sociedad de Medicina Familiar\u00a0presenta este curso modular dise\u00f1ado para\u00a0fortalecer conocimientos y competencias en cuidados paliativos, con un enfoque integral y multidisciplinario. Hoy presentamos el curso nivel intermedio, que busca potenciar los conocimientos ya adquiridos y potenciar el abordaje de usuarios y familias con necesidades paliativas. \u00a0\u00bfA [&hellip;]<\/p>\n","protected":false},"author":1,"featured_media":5246,"parent":0,"menu_order":0,"comment_status":"closed","ping_status":"closed","template":"","meta":{"footnotes":""},"class_list":["post-5242","page","type-page","status-publish","has-post-thumbnail","hentry"],"_links":{"self":[{"href":"https:\/\/www.medicinafamiliar.cl\/mf\/wordpress\/wp-json\/wp\/v2\/pages\/5242","targetHints":{"allow":["GET"]}}],"collection":[{"href":"https:\/\/www.medicinafamiliar.cl\/mf\/wordpress\/wp-json\/wp\/v2\/pages"}],"about":[{"href":"https:\/\/www.medicinafamiliar.cl\/mf\/wordpress\/wp-json\/wp\/v2\/types\/page"}],"author":[{"embeddable":true,"href":"https:\/\/www.medicinafamiliar.cl\/mf\/wordpress\/wp-json\/wp\/v2\/users\/1"}],"replies":[{"embeddable":true,"href":"https:\/\/www.medicinafamiliar.cl\/mf\/wordpress\/wp-json\/wp\/v2\/comments?post=5242"}],"version-history":[{"count":4,"href":"https:\/\/www.medicinafamiliar.cl\/mf\/wordpress\/wp-json\/wp\/v2\/pages\/5242\/revisions"}],"predecessor-version":[{"id":5265,"href":"https:\/\/www.medicinafamiliar.cl\/mf\/wordpress\/wp-json\/wp\/v2\/pages\/5242\/revisions\/5265"}],"wp:featuredmedia":[{"embeddable":true,"href":"https:\/\/www.medicinafamiliar.cl\/mf\/wordpress\/wp-json\/wp\/v2\/media\/5246"}],"wp:attachment":[{"href":"https:\/\/www.medicinafamiliar.cl\/mf\/wordpress\/wp-json\/wp\/v2\/media?parent=5242"}],"curies":[{"name":"wp","href":"https:\/\/api.w.org\/{rel}","templated":true}]}}