{"id":5151,"date":"2025-08-14T18:53:19","date_gmt":"2025-08-14T22:53:19","guid":{"rendered":"https:\/\/www.medicinafamiliar.cl\/mf\/wordpress\/?page_id=5151"},"modified":"2025-09-14T23:02:52","modified_gmt":"2025-09-15T03:02:52","slug":"toma-de-decisiones-compartidas-automanejo-y-planes-consensuados-en-la-atencion-del-paciente-con-multimorbilidad-cronica-en-aps","status":"publish","type":"page","link":"https:\/\/www.medicinafamiliar.cl\/mf\/wordpress\/cursos-sochimef-2025\/toma-de-decisiones-compartidas-automanejo-y-planes-consensuados-en-la-atencion-del-paciente-con-multimorbilidad-cronica-en-aps\/","title":{"rendered":"Curso: Toma de decisiones compartidas, automanejo y planes consensuados en la atenci\u00f3n del paciente con multimorbilidad cr\u00f3nica en APS"},"content":{"rendered":"\n<figure class=\"wp-block-image size-large is-resized\"><img loading=\"lazy\" decoding=\"async\" src=\"https:\/\/www.medicinafamiliar.cl\/mf\/wordpress\/wp-content\/uploads\/2025\/08\/image-1024x559.png\" alt=\"\" class=\"wp-image-5190\" width=\"467\" height=\"254\"\/><\/figure>\n\n\n<p><strong>Organiza:<\/strong> Sociedad Chilena de Medicina Familiar (SOCHIMEF) <br \/><strong>Modalidad:<\/strong> 100% online (actividades asincr\u00f3nicas y sesiones sincr\u00f3nicas con pacientes simulados y retroalimentaci\u00f3n)<br \/><strong>Modalidad presencial opcional:<\/strong> disponibilidad sujeta a n\u00famero de interesados, regi\u00f3n, horario y condiciones a convenir. <br \/><strong>Consultas<\/strong> <strong>a<\/strong> educacion@medicinafamiliar.cl <br \/><strong>Duraci\u00f3n:<\/strong> 32 horas pedag\u00f3gicas (24 cronol\u00f3gicas) <br \/><strong>Fechas y horarios de actividades sincr\u00f3nicas:<\/strong> el\/la participante puede inscribirse a las actividades sincr\u00f3nicas individuales y grupales que estar\u00e1n disponibles desde el 22 de septiembre, lunes, martes y jueves entre 19:00 y 21:00 horas. Cursos institucionales: fechas acordadas con la instituci\u00f3n solicitante.<br \/><strong>Plataformas:<\/strong> Moodle y Zoom<br \/><strong>Programa del curso<\/strong>: acceder <a href=\"http:\/\/www.medicinafamiliar.cl\/mf\/wordpress\/wp-content\/uploads\/2025\/09\/Programa-curso-TDC-2025.pdf\">aqu\u00ed<\/a>.<br \/><strong>Inscripci\u00f3n y valores:<\/strong> <a href=\"https:\/\/docs.google.com\/forms\/d\/e\/1FAIpQLScIt4SuWR-JToTisOg0IqbI1_W2jaUk-ShlJxyV4rZiJbzRyg\/viewform\" target=\"_blank\" rel=\"noopener\">en Formulario de Inscripci\u00f3n<\/a><\/p>\n<hr \/>\n<p><strong>Descripci\u00f3n<br \/><\/strong>Este curso entrega herramientas pr\u00e1cticas y te\u00f3ricas para mejorar la atenci\u00f3n de personas con multimorbilidad cr\u00f3nica en Atenci\u00f3n Primaria, aplicando la <strong>toma de decisiones compartidas (TDC)<\/strong>, el <strong>automanejo<\/strong> y la <strong>planificaci\u00f3n consensuada<\/strong>. A trav\u00e9s de simulaciones <strong>cl\u00ednicas<\/strong>, <strong>talleres de rol<\/strong> y <strong>foros reflexivos<\/strong>, podr\u00e1s consolidar habilidades comunicacionales, cl\u00ednicas y de planificaci\u00f3n centrada en la persona, apoyado por docentes expertos en APS y medicina familiar.<\/p>\n<hr \/>\n<p><strong>Dirigido a<\/strong><br \/>Profesionales de la salud que trabajen en la atenci\u00f3n de personas con multimorbilidad cr\u00f3nica en Atenci\u00f3n Primaria.<\/p>\n<hr \/>\n<p><strong>Equipo Docente<\/strong><\/p>\n<p><strong>Patricio Thieme Villegas<\/strong><br \/>M\u00e9dico de Familia de la Universidad de Valpara\u00edso. M\u00e9dico general de la Universidad de Chile. Diplomados en Educaci\u00f3n para profesionales de la Salud, Filosof\u00eda de la Ciencia, menci\u00f3n filosof\u00eda de las ciencias cognitivas y Gesti\u00f3n y Planificaci\u00f3n Estrat\u00e9gica. Ejerce la docencia en Universidad de Valpara\u00edso desde 2019, realizando principalmente actividades de simulaci\u00f3n de entrevista m\u00e9dica en el contexto de APS y salud mental.<\/p>\n<p><strong>Javier Espinal Pontigo<\/strong><br \/>M\u00e9dico de Familia, Universidad de Valpara\u00edso. M\u00e9dico general de la Universidad de Chile. Diplomado en gesti\u00f3n en salud. 8 a\u00f1os de experiencia de trabajo en APS en distintos centros asistenciales de la comuna de Vi\u00f1a del Mar. Es docente en la especialidad de Medicina Familiar de la Universidad de Valpara\u00edso.<\/p>\n<p><strong>Sebasti\u00e1n Fuentes H\u00fcltse<\/strong><br \/>M\u00e9dico de Familia, Universidad de Valpara\u00edso. Docente en la carrera de medicina y especialidad de medicina familiar, Universidad de Valpara\u00edso.<\/p>\n<hr \/>\n<p><strong>Aprendizajes esperados:<\/strong><\/p>\n<p>Al finalizar, podr\u00e1s:<\/p>\n<ul>\n<li data-start=\"59\" data-end=\"300\"><strong data-start=\"61\" data-end=\"115\">Demostrar habilidades de TDC con paciente simulado<\/strong>\n<ul data-start=\"120\" data-end=\"300\">\n<li data-start=\"120\" data-end=\"210\">C\u00f3mo lo aprender\u00e1s: Entrevista de diagn\u00f3stico con actor y retroalimentaci\u00f3n sincr\u00f3nica<\/li>\n<li data-start=\"213\" data-end=\"300\">Evaluaci\u00f3n: Evaluaci\u00f3n diagn\u00f3stica con pautas de paciente, docente y autoevaluaci\u00f3n<\/li>\n<\/ul>\n<\/li>\n<li data-start=\"302\" data-end=\"581\"><strong data-start=\"304\" data-end=\"455\">Identificar conceptos clave: retroalimentaci\u00f3n, debriefing, TDC, automanejo, MCCP, encuadre, agenda conjunta, objetivos terap\u00e9uticos, plan y cierre<\/strong>\n<ul data-start=\"460\" data-end=\"581\">\n<li data-start=\"460\" data-end=\"527\">C\u00f3mo lo aprender\u00e1s: Lecturas y recursos multimedia asincr\u00f3nicos<\/li>\n<li data-start=\"530\" data-end=\"581\">Evaluaci\u00f3n: Pruebas te\u00f3ricas de opci\u00f3n m\u00faltiple<\/li>\n<\/ul>\n<\/li>\n<li data-start=\"583\" data-end=\"729\"><strong data-start=\"585\" data-end=\"631\">Reflexionar sobre el desempe\u00f1o en TDC-MCCP<\/strong>\n<ul data-start=\"636\" data-end=\"729\">\n<li data-start=\"636\" data-end=\"683\">C\u00f3mo lo aprender\u00e1s: Foro de an\u00e1lisis guiado<\/li>\n<li data-start=\"686\" data-end=\"729\">Evaluaci\u00f3n: Pauta de evaluaci\u00f3n docente<\/li>\n<\/ul>\n<\/li>\n<li data-start=\"731\" data-end=\"905\"><strong data-start=\"733\" data-end=\"797\">Practicar TDC en grupo y recibir retroalimentaci\u00f3n inmediata<\/strong>\n<ul data-start=\"802\" data-end=\"905\">\n<li data-start=\"802\" data-end=\"851\">C\u00f3mo lo aprender\u00e1s: Taller con juego de roles<\/li>\n<li data-start=\"854\" data-end=\"905\">Evaluaci\u00f3n: Evaluaci\u00f3n docente y autoevaluaci\u00f3n<\/li>\n<\/ul>\n<\/li>\n<li data-start=\"907\" data-end=\"1103\"><strong data-start=\"909\" data-end=\"976\">Integrar aprendizajes en entrevista final con paciente simulado<\/strong>\n<ul data-start=\"981\" data-end=\"1103\">\n<li data-start=\"981\" data-end=\"1032\">C\u00f3mo lo aprender\u00e1s: Simulaci\u00f3n final sincr\u00f3nica<\/li>\n<li data-start=\"1035\" data-end=\"1103\">Evaluaci\u00f3n: Pauta de paciente simulado, docente y autoevaluaci\u00f3n<\/li>\n<\/ul>\n<\/li>\n<\/ul>","protected":false},"excerpt":{"rendered":"<p>Organiza: Sociedad Chilena de Medicina Familiar (SOCHIMEF) Modalidad: 100% online (actividades asincr\u00f3nicas y sesiones sincr\u00f3nicas con pacientes simulados y retroalimentaci\u00f3n)Modalidad presencial opcional: disponibilidad sujeta a n\u00famero de interesados, regi\u00f3n, horario y condiciones a convenir. Consultas a educacion@medicinafamiliar.cl Duraci\u00f3n: 32 horas pedag\u00f3gicas (24 cronol\u00f3gicas) Fechas y horarios de actividades sincr\u00f3nicas: el\/la participante puede inscribirse a las [&hellip;]<\/p>\n","protected":false},"author":1,"featured_media":0,"parent":4904,"menu_order":0,"comment_status":"closed","ping_status":"closed","template":"template-full-width.php","meta":{"footnotes":""},"class_list":["post-5151","page","type-page","status-publish","hentry"],"_links":{"self":[{"href":"https:\/\/www.medicinafamiliar.cl\/mf\/wordpress\/wp-json\/wp\/v2\/pages\/5151","targetHints":{"allow":["GET"]}}],"collection":[{"href":"https:\/\/www.medicinafamiliar.cl\/mf\/wordpress\/wp-json\/wp\/v2\/pages"}],"about":[{"href":"https:\/\/www.medicinafamiliar.cl\/mf\/wordpress\/wp-json\/wp\/v2\/types\/page"}],"author":[{"embeddable":true,"href":"https:\/\/www.medicinafamiliar.cl\/mf\/wordpress\/wp-json\/wp\/v2\/users\/1"}],"replies":[{"embeddable":true,"href":"https:\/\/www.medicinafamiliar.cl\/mf\/wordpress\/wp-json\/wp\/v2\/comments?post=5151"}],"version-history":[{"count":9,"href":"https:\/\/www.medicinafamiliar.cl\/mf\/wordpress\/wp-json\/wp\/v2\/pages\/5151\/revisions"}],"predecessor-version":[{"id":5296,"href":"https:\/\/www.medicinafamiliar.cl\/mf\/wordpress\/wp-json\/wp\/v2\/pages\/5151\/revisions\/5296"}],"up":[{"embeddable":true,"href":"https:\/\/www.medicinafamiliar.cl\/mf\/wordpress\/wp-json\/wp\/v2\/pages\/4904"}],"wp:attachment":[{"href":"https:\/\/www.medicinafamiliar.cl\/mf\/wordpress\/wp-json\/wp\/v2\/media?parent=5151"}],"curies":[{"name":"wp","href":"https:\/\/api.w.org\/{rel}","templated":true}]}}