{"id":505,"date":"2020-06-17T01:01:02","date_gmt":"2020-06-17T04:01:02","guid":{"rendered":"http:\/\/www.medicinafamiliar.cl\/mf\/wordpress\/?page_id=505"},"modified":"2024-06-10T20:23:00","modified_gmt":"2024-06-11T00:23:00","slug":"socios-honorarios-sochimef","status":"publish","type":"page","link":"https:\/\/www.medicinafamiliar.cl\/mf\/wordpress\/socios-honorarios-sochimef\/","title":{"rendered":"Socios Honorarios SOCHIMEF"},"content":{"rendered":"<table width=\"512\">\n<tbody>\n<tr style=\"background-color: #ccc;\">\n<td width=\"222\"><strong>Socio<\/strong><\/td>\n<td width=\"132\">A\u00f1o ingreso<\/td>\n<td width=\"158\">A\u00f1o Reconocimiento<\/td>\n<\/tr>\n<tr>\n<td>Dra. Gloria Bozzo Scagliotti<\/td>\n<td>nov-91<\/td>\n<td>2016<\/td>\n<\/tr>\n<tr>\n<td>Dra. Ruth Depaux Vega<\/td>\n<td>nov-91<\/td>\n<td>2016<\/td>\n<\/tr>\n<tr>\n<td>Dra. Bernardita Mart\u00ednez Olavarr\u00eda (<em><a href=\"http:\/\/www.medicinafamiliar.cl\/mf\/wordpress\/biografia-m-bernardita-martinez\/\"><span style=\"color: #000080;\">ver biograf\u00eda<\/span><\/a><\/em>)<\/td>\n<td>nov-91<\/td>\n<td>2016<\/td>\n<\/tr>\n<tr>\n<td>Dra. Philippa Marie Moore (<a href=\"http:\/\/www.medicinafamiliar.cl\/mf\/wordpress\/biografia-dra-philippa-moore\/\" target=\"_blank\" rel=\"noopener noreferrer\"><em><span style=\"color: #000080;\">ver biograf\u00eda<\/span><\/em><\/a>)<\/td>\n<td>nov-91<\/td>\n<td>2016<\/td>\n<\/tr>\n<tr>\n<td>Dra. Isabel Segovia Dreyer<\/td>\n<td>nov-91<\/td>\n<td>2016<\/td>\n<\/tr>\n<tr>\n<td>Dra. Eleana Oyarz\u00fan Neumann<\/td>\n<td>nov-91<\/td>\n<td>2016<\/td>\n<\/tr>\n<tr>\n<td>Dra. Gisela Gonz\u00e1lez Carvajal<\/td>\n<td>nov-93<\/td>\n<td>2019<\/td>\n<\/tr>\n<tr>\n<td>Dra. Irma Guajardo Fern\u00e1ndez<\/td>\n<td>may-94<\/td>\n<td>2020<\/td>\n<\/tr>\n<tr>\n<td>Dra. Mar\u00eda de la Paz Guzm\u00e1n Llona<\/td>\n<td>jul-94<\/td>\n<td>2020<\/td>\n<\/tr>\n<tr>\n<td>Dr. \u00c1lvaro T\u00e9llez T\u00e9llez (<a href=\"http:\/\/www.medicinafamiliar.cl\/mf\/wordpress\/biografia-dr-alvaro-tellez-tellez\/\" rel=\"noopener noreferrer\"><span style=\"color: #000080;\"><em>ver biograf\u00eda<\/em><\/span><\/a>)<\/td>\n<td>jul-94<\/td>\n<td>2020<\/td>\n<\/tr>\n<tr>\n<td>Dr. Joaqu\u00edn Montero Labb\u00e9\u00a0 (<span style=\"color: #000080;\"><em><a style=\"color: #000080;\" href=\"https:\/\/www.medicinafamiliar.cl\/mf\/wordpress\/biografia-joaquin-montero-labbe\/\" rel=\"noopener noreferrer\">ver biograf\u00eda<\/a><\/em><\/span>)<\/td>\n<td>jul-94<\/td>\n<td>2020<\/td>\n<\/tr>\n<tr>\n<td>Dr. Reinaldo Mu\u00f1oz Sep\u00falveda (<a href=\"http:\/\/www.medicinafamiliar.cl\/mf\/wordpress\/biografia-dr-reinaldo-munoz-sepulveda\/\" rel=\"noopener noreferrer\"><span style=\"color: #000080;\"><em>ver biograf\u00eda<\/em><\/span><\/a>)<\/td>\n<td>jul-95<\/td>\n<td>2021<\/td>\n<\/tr>\n<tr>\n<td>Dra. Carolina Jara Pinochet<\/td>\n<td>jun-95<\/td>\n<td>2021<\/td>\n<\/tr>\n<tr>\n<td>Dr. \u00d3scar Fern\u00e1ndez Fuentealba (<a href=\"https:\/\/www.medicinafamiliar.cl\/mf\/wordpress\/biografia-dr-oscar-fernandez-fuentealba\/\" rel=\"noopener noreferrer\"><span style=\"color: #000080;\"><em>ver biograf\u00eda<\/em><\/span><\/a>)<\/td>\n<td>jun-96<\/td>\n<td>2022<\/td>\n<\/tr>\n<tr>\n<td>Dr. Ariel G\u00f3mez Arancibia (<a href=\"https:\/\/www.medicinafamiliar.cl\/mf\/wordpress\/biografia-dr-ariel-gomez-arancibia\/\" rel=\"noopener noreferrer\"><span style=\"color: #000080;\"><em>ver biograf\u00eda<\/em><\/span><\/a>)<\/td>\n<td>jul-96<\/td>\n<td>2022<\/td>\n<\/tr>\n<tr>\n<td>Dra. Paulina Lillo Arce (<a href=\"http:\/\/www.medicinafamiliar.cl\/mf\/wordpress\/dra-paulina-lillo\/\" rel=\"noopener noreferrer\"><span style=\"color: #000080;\"><em>ver biograf\u00eda<\/em><\/span><\/a>)<\/td>\n<td>jul-96<\/td>\n<td>2022<\/td>\n<\/tr>\n<tr>\n<td>Dra. Cecilia Requena Gilabert\u00a0(<a href=\"http:\/\/www.medicinafamiliar.cl\/mf\/wordpress\/biografia-dra-cecilia-requena-gilabert\/\" rel=\"noopener noreferrer\"><span style=\"color: #000080;\"><em>ver biograf\u00eda<\/em><\/span><\/a>)<\/td>\n<td>jul-96<\/td>\n<td>2022<\/td>\n<\/tr>\n<tr>\n<td>Dra. Cecilia Rold\u00e1n Valenzuela (<a href=\"http:\/\/www.medicinafamiliar.cl\/mf\/wordpress\/biografia-dra-cecilia-roldan-valenzuela\/\" rel=\"noopener noreferrer\"><span style=\"color: #000080;\"><em>ver biograf\u00eda<\/em><\/span><\/a>)<\/td>\n<td>dic-96<\/td>\n<td>2022<\/td>\n<\/tr>\n<tr>\n<td>Dr. Jaime Pino Quivira<\/td>\n<td>ago-97<\/td>\n<td>2023<\/td>\n<\/tr>\n<tr>\n<td>Dr. Sergio Riveros Moreno<\/td>\n<td>sep-97<\/td>\n<td>2023<\/td>\n<\/tr>\n<tr>\n<td>Dra. Sandra Mart\u00ednez Barr\u00eda<\/td>\n<td>-.-<\/td>\n<td>2024<\/td>\n<\/tr>\n<tr>\n<td>Dra. Rosa Cort\u00e9s Guti\u00e9rrez<\/td>\n<td>-.-<\/td>\n<td>2024<\/td>\n<\/tr>\n<\/tbody>\n<\/table>\n\n\n<p><\/p>\n","protected":false},"excerpt":{"rendered":"<p>Socio A\u00f1o ingreso A\u00f1o Reconocimiento Dra. Gloria Bozzo Scagliotti nov-91 2016 Dra. Ruth Depaux Vega nov-91 2016 Dra. Bernardita Mart\u00ednez Olavarr\u00eda (ver biograf\u00eda) nov-91 2016 Dra. Philippa Marie Moore (ver biograf\u00eda) nov-91 2016 Dra. Isabel Segovia Dreyer nov-91 2016 Dra. Eleana Oyarz\u00fan Neumann nov-91 2016 Dra. Gisela Gonz\u00e1lez Carvajal nov-93 2019 Dra. Irma Guajardo Fern\u00e1ndez [&hellip;]<\/p>\n","protected":false},"author":1,"featured_media":0,"parent":0,"menu_order":0,"comment_status":"closed","ping_status":"closed","template":"","meta":{"footnotes":""},"class_list":["post-505","page","type-page","status-publish","hentry"],"_links":{"self":[{"href":"https:\/\/www.medicinafamiliar.cl\/mf\/wordpress\/wp-json\/wp\/v2\/pages\/505","targetHints":{"allow":["GET"]}}],"collection":[{"href":"https:\/\/www.medicinafamiliar.cl\/mf\/wordpress\/wp-json\/wp\/v2\/pages"}],"about":[{"href":"https:\/\/www.medicinafamiliar.cl\/mf\/wordpress\/wp-json\/wp\/v2\/types\/page"}],"author":[{"embeddable":true,"href":"https:\/\/www.medicinafamiliar.cl\/mf\/wordpress\/wp-json\/wp\/v2\/users\/1"}],"replies":[{"embeddable":true,"href":"https:\/\/www.medicinafamiliar.cl\/mf\/wordpress\/wp-json\/wp\/v2\/comments?post=505"}],"version-history":[{"count":29,"href":"https:\/\/www.medicinafamiliar.cl\/mf\/wordpress\/wp-json\/wp\/v2\/pages\/505\/revisions"}],"predecessor-version":[{"id":4462,"href":"https:\/\/www.medicinafamiliar.cl\/mf\/wordpress\/wp-json\/wp\/v2\/pages\/505\/revisions\/4462"}],"wp:attachment":[{"href":"https:\/\/www.medicinafamiliar.cl\/mf\/wordpress\/wp-json\/wp\/v2\/media?parent=505"}],"curies":[{"name":"wp","href":"https:\/\/api.w.org\/{rel}","templated":true}]}}