{"id":40,"date":"2019-12-09T02:01:07","date_gmt":"2019-12-09T05:01:07","guid":{"rendered":"http:\/\/www.medicinafamiliar.cl\/mf\/wordpress\/?page_id=40"},"modified":"2020-02-20T02:02:12","modified_gmt":"2020-02-20T05:02:12","slug":"mision-y-vision","status":"publish","type":"page","link":"https:\/\/www.medicinafamiliar.cl\/mf\/wordpress\/mision-y-vision\/","title":{"rendered":"Misi\u00f3n y Visi\u00f3n"},"content":{"rendered":"<p><strong>MISI\u00d3N:<br \/>\n<\/strong>La Sociedad Cient\u00edfica de Medicina Familiar y General de Chile tiene como Misi\u00f3n promover el crecimiento cient\u00edfico y profesional de los m\u00e9dicos de familia y contribuir al desarrollo de la Medicina y Salud Familiar de nuestro pa\u00eds, en el marco de la Estrategia de Atenci\u00f3n Primaria de Salud.<\/p>\n<p><strong>NUESTRA VISI\u00d3N:<\/strong><br \/>\nSer un referente t\u00e9cnico en Medicina y Salud Familiar en los \u00e1mbitos p\u00fablico y privado, promoviendo e impulsando las estrategias en salud centradas en APS.<br \/>\nSer una Sociedad cient\u00edfica capaz de reunir y responder a las inquietudes de sus asociados que trabajan por el desarrollo de la Atenci\u00f3n Primaria y Salud Familiar en nuestro pa\u00eds.<br \/>\nSer una Sociedad Cient\u00edfica que promueva y vele por los cuidados de la salud de las personas y las familias de manera humanizada, comprometida con la equidad y solidaridad y de esta manera poder contribuir a la mantenci\u00f3n de la salud de las personas y familias, con un modelo sanitario integral basado en la Atenci\u00f3n Primaria de Salud<\/p>\n<p><strong>Los Objetivos de la Sociedad son:<br \/>\n<\/strong>\u2022 Promover el fortalecimiento cient\u00edfico y acad\u00e9mico de los m\u00e9dicos de familia, a trav\u00e9s de la organizaci\u00f3n y articulaci\u00f3n de actividades e iniciativas que impulsen, gu\u00eden, orienten acciones en pro del desarrollo de la especialidad.<br \/>\n\u2022 Generar espacios de interacci\u00f3n con equipos multiprofesionales de atenci\u00f3n primaria expresado en diversas instancias cient\u00edficas y experienciales, que permitan la reflexi\u00f3n, el desarrollo y la consolidaci\u00f3n del Modelo de Atenci\u00f3n con enfoque biopsicosocial, en nuestro pa\u00eds.<br \/>\n\u2022 Colaborar con organismos gubernamentales, cient\u00edficos, universitarios y privados, que lo requieran, en la realizaci\u00f3n de actividades y programas de salud familiar, formaci\u00f3n m\u00e9dica especializada y asesor\u00eda para el desarrollo de la APS, la Medicina Familiar y la Salud Familiar.<br \/>\n\u2022 Promover y motivar la pr\u00e1ctica consciente y reflexiva, sobre los cuidados primarios, buscando, en su compromiso con las personas, brindar una atenci\u00f3n integral, de calidad y continua, tanto a familias, como a individuos.<br \/>\n\u2022 Promover procesos de evaluaci\u00f3n que permitan el mejoramiento continuo tanto del Modelo de Atenci\u00f3n, como de sus resultados en la salud de la poblaci\u00f3n.<br \/>\n\u2022 Ofrecer opciones de perfeccionamiento continuo en los \u00e1mbitos atingentes a la Medicina Familiar, al Modelo y Atenci\u00f3n Primaria en general.<br \/>\n\u2022 Servir de \u00f3rgano de difusi\u00f3n e informaci\u00f3n sobre los fines y funciones de la especialidad de Medicina Familiar en el pa\u00eds.<\/p>\n","protected":false},"excerpt":{"rendered":"<p>MISI\u00d3N: La Sociedad Cient\u00edfica de Medicina Familiar y General de Chile tiene como Misi\u00f3n promover el crecimiento cient\u00edfico y profesional de los m\u00e9dicos de familia y contribuir al desarrollo de la Medicina y Salud Familiar de nuestro pa\u00eds, en el marco de la Estrategia de Atenci\u00f3n Primaria de Salud. NUESTRA VISI\u00d3N: Ser un referente t\u00e9cnico [&hellip;]<\/p>\n","protected":false},"author":1,"featured_media":0,"parent":0,"menu_order":0,"comment_status":"closed","ping_status":"closed","template":"","meta":{"footnotes":""},"class_list":["post-40","page","type-page","status-publish","hentry"],"_links":{"self":[{"href":"https:\/\/www.medicinafamiliar.cl\/mf\/wordpress\/wp-json\/wp\/v2\/pages\/40","targetHints":{"allow":["GET"]}}],"collection":[{"href":"https:\/\/www.medicinafamiliar.cl\/mf\/wordpress\/wp-json\/wp\/v2\/pages"}],"about":[{"href":"https:\/\/www.medicinafamiliar.cl\/mf\/wordpress\/wp-json\/wp\/v2\/types\/page"}],"author":[{"embeddable":true,"href":"https:\/\/www.medicinafamiliar.cl\/mf\/wordpress\/wp-json\/wp\/v2\/users\/1"}],"replies":[{"embeddable":true,"href":"https:\/\/www.medicinafamiliar.cl\/mf\/wordpress\/wp-json\/wp\/v2\/comments?post=40"}],"version-history":[{"count":1,"href":"https:\/\/www.medicinafamiliar.cl\/mf\/wordpress\/wp-json\/wp\/v2\/pages\/40\/revisions"}],"predecessor-version":[{"id":41,"href":"https:\/\/www.medicinafamiliar.cl\/mf\/wordpress\/wp-json\/wp\/v2\/pages\/40\/revisions\/41"}],"wp:attachment":[{"href":"https:\/\/www.medicinafamiliar.cl\/mf\/wordpress\/wp-json\/wp\/v2\/media?parent=40"}],"curies":[{"name":"wp","href":"https:\/\/api.w.org\/{rel}","templated":true}]}}