{"id":38,"date":"2019-12-09T01:59:12","date_gmt":"2019-12-09T04:59:12","guid":{"rendered":"http:\/\/www.medicinafamiliar.cl\/mf\/wordpress\/?page_id=38"},"modified":"2020-04-21T14:33:10","modified_gmt":"2020-04-21T17:33:10","slug":"quienes-somos","status":"publish","type":"page","link":"https:\/\/www.medicinafamiliar.cl\/mf\/wordpress\/quienes-somos\/","title":{"rendered":"Quienes Somos"},"content":{"rendered":"<p>Nombre: <strong>Sociedad Cient\u00edfica de Medicina Familiar y General de Chile<\/strong><br \/>\nDirecci\u00f3n:<strong> Ismael Vald\u00e9s Vergara 670 oficina 102, Santiago.<\/strong><br \/>\nTel\u00e9fono: <strong>(+56 2) 2 6324 050<\/strong><\/p>\n<p>La Sociedad Cient\u00edfica de Medicina Familiar y General de Chile es una Corporaci\u00f3n de derecho privado sin fines de lucro, cuyo prop\u00f3sito es velar por el adecuado desarrollo de la Medicina Familiar y General en Chile.<\/p>\n<p>Fue creada bajo el Decreto Supremo N\u00ba 110, publicado en el Diario Oficial el 20 de Marzo de 1979 y contemplado en el t\u00edtulo XXIII del libro I del C\u00f3digo Civil.<\/p>\n<p>La Sociedad fue fundada en Noviembre de 1991 por un grupo de m\u00e9dicos, entre los cuales estaban los primeros especialistas formados en Chile, todos ellos interesados en trabajar por el progreso y desarrollo de la especialidad en el pa\u00eds. Obtuvo su Personalidad Jur\u00eddica el 22 de Julio de 1993, seg\u00fan decreto N\u00ba 805 del ministerio de Justicia.<\/p>\n<p>Las diversas actividades organizadas por la Sociedad se han constituido en espacio de:<\/p>\n<ol>\n<li>Intercambio de Experiencias profesionales y laborales de desarrollo de la Medicina y Salud familiar, con puesta en com\u00fan de buenas pr\u00e1cticas.<\/li>\n<li>Encuentro de los m\u00e9dicos familiares y de los profesionales de la atenci\u00f3n primaria en un contexto cient\u00edfico y de educaci\u00f3n continua.<\/li>\n<li>Difusi\u00f3n de investigaciones realizadas por diferentes equipos de salud en Atenci\u00f3n Primaria y Salud Familiar.<\/li>\n<li>Actualizaci\u00f3n en temas cl\u00ednicos con enfoque familiar con especial \u00e9nfasis en aquellos problemas de salud con garant\u00edas expl\u00edcitas.<\/li>\n<li>Innovaci\u00f3n en prevenci\u00f3n, promoci\u00f3n, trabajo comunitario y otros temas no cl\u00ednicos de relevancia para el desarrollo de la estrategia de APS.<\/li>\n<li>Conexi\u00f3n con el desarrollo internacional de Salud y Medicina Familiar mediante su participaci\u00f3n en la Confederaci\u00f3n Iberoamericana y Mundial de Medicina Familiar (CIMF-WONCA).<\/li>\n<\/ol>\n<p><iframe loading=\"lazy\" src=\"https:\/\/www.youtube.com\/embed\/N-b-XMyTZJw\" allow=\"accelerometer; autoplay; encrypted-media; gyroscope; picture-in-picture\" allowfullscreen=\"\" width=\"560\" height=\"315\" frameborder=\"0\"><\/iframe><\/p>\n","protected":false},"excerpt":{"rendered":"<p>Nombre: Sociedad Cient\u00edfica de Medicina Familiar y General de Chile Direcci\u00f3n: Ismael Vald\u00e9s Vergara 670 oficina 102, Santiago. Tel\u00e9fono: (+56 2) 2 6324 050 La Sociedad Cient\u00edfica de Medicina Familiar y General de Chile es una Corporaci\u00f3n de derecho privado sin fines de lucro, cuyo prop\u00f3sito es velar por el adecuado desarrollo de la Medicina [&hellip;]<\/p>\n","protected":false},"author":1,"featured_media":0,"parent":0,"menu_order":0,"comment_status":"closed","ping_status":"closed","template":"","meta":{"footnotes":""},"class_list":["post-38","page","type-page","status-publish","hentry"],"_links":{"self":[{"href":"https:\/\/www.medicinafamiliar.cl\/mf\/wordpress\/wp-json\/wp\/v2\/pages\/38","targetHints":{"allow":["GET"]}}],"collection":[{"href":"https:\/\/www.medicinafamiliar.cl\/mf\/wordpress\/wp-json\/wp\/v2\/pages"}],"about":[{"href":"https:\/\/www.medicinafamiliar.cl\/mf\/wordpress\/wp-json\/wp\/v2\/types\/page"}],"author":[{"embeddable":true,"href":"https:\/\/www.medicinafamiliar.cl\/mf\/wordpress\/wp-json\/wp\/v2\/users\/1"}],"replies":[{"embeddable":true,"href":"https:\/\/www.medicinafamiliar.cl\/mf\/wordpress\/wp-json\/wp\/v2\/comments?post=38"}],"version-history":[{"count":3,"href":"https:\/\/www.medicinafamiliar.cl\/mf\/wordpress\/wp-json\/wp\/v2\/pages\/38\/revisions"}],"predecessor-version":[{"id":351,"href":"https:\/\/www.medicinafamiliar.cl\/mf\/wordpress\/wp-json\/wp\/v2\/pages\/38\/revisions\/351"}],"wp:attachment":[{"href":"https:\/\/www.medicinafamiliar.cl\/mf\/wordpress\/wp-json\/wp\/v2\/media?parent=38"}],"curies":[{"name":"wp","href":"https:\/\/api.w.org\/{rel}","templated":true}]}}