{"id":3567,"date":"2022-12-09T16:56:13","date_gmt":"2022-12-09T19:56:13","guid":{"rendered":"https:\/\/www.medicinafamiliar.cl\/mf\/wordpress\/?page_id=3567"},"modified":"2023-07-07T11:43:18","modified_gmt":"2023-07-07T15:43:18","slug":"libro-de-condolencias","status":"publish","type":"page","link":"https:\/\/www.medicinafamiliar.cl\/mf\/wordpress\/libro-de-condolencias\/","title":{"rendered":"Libro de Condolencias. Sensible fallecimiento de nuestra socia Dra. Philippa Moore"},"content":{"rendered":"<p>Ante el sensible fallecimiento de nuestra socia, Dra. Philippa Moore, hemos abierto un<strong> Libro de Condolencias. <\/strong>Todas las condolencias que se reciban por esta v\u00eda, ser\u00e1n enviadas a la familia de la Dra. Philippa, posteriormente.<\/p>\n<p>A continuaci\u00f3n pueden expresar sus condolencias en los comentarios:<\/p>\n","protected":false},"excerpt":{"rendered":"<p>Ante el sensible fallecimiento de nuestra socia, Dra. Philippa Moore, hemos abierto un Libro de Condolencias. Todas las condolencias que se reciban por esta v\u00eda, ser\u00e1n enviadas a la familia de la Dra. Philippa, posteriormente. A continuaci\u00f3n pueden expresar sus condolencias en los comentarios:<\/p>\n","protected":false},"author":1,"featured_media":3565,"parent":0,"menu_order":0,"comment_status":"closed","ping_status":"closed","template":"","meta":{"footnotes":""},"class_list":["post-3567","page","type-page","status-publish","has-post-thumbnail","hentry"],"_links":{"self":[{"href":"https:\/\/www.medicinafamiliar.cl\/mf\/wordpress\/wp-json\/wp\/v2\/pages\/3567","targetHints":{"allow":["GET"]}}],"collection":[{"href":"https:\/\/www.medicinafamiliar.cl\/mf\/wordpress\/wp-json\/wp\/v2\/pages"}],"about":[{"href":"https:\/\/www.medicinafamiliar.cl\/mf\/wordpress\/wp-json\/wp\/v2\/types\/page"}],"author":[{"embeddable":true,"href":"https:\/\/www.medicinafamiliar.cl\/mf\/wordpress\/wp-json\/wp\/v2\/users\/1"}],"replies":[{"embeddable":true,"href":"https:\/\/www.medicinafamiliar.cl\/mf\/wordpress\/wp-json\/wp\/v2\/comments?post=3567"}],"version-history":[{"count":3,"href":"https:\/\/www.medicinafamiliar.cl\/mf\/wordpress\/wp-json\/wp\/v2\/pages\/3567\/revisions"}],"predecessor-version":[{"id":3571,"href":"https:\/\/www.medicinafamiliar.cl\/mf\/wordpress\/wp-json\/wp\/v2\/pages\/3567\/revisions\/3571"}],"wp:featuredmedia":[{"embeddable":true,"href":"https:\/\/www.medicinafamiliar.cl\/mf\/wordpress\/wp-json\/wp\/v2\/media\/3565"}],"wp:attachment":[{"href":"https:\/\/www.medicinafamiliar.cl\/mf\/wordpress\/wp-json\/wp\/v2\/media?parent=3567"}],"curies":[{"name":"wp","href":"https:\/\/api.w.org\/{rel}","templated":true}]}}