{"id":3222,"date":"2022-08-18T19:34:24","date_gmt":"2022-08-18T22:34:24","guid":{"rendered":"https:\/\/www.medicinafamiliar.cl\/mf\/wordpress\/?page_id=3222"},"modified":"2022-10-21T19:55:32","modified_gmt":"2022-10-21T22:55:32","slug":"jornada-presencial-pre-congreso-region-de-aysen","status":"publish","type":"page","link":"https:\/\/www.medicinafamiliar.cl\/mf\/wordpress\/jornada-presencial-pre-congreso-region-de-aysen\/","title":{"rendered":"Jornada Presencial Pre Congreso, Regi\u00f3n de Ays\u00e9n (*)"},"content":{"rendered":"<p style=\"text-align: justify;\">La <strong>Sociedad Chilena de Medicina Familiar<\/strong> invita a participar en la <strong>Jornada Regional<\/strong> previa a nuestro <strong>XXIII Congreso Chileno de Medicina Familiar.<\/strong> Esta Jornada se realizar\u00e1 de forma presencial, el d\u00eda viernes 11 de noviembre 2022 de 09:00 a 17:30 hrs.<\/p>\n<p style=\"text-align: justify;\">La actividad se llevar\u00e1 a cabo\u00a0en el <strong>Auditorio del Servicio de Salud Ays\u00e9n<\/strong>, Calle Jorge Ibar 0168, en la ciudad de Coyhaique.<\/p>\n<p><span style=\"color: #ff0000;\"><strong>Inscripciones abiertas hasta el 4 de noviembre 2022.<\/strong><\/span><\/p>\n<p><em><strong>(*)<\/strong> <strong>Recordamos que esta es una actividad solo para equipos de salud de la Regi\u00f3n de Ays\u00e9n.\u00a0<\/strong><\/em><\/p>\n<p>Programa Jornada:<a href=\"http:\/\/www.medicinafamiliar.cl\/mf\/wordpress\/wp-content\/uploads\/2022\/09\/Programa-jornada-regional-aysen-2022-ok-v2.pdf\" target=\"_blank\" rel=\"noopener\"><span style=\"color: #0000ff;\"><strong> Ver Programa Jornada<\/strong><\/span><\/a><br \/>Afiche Jornada: <strong><span style=\"color: #0000ff;\"><a style=\"color: #0000ff;\" href=\"http:\/\/www.medicinafamiliar.cl\/mf\/wordpress\/wp-content\/uploads\/2022\/10\/Jornada-regional-Atencion-Primaria-y-MF-2022-v4.jpg\" target=\"_blank\" rel=\"noopener\">Descargar afiche Jornada<\/a><\/span><\/strong><\/p>\n<p><strong>Concurso de fotograf\u00eda:<\/strong> <span style=\"color: #ff0000;\">fecha m\u00e1xima env\u00edo de im\u00e1genes 30 de octubre 2022<\/span><br \/>Afiche Concurso Fotograf\u00eda:<a href=\"http:\/\/www.medicinafamiliar.cl\/mf\/wordpress\/wp-content\/uploads\/2022\/10\/concurso-fotografia-jornada-2022-3.jpg\" target=\"_blank\" rel=\"noopener\"><strong><span style=\"color: #0000ff;\"> Descargar Afiche Concurso Fotograf\u00eda<\/span><\/strong><\/a><br \/>Bases Concurso Fotograf\u00eda:<a href=\"http:\/\/www.medicinafamiliar.cl\/mf\/wordpress\/wp-content\/uploads\/2022\/10\/concurso-fotografia-final-octubre-2022.pdf\" target=\"_blank\" rel=\"noopener\"> <span style=\"color: #0000ff;\"><strong>Bases Concurso Fotograf\u00eda<\/strong><\/span><\/a><\/p>\n<p>Anexo1 Concurso Fotograf\u00eda:<strong><span style=\"color: #0000ff;\"> <a style=\"color: #0000ff;\" href=\"http:\/\/www.medicinafamiliar.cl\/mf\/wordpress\/wp-content\/uploads\/2022\/09\/sochimef-concurso-fotografia-jornada-aysen-anexo1.pdf\" target=\"_blank\" rel=\"noopener\">Anexo 1 Concurso Fotograf\u00eda<\/a><\/span><\/strong><\/p>\n<p><strong>Expositores Jornada:<\/strong><\/p>\n\n\n<div class=\"wp-block-columns is-layout-flex wp-container-core-columns-is-layout-9d6595d7 wp-block-columns-is-layout-flex\">\n<div class=\"wp-block-column is-layout-flow wp-block-column-is-layout-flow\" style=\"flex-basis:33.33%\"><div class=\"wp-block-image\">\n<figure class=\"alignright size-full is-resized\"><img loading=\"lazy\" decoding=\"async\" src=\"http:\/\/www.medicinafamiliar.cl\/mf\/wordpress\/wp-content\/uploads\/2022\/09\/sochimef-jornada-2022-dra-sandra-paredes.jpg\" alt=\"\" class=\"wp-image-3291\" width=\"125\" height=\"200\" srcset=\"https:\/\/www.medicinafamiliar.cl\/mf\/wordpress\/wp-content\/uploads\/2022\/09\/sochimef-jornada-2022-dra-sandra-paredes.jpg 250w, https:\/\/www.medicinafamiliar.cl\/mf\/wordpress\/wp-content\/uploads\/2022\/09\/sochimef-jornada-2022-dra-sandra-paredes-188x300.jpg 188w\" sizes=\"auto, (max-width: 125px) 100vw, 125px\" \/><\/figure>\n<\/div><\/div>\n\n\n\n<div class=\"wp-block-column is-layout-flow wp-block-column-is-layout-flow\" style=\"flex-basis:66.66%\">\n<p><strong>Dra. Sandra Paredes Ar\u00e9valo<\/strong><br>M\u00e9dico de familia, UACH, Especialista en salud P\u00fablica (UNAB). Ha trabajado como m\u00e9dico de familia en Cesfam V\u00edctor Domingo Silva y en dos periodos con Subdirectora de gesti\u00f3n asistencial Servicio de salud Ays\u00e9n. Actualmente ejerce como Directora del Consultorio V\u00edctor Domingo Silva( 2020 a la fecha)<\/p>\n<\/div>\n<\/div>\n\n\n\n<div class=\"wp-block-columns is-layout-flex wp-container-core-columns-is-layout-9d6595d7 wp-block-columns-is-layout-flex\">\n<div class=\"wp-block-column is-layout-flow wp-block-column-is-layout-flow\" style=\"flex-basis:33.33%\"><div class=\"wp-block-image\">\n<figure class=\"alignright size-full is-resized\"><img loading=\"lazy\" decoding=\"async\" src=\"https:\/\/www.medicinafamiliar.cl\/mf\/wordpress\/wp-content\/uploads\/2022\/09\/sochimef-jornada-2022-dra-beatriz-zabala.jpg\" alt=\"\" class=\"wp-image-3293\" width=\"125\" height=\"200\" srcset=\"https:\/\/www.medicinafamiliar.cl\/mf\/wordpress\/wp-content\/uploads\/2022\/09\/sochimef-jornada-2022-dra-beatriz-zabala.jpg 250w, https:\/\/www.medicinafamiliar.cl\/mf\/wordpress\/wp-content\/uploads\/2022\/09\/sochimef-jornada-2022-dra-beatriz-zabala-188x300.jpg 188w\" sizes=\"auto, (max-width: 125px) 100vw, 125px\" \/><\/figure>\n<\/div><\/div>\n\n\n\n<div class=\"wp-block-column is-layout-flow wp-block-column-is-layout-flow\" style=\"flex-basis:66.66%\">\n<p><strong>Dra. Beatriz Zabala Torres<br><\/strong>Bacteri\u00f3loga y Laboratorista Cl\u00ednica<br>Doctora en Ciencia menci\u00f3n Microbiolog\u00eda<br>Laboratorio de Microbiolog\u00eda Molecular<br>Direcci\u00f3n de Investigaci\u00f3n<br>Universidad de Ays\u00e9n<\/p>\n<\/div>\n<\/div>\n\n\n\n<div class=\"wp-block-columns is-layout-flex wp-container-core-columns-is-layout-9d6595d7 wp-block-columns-is-layout-flex\">\n<div class=\"wp-block-column is-layout-flow wp-block-column-is-layout-flow\" style=\"flex-basis:33.33%\"><div class=\"wp-block-image\">\n<figure class=\"alignright size-full is-resized\"><img loading=\"lazy\" decoding=\"async\" src=\"https:\/\/www.medicinafamiliar.cl\/mf\/wordpress\/wp-content\/uploads\/2022\/09\/sochimef-jornada-2022-dra-carla-basualto.jpg\" alt=\"\" class=\"wp-image-3294\" width=\"125\" height=\"200\" srcset=\"https:\/\/www.medicinafamiliar.cl\/mf\/wordpress\/wp-content\/uploads\/2022\/09\/sochimef-jornada-2022-dra-carla-basualto.jpg 250w, https:\/\/www.medicinafamiliar.cl\/mf\/wordpress\/wp-content\/uploads\/2022\/09\/sochimef-jornada-2022-dra-carla-basualto-188x300.jpg 188w\" sizes=\"auto, (max-width: 125px) 100vw, 125px\" \/><\/figure>\n<\/div><\/div>\n\n\n\n<div class=\"wp-block-column is-layout-flow wp-block-column-is-layout-flow\" style=\"flex-basis:66.66%\">\n<p><strong>Dra. Carla Basualto Alarc\u00f3n<br><\/strong>M\u00e9dica Cirujana<br>Doctora en Ciencias Biom\u00e9dicas<br>Profesora Asistente<br>Departamento de Ciencias de la Salud<br>Universidad de Ays\u00e9n<\/p>\n<\/div>\n<\/div>\n\n\n\n<div class=\"wp-block-columns is-layout-flex wp-container-core-columns-is-layout-9d6595d7 wp-block-columns-is-layout-flex\">\n<div class=\"wp-block-column is-layout-flow wp-block-column-is-layout-flow\" style=\"flex-basis:33.33%\"><div class=\"wp-block-image\">\n<figure class=\"alignright size-full is-resized\"><img loading=\"lazy\" decoding=\"async\" src=\"https:\/\/www.medicinafamiliar.cl\/mf\/wordpress\/wp-content\/uploads\/2022\/09\/sochimef-jornada-2022-dra-maritza-fernandez.jpg\" alt=\"\" class=\"wp-image-3297\" width=\"125\" height=\"200\" srcset=\"https:\/\/www.medicinafamiliar.cl\/mf\/wordpress\/wp-content\/uploads\/2022\/09\/sochimef-jornada-2022-dra-maritza-fernandez.jpg 250w, https:\/\/www.medicinafamiliar.cl\/mf\/wordpress\/wp-content\/uploads\/2022\/09\/sochimef-jornada-2022-dra-maritza-fernandez-188x300.jpg 188w\" sizes=\"auto, (max-width: 125px) 100vw, 125px\" \/><\/figure>\n<\/div><\/div>\n\n\n\n<div class=\"wp-block-column is-layout-flow wp-block-column-is-layout-flow\" style=\"flex-basis:66.66%\">\n<p><strong>Mg. Maritza Fern\u00e1ndez Briones<br><\/strong>Matrona<br>Mag\u00edster en Salud P\u00fablica<br>Jefa de Carrera Obstetricia<br>Departamento de Ciencias de la Salud<br>Universidad de Ays\u00e9n<\/p>\n<\/div>\n<\/div>\n\n\n\n<div class=\"wp-block-columns is-layout-flex wp-container-core-columns-is-layout-9d6595d7 wp-block-columns-is-layout-flex\">\n<div class=\"wp-block-column is-layout-flow wp-block-column-is-layout-flow\" style=\"flex-basis:33.33%\"><div class=\"wp-block-image\">\n<figure class=\"alignright size-full is-resized\"><img loading=\"lazy\" decoding=\"async\" src=\"https:\/\/www.medicinafamiliar.cl\/mf\/wordpress\/wp-content\/uploads\/2022\/09\/sochimef-jornada-2022-mg-renato-gomez.jpg\" alt=\"\" class=\"wp-image-3301\" width=\"125\" height=\"200\" srcset=\"https:\/\/www.medicinafamiliar.cl\/mf\/wordpress\/wp-content\/uploads\/2022\/09\/sochimef-jornada-2022-mg-renato-gomez.jpg 250w, https:\/\/www.medicinafamiliar.cl\/mf\/wordpress\/wp-content\/uploads\/2022\/09\/sochimef-jornada-2022-mg-renato-gomez-188x300.jpg 188w\" sizes=\"auto, (max-width: 125px) 100vw, 125px\" \/><\/figure>\n<\/div><\/div>\n\n\n\n<div class=\"wp-block-column is-layout-flow wp-block-column-is-layout-flow\" style=\"flex-basis:66.66%\">\n<p><strong>Mg. Renato G\u00f3mez Bascu\u00f1\u00e1n<\/strong><br>Enfermero<br>Master en Cuidados Especializados de Enfermer\u00eda en Pacientes Cr\u00edticos y de Urgencias<br>Jefe de Carrera Enfermer\u00eda<br>Departamento de Ciencias de la Salud<br>Universidad de Ays\u00e9n<\/p>\n<\/div>\n<\/div>\n\n\n\n<div class=\"wp-block-columns is-layout-flex wp-container-core-columns-is-layout-9d6595d7 wp-block-columns-is-layout-flex\">\n<div class=\"wp-block-column is-layout-flow wp-block-column-is-layout-flow\" style=\"flex-basis:33.33%\"><div class=\"wp-block-image\">\n<figure class=\"alignright size-full is-resized\"><img loading=\"lazy\" decoding=\"async\" src=\"https:\/\/www.medicinafamiliar.cl\/mf\/wordpress\/wp-content\/uploads\/2022\/09\/sochimef-jornada-2022-dr-deyvis-cruz.jpg\" alt=\"\" class=\"wp-image-3302\" width=\"125\" height=\"200\" srcset=\"https:\/\/www.medicinafamiliar.cl\/mf\/wordpress\/wp-content\/uploads\/2022\/09\/sochimef-jornada-2022-dr-deyvis-cruz.jpg 250w, https:\/\/www.medicinafamiliar.cl\/mf\/wordpress\/wp-content\/uploads\/2022\/09\/sochimef-jornada-2022-dr-deyvis-cruz-188x300.jpg 188w\" sizes=\"auto, (max-width: 125px) 100vw, 125px\" \/><\/figure>\n<\/div><\/div>\n\n\n\n<div class=\"wp-block-column is-layout-flow wp-block-column-is-layout-flow\" style=\"flex-basis:66.66%\">\n<p><strong>Dr. Deyvis Cruz Rodr\u00edguez&nbsp;<br><\/strong>Doctor en Medicina, Universidad Tecnol\u00f3gica de Santiago, Rep\u00fablica Dominicana.<br>M\u00e9dico Familiar Pontificia Universidad Cat\u00f3lica Madre y Maestra\/ Rep. Dom.) Certificado por CONACEM. Diploma en cuidados Paliativos Oncol\u00f3gicos (Universidad de Chile)<br>Jefatura de Sector en CESFAM Alejandro Guti\u00e9rrez de Coyhaique.<\/p>\n<\/div>\n<\/div>\n\n\n\n<div class=\"wp-block-columns is-layout-flex wp-container-core-columns-is-layout-9d6595d7 wp-block-columns-is-layout-flex\">\n<div class=\"wp-block-column is-layout-flow wp-block-column-is-layout-flow\" style=\"flex-basis:33.33%\"><div class=\"wp-block-image\">\n<figure class=\"alignright size-full is-resized\"><img loading=\"lazy\" decoding=\"async\" src=\"https:\/\/www.medicinafamiliar.cl\/mf\/wordpress\/wp-content\/uploads\/2022\/09\/sochimef-jornada-2022-andres-mansilla.jpg\" alt=\"\" class=\"wp-image-3304\" width=\"125\" height=\"200\" srcset=\"https:\/\/www.medicinafamiliar.cl\/mf\/wordpress\/wp-content\/uploads\/2022\/09\/sochimef-jornada-2022-andres-mansilla.jpg 250w, https:\/\/www.medicinafamiliar.cl\/mf\/wordpress\/wp-content\/uploads\/2022\/09\/sochimef-jornada-2022-andres-mansilla-188x300.jpg 188w\" sizes=\"auto, (max-width: 125px) 100vw, 125px\" \/><\/figure>\n<\/div><\/div>\n\n\n\n<div class=\"wp-block-column is-layout-flow wp-block-column-is-layout-flow\" style=\"flex-basis:66.66%\">\n<p><strong>Andr\u00e9s Mansilla Chiguay<\/strong><br>Formulador y Asesor \u2013 Coordinador de Inversiones del Estado, con enfoque en Gesti\u00f3n P\u00fablica, Valor P\u00fablico, Investigaci\u00f3n Social en Procesos de Cambio, Desarrollo Organizacional, Procesos Comunitario y Participaci\u00f3n Ciudadana. Soci\u00f3logo, Licenciado en Sociolog\u00eda de la Universidad de la Frontera. Magister en Gerencia Social (UFRO), MBA en formaci\u00f3n (UNIACC). Diplomado en Gesti\u00f3n del Cambio (Universidad Cat\u00f3lica de Chile), Diplomado en Salud P\u00fablica (Universidad de Chile), Diplomado en Gesti\u00f3n P\u00fablica para el Desarrollo Territorial (FLACSO). Actualmente, enfocado en Estudios sobre Innovaci\u00f3n P\u00fablica, Educaci\u00f3n Emocional y Coaching para un Desarrollo Integral.<br>&#8212;<br>Cargo actual: Jefe del Subdepartamento de Recursos F\u00edsicos \/ Direcci\u00f3n Servicio de Salud Ays\u00e9n.<\/p>\n<\/div>\n<\/div>\n\n\n<hr>\n<p><strong>Valor \u00fanico de inscripci\u00f3n: $10.000*<\/strong><br><em>* Inscripci\u00f3n liberada de pago para quien se haya inscrito al Congreso 2022<\/em><\/p>\n<p>Quienes deseen participar en la Jornada y no est\u00e9n a\u00fan inscritos en el XXIII Congreso de Medicina Familiar, deben cancelar el valor \u00fanico de inscripci\u00f3n de $10.000.- v\u00eda transferencia electr\u00f3nica con los siguientes datos.<\/p>\n\n<div class=\"wp-block-image\">\n<figure class=\"aligncenter size-full\"><img loading=\"lazy\" decoding=\"async\" width=\"487\" height=\"172\" src=\"http:\/\/www.medicinafamiliar.cl\/mf\/wordpress\/wp-content\/uploads\/2021\/06\/forma-pago-5.jpg\" alt=\"\" class=\"wp-image-1727\" srcset=\"https:\/\/www.medicinafamiliar.cl\/mf\/wordpress\/wp-content\/uploads\/2021\/06\/forma-pago-5.jpg 487w, https:\/\/www.medicinafamiliar.cl\/mf\/wordpress\/wp-content\/uploads\/2021\/06\/forma-pago-5-300x106.jpg 300w, https:\/\/www.medicinafamiliar.cl\/mf\/wordpress\/wp-content\/uploads\/2021\/06\/forma-pago-5-370x131.jpg 370w, https:\/\/www.medicinafamiliar.cl\/mf\/wordpress\/wp-content\/uploads\/2021\/06\/forma-pago-5-270x95.jpg 270w\" sizes=\"auto, (max-width: 487px) 100vw, 487px\" \/><\/figure>\n<\/div>\n\n\n<p>A continuaci\u00f3n el formulario de inscripci\u00f3n:<\/p>\n\n\n\n\n<div class=\"wpcf7 no-js\" id=\"wpcf7-f3221-o1\" lang=\"es-CL\" dir=\"ltr\" data-wpcf7-id=\"3221\">\n<div class=\"screen-reader-response\"><p role=\"status\" aria-live=\"polite\" aria-atomic=\"true\"><\/p> <ul><\/ul><\/div>\n<form action=\"\/mf\/wordpress\/wp-json\/wp\/v2\/pages\/3222#wpcf7-f3221-o1\" method=\"post\" class=\"wpcf7-form init\" aria-label=\"Formulario de contacto\" enctype=\"multipart\/form-data\" novalidate=\"novalidate\" data-status=\"init\">\n<fieldset class=\"hidden-fields-container\"><input type=\"hidden\" name=\"_wpcf7\" value=\"3221\" \/><input type=\"hidden\" name=\"_wpcf7_version\" value=\"6.1.5\" \/><input type=\"hidden\" name=\"_wpcf7_locale\" value=\"es_CL\" \/><input type=\"hidden\" name=\"_wpcf7_unit_tag\" value=\"wpcf7-f3221-o1\" \/><input type=\"hidden\" name=\"_wpcf7_container_post\" value=\"0\" \/><input type=\"hidden\" name=\"_wpcf7_posted_data_hash\" value=\"\" \/>\n<\/fieldset>\n<p><label>Nombre: (requerido)<br \/>\n<span class=\"wpcf7-form-control-wrap\" data-name=\"nombre\"><input size=\"40\" maxlength=\"400\" class=\"wpcf7-form-control wpcf7-text wpcf7-validates-as-required\" aria-required=\"true\" aria-invalid=\"false\" value=\"\" type=\"text\" name=\"nombre\" \/><\/span> <\/label>\n<\/p>\n<p><label>Apellidos: (requerido)<br \/>\n<span class=\"wpcf7-form-control-wrap\" data-name=\"apellidos\"><input size=\"40\" maxlength=\"400\" class=\"wpcf7-form-control wpcf7-text wpcf7-validates-as-required\" aria-required=\"true\" aria-invalid=\"false\" value=\"\" type=\"text\" name=\"apellidos\" \/><\/span> <\/label>\n<\/p>\n<p><label>RUT: (requerido)<br \/>\n<span class=\"wpcf7-form-control-wrap\" data-name=\"rut\"><input size=\"40\" maxlength=\"400\" class=\"wpcf7-form-control wpcf7-text wpcf7-validates-as-required\" aria-required=\"true\" aria-invalid=\"false\" value=\"\" type=\"text\" name=\"rut\" \/><\/span> <\/label>\n<\/p>\n<p><label>Correo: (requerido)<br \/>\n<span class=\"wpcf7-form-control-wrap\" data-name=\"email\"><input size=\"40\" maxlength=\"400\" class=\"wpcf7-form-control wpcf7-email wpcf7-validates-as-required wpcf7-text wpcf7-validates-as-email\" aria-required=\"true\" aria-invalid=\"false\" value=\"\" type=\"email\" name=\"email\" \/><\/span> <\/label>\n<\/p>\n<p><label>Celular: (requerido)<br \/>\n<span class=\"wpcf7-form-control-wrap\" data-name=\"celular\"><input size=\"40\" maxlength=\"400\" class=\"wpcf7-form-control wpcf7-tel wpcf7-validates-as-required wpcf7-text wpcf7-validates-as-tel\" aria-required=\"true\" aria-invalid=\"false\" value=\"\" type=\"tel\" name=\"celular\" \/><\/span> <\/label>\n<\/p>\n<p><label>Profesi\u00f3n: (requerido)<br \/>\n<span class=\"wpcf7-form-control-wrap\" data-name=\"profesion\"><input size=\"40\" maxlength=\"400\" class=\"wpcf7-form-control wpcf7-text wpcf7-validates-as-required\" aria-required=\"true\" aria-invalid=\"false\" value=\"\" type=\"text\" name=\"profesion\" \/><\/span> <\/label>\n<\/p>\n<p><label>Especialidad: (requerido)<br \/>\n<span class=\"wpcf7-form-control-wrap\" data-name=\"especialidad\"><input size=\"40\" maxlength=\"400\" class=\"wpcf7-form-control wpcf7-text wpcf7-validates-as-required\" aria-required=\"true\" aria-invalid=\"false\" value=\"\" type=\"text\" name=\"especialidad\" \/><\/span> <\/label>\n<\/p>\n<p><label>Domicilio: (requerido)<br \/>\n<span class=\"wpcf7-form-control-wrap\" data-name=\"domicilio\"><input size=\"40\" maxlength=\"400\" class=\"wpcf7-form-control wpcf7-text wpcf7-validates-as-required\" aria-required=\"true\" aria-invalid=\"false\" value=\"\" type=\"text\" name=\"domicilio\" \/><\/span> <\/label>\n<\/p>\n<p><label>Ciudad: (requerido)<br \/>\n<span class=\"wpcf7-form-control-wrap\" data-name=\"ciudad\"><input size=\"40\" maxlength=\"400\" class=\"wpcf7-form-control wpcf7-text wpcf7-validates-as-required\" aria-required=\"true\" aria-invalid=\"false\" value=\"\" type=\"text\" name=\"ciudad\" \/><\/span> <\/label>\n<\/p>\n<p><label>Organismo o Instituci\u00f3n donde Trabaja y Departamento: (requerido)<br \/>\n<span class=\"wpcf7-form-control-wrap\" data-name=\"institucion\"><input size=\"40\" maxlength=\"400\" class=\"wpcf7-form-control wpcf7-text wpcf7-validates-as-required\" aria-required=\"true\" aria-invalid=\"false\" value=\"\" type=\"text\" name=\"institucion\" \/><\/span> <\/label>\n<\/p>\n<p><label>Adjuntar comprobantes seg\u00fan corresponda:<\/label>\n<\/p>\n<p><label>Adjuntar Comprobante pago participaci\u00f3n en XXIII Congreso Medicina Familiar: (Queda exento de pago de la Jornada)<br \/>\n<span class=\"wpcf7-form-control-wrap\" data-name=\"pago-congreso\"><input size=\"40\" class=\"wpcf7-form-control wpcf7-file\" accept=\"audio\/*,video\/*,image\/*\" aria-invalid=\"false\" type=\"file\" name=\"pago-congreso\" \/><\/span> <\/label>\n<\/p>\n<p><label>Adjuntar Comprobante pago Jornada: (Para quienes no se hayan inscrito en el XXIII Congreso Medicina Familiar)<br \/>\n<span class=\"wpcf7-form-control-wrap\" data-name=\"comprobante\"><input size=\"40\" class=\"wpcf7-form-control wpcf7-file\" accept=\"audio\/*,video\/*,image\/*\" aria-invalid=\"false\" type=\"file\" name=\"comprobante\" \/><\/span> <\/label>\n<\/p>\n<p><input class=\"wpcf7-form-control wpcf7-submit has-spinner\" type=\"submit\" value=\"Enviar\" \/>\n<\/p><p style=\"display: none !important;\" class=\"akismet-fields-container\" data-prefix=\"_wpcf7_ak_\"><label>&#916;<textarea name=\"_wpcf7_ak_hp_textarea\" cols=\"45\" rows=\"8\" maxlength=\"100\"><\/textarea><\/label><input type=\"hidden\" id=\"ak_js_1\" name=\"_wpcf7_ak_js\" value=\"201\"\/><script type=\"text\/javascript\">\n\/* <![CDATA[ *\/\ndocument.getElementById( \"ak_js_1\" ).setAttribute( \"value\", ( new Date() ).getTime() );\n\/* ]]> *\/\n<\/script>\n<\/p><div class=\"wpcf7-response-output\" aria-hidden=\"true\"><\/div>\n<\/form>\n<\/div>\n\n","protected":false},"excerpt":{"rendered":"<p>La Sociedad Chilena de Medicina Familiar invita a participar en la Jornada Regional previa a nuestro XXIII Congreso Chileno de Medicina Familiar. Esta Jornada se realizar\u00e1 de forma presencial, el d\u00eda viernes 11 de noviembre 2022 de 09:00 a 17:30 hrs. La actividad se llevar\u00e1 a cabo\u00a0en el Auditorio del Servicio de Salud Ays\u00e9n, Calle [&hellip;]<\/p>\n","protected":false},"author":1,"featured_media":3228,"parent":0,"menu_order":0,"comment_status":"closed","ping_status":"closed","template":"","meta":{"footnotes":""},"class_list":["post-3222","page","type-page","status-publish","has-post-thumbnail","hentry"],"_links":{"self":[{"href":"https:\/\/www.medicinafamiliar.cl\/mf\/wordpress\/wp-json\/wp\/v2\/pages\/3222","targetHints":{"allow":["GET"]}}],"collection":[{"href":"https:\/\/www.medicinafamiliar.cl\/mf\/wordpress\/wp-json\/wp\/v2\/pages"}],"about":[{"href":"https:\/\/www.medicinafamiliar.cl\/mf\/wordpress\/wp-json\/wp\/v2\/types\/page"}],"author":[{"embeddable":true,"href":"https:\/\/www.medicinafamiliar.cl\/mf\/wordpress\/wp-json\/wp\/v2\/users\/1"}],"replies":[{"embeddable":true,"href":"https:\/\/www.medicinafamiliar.cl\/mf\/wordpress\/wp-json\/wp\/v2\/comments?post=3222"}],"version-history":[{"count":33,"href":"https:\/\/www.medicinafamiliar.cl\/mf\/wordpress\/wp-json\/wp\/v2\/pages\/3222\/revisions"}],"predecessor-version":[{"id":3407,"href":"https:\/\/www.medicinafamiliar.cl\/mf\/wordpress\/wp-json\/wp\/v2\/pages\/3222\/revisions\/3407"}],"wp:featuredmedia":[{"embeddable":true,"href":"https:\/\/www.medicinafamiliar.cl\/mf\/wordpress\/wp-json\/wp\/v2\/media\/3228"}],"wp:attachment":[{"href":"https:\/\/www.medicinafamiliar.cl\/mf\/wordpress\/wp-json\/wp\/v2\/media?parent=3222"}],"curies":[{"name":"wp","href":"https:\/\/api.w.org\/{rel}","templated":true}]}}