{"id":3054,"date":"2022-05-30T20:59:31","date_gmt":"2022-05-30T23:59:31","guid":{"rendered":"http:\/\/www.medicinafamiliar.cl\/mf\/wordpress\/?page_id=3054"},"modified":"2022-05-30T21:01:56","modified_gmt":"2022-05-31T00:01:56","slug":"biografia-dr-ariel-gomez-arancibia","status":"publish","type":"page","link":"https:\/\/www.medicinafamiliar.cl\/mf\/wordpress\/biografia-dr-ariel-gomez-arancibia\/","title":{"rendered":"Biograf\u00eda Dr. Ariel G\u00f3mez Arancibia"},"content":{"rendered":"\n<div class=\"wp-block-image\"><figure class=\"alignright size-large\"><img loading=\"lazy\" decoding=\"async\" width=\"250\" height=\"400\" src=\"https:\/\/www.medicinafamiliar.cl\/mf\/wordpress\/wp-content\/uploads\/2022\/05\/sochimef-dr-ariel-gomez.jpg\" alt=\"\" class=\"wp-image-3055\" srcset=\"https:\/\/www.medicinafamiliar.cl\/mf\/wordpress\/wp-content\/uploads\/2022\/05\/sochimef-dr-ariel-gomez.jpg 250w, https:\/\/www.medicinafamiliar.cl\/mf\/wordpress\/wp-content\/uploads\/2022\/05\/sochimef-dr-ariel-gomez-188x300.jpg 188w\" sizes=\"auto, (max-width: 250px) 100vw, 250px\" \/><\/figure><\/div>\n\n\n<p>Siendo Director en un consultorio en la comuna de La Granja, opt\u00f3 a la beca de Medicina Familiar, formaci\u00f3n que marc\u00f3 su ejercicio profesional hasta hoy. En la actualidad, ejerce la especialidad en la comuna de El Bosque desde el a\u00f1o 1999 y destaca dentro de su trayectoria, haber participado en la implementaci\u00f3n de uno de los primeros CESFAM a nivel nacional, siendo tambi\u00e9n parte protagonista en la transformaci\u00f3n de los dem\u00e1s consultorios comunales a Centros de Salud Familiar. Su vocaci\u00f3n lo mantiene en el servicio p\u00fablico, con el fin de entregar una atenci\u00f3n digna, de calidad, con equidad, y continuidad.<\/p>","protected":false},"excerpt":{"rendered":"<p>Siendo Director en un consultorio en la comuna de La Granja, opt\u00f3 a la beca de Medicina Familiar, formaci\u00f3n que marc\u00f3 su ejercicio profesional hasta hoy. En la actualidad, ejerce la especialidad en la comuna de El Bosque desde el a\u00f1o 1999 y destaca dentro de su trayectoria, haber participado en la implementaci\u00f3n de uno [&hellip;]<\/p>\n","protected":false},"author":1,"featured_media":0,"parent":0,"menu_order":0,"comment_status":"closed","ping_status":"closed","template":"","meta":{"footnotes":""},"class_list":["post-3054","page","type-page","status-publish","hentry"],"_links":{"self":[{"href":"https:\/\/www.medicinafamiliar.cl\/mf\/wordpress\/wp-json\/wp\/v2\/pages\/3054","targetHints":{"allow":["GET"]}}],"collection":[{"href":"https:\/\/www.medicinafamiliar.cl\/mf\/wordpress\/wp-json\/wp\/v2\/pages"}],"about":[{"href":"https:\/\/www.medicinafamiliar.cl\/mf\/wordpress\/wp-json\/wp\/v2\/types\/page"}],"author":[{"embeddable":true,"href":"https:\/\/www.medicinafamiliar.cl\/mf\/wordpress\/wp-json\/wp\/v2\/users\/1"}],"replies":[{"embeddable":true,"href":"https:\/\/www.medicinafamiliar.cl\/mf\/wordpress\/wp-json\/wp\/v2\/comments?post=3054"}],"version-history":[{"count":1,"href":"https:\/\/www.medicinafamiliar.cl\/mf\/wordpress\/wp-json\/wp\/v2\/pages\/3054\/revisions"}],"predecessor-version":[{"id":3056,"href":"https:\/\/www.medicinafamiliar.cl\/mf\/wordpress\/wp-json\/wp\/v2\/pages\/3054\/revisions\/3056"}],"wp:attachment":[{"href":"https:\/\/www.medicinafamiliar.cl\/mf\/wordpress\/wp-json\/wp\/v2\/media?parent=3054"}],"curies":[{"name":"wp","href":"https:\/\/api.w.org\/{rel}","templated":true}]}}