{"id":3049,"date":"2022-05-30T20:53:36","date_gmt":"2022-05-30T23:53:36","guid":{"rendered":"http:\/\/www.medicinafamiliar.cl\/mf\/wordpress\/?page_id=3049"},"modified":"2022-05-30T20:53:37","modified_gmt":"2022-05-30T23:53:37","slug":"biografia-dr-oscar-fernandez-fuentealba","status":"publish","type":"page","link":"https:\/\/www.medicinafamiliar.cl\/mf\/wordpress\/biografia-dr-oscar-fernandez-fuentealba\/","title":{"rendered":"Biograf\u00eda Dr. \u00d3scar Fern\u00e1ndez Fuentealba"},"content":{"rendered":"\n<div class=\"wp-block-image\"><figure class=\"alignright size-large\"><img loading=\"lazy\" decoding=\"async\" width=\"250\" height=\"400\" src=\"https:\/\/www.medicinafamiliar.cl\/mf\/wordpress\/wp-content\/uploads\/2022\/05\/sochimef-dr-oscar-fernandez.jpg\" alt=\"\" class=\"wp-image-3050\" srcset=\"https:\/\/www.medicinafamiliar.cl\/mf\/wordpress\/wp-content\/uploads\/2022\/05\/sochimef-dr-oscar-fernandez.jpg 250w, https:\/\/www.medicinafamiliar.cl\/mf\/wordpress\/wp-content\/uploads\/2022\/05\/sochimef-dr-oscar-fernandez-188x300.jpg 188w\" sizes=\"auto, (max-width: 250px) 100vw, 250px\" \/><\/figure><\/div>\n\n\n<p>Fue presidente de SOCHIMEF en per\u00edodo 2002-2003 y parte del directorio como tesorero y vicepresidente, adem\u00e1s de Director en el a\u00f1o 2006. En 2003 fue elegido vicepresidente de la regi\u00f3n cono sur de WONCA Iberoamericana CIMF, siendo nuestro primer representante ante el conglomerado de Medicina Familiar, cargo que ejerci\u00f3 hasta el a\u00f1o 2009. Hoy, se desempe\u00f1a en la Unidad del Dolor y Servicio de Oncolog\u00eda del Hospital Militar trabajando en Cuidados Paliativos, atenci\u00f3n a domicilio para pacientes en Ventilaci\u00f3n Mec\u00e1nica Invasiva del programa AVIA del Ministerio de Salud, y en Medicien en atenci\u00f3n de pacientes cr\u00f3nicos de programas GES.<\/p>","protected":false},"excerpt":{"rendered":"<p>Fue presidente de SOCHIMEF en per\u00edodo 2002-2003 y parte del directorio como tesorero y vicepresidente, adem\u00e1s de Director en el a\u00f1o 2006. En 2003 fue elegido vicepresidente de la regi\u00f3n cono sur de WONCA Iberoamericana CIMF, siendo nuestro primer representante ante el conglomerado de Medicina Familiar, cargo que ejerci\u00f3 hasta el a\u00f1o 2009. Hoy, se [&hellip;]<\/p>\n","protected":false},"author":1,"featured_media":0,"parent":0,"menu_order":0,"comment_status":"closed","ping_status":"closed","template":"","meta":{"footnotes":""},"class_list":["post-3049","page","type-page","status-publish","hentry"],"_links":{"self":[{"href":"https:\/\/www.medicinafamiliar.cl\/mf\/wordpress\/wp-json\/wp\/v2\/pages\/3049","targetHints":{"allow":["GET"]}}],"collection":[{"href":"https:\/\/www.medicinafamiliar.cl\/mf\/wordpress\/wp-json\/wp\/v2\/pages"}],"about":[{"href":"https:\/\/www.medicinafamiliar.cl\/mf\/wordpress\/wp-json\/wp\/v2\/types\/page"}],"author":[{"embeddable":true,"href":"https:\/\/www.medicinafamiliar.cl\/mf\/wordpress\/wp-json\/wp\/v2\/users\/1"}],"replies":[{"embeddable":true,"href":"https:\/\/www.medicinafamiliar.cl\/mf\/wordpress\/wp-json\/wp\/v2\/comments?post=3049"}],"version-history":[{"count":1,"href":"https:\/\/www.medicinafamiliar.cl\/mf\/wordpress\/wp-json\/wp\/v2\/pages\/3049\/revisions"}],"predecessor-version":[{"id":3051,"href":"https:\/\/www.medicinafamiliar.cl\/mf\/wordpress\/wp-json\/wp\/v2\/pages\/3049\/revisions\/3051"}],"wp:attachment":[{"href":"https:\/\/www.medicinafamiliar.cl\/mf\/wordpress\/wp-json\/wp\/v2\/media?parent=3049"}],"curies":[{"name":"wp","href":"https:\/\/api.w.org\/{rel}","templated":true}]}}