{"id":130,"date":"2020-02-06T03:30:30","date_gmt":"2020-02-06T06:30:30","guid":{"rendered":"http:\/\/www.medicinafamiliar.cl\/mf\/wordpress\/?page_id=130"},"modified":"2022-01-07T17:33:47","modified_gmt":"2022-01-07T20:33:47","slug":"grupo-de-trabajo-prevencion-cuaternaria-chile","status":"publish","type":"page","link":"https:\/\/www.medicinafamiliar.cl\/mf\/wordpress\/grupo-de-trabajo-prevencion-cuaternaria-chile\/","title":{"rendered":"Grupo de Trabajo Prevenci\u00f3n Cuaternaria Chile"},"content":{"rendered":"<p>Se ha constituido el Grupo de Trabajo de Prevenci\u00f3n Cuaternaria (GDT P4) Chile, a ra\u00edz de la propuesta surgida en el IV Congreso Iberoamericano CIMF-WONCA de Montevideo de armar una Red Iberoamericana para estudiar y difundir el concepto.<\/p>\n<p>La prevenci\u00f3n cuaternaria se entiende como las acciones implementadas para identificar a un paciente o a una poblaci\u00f3n en riesgo de sobremedicalizaci\u00f3n, protegerlos de intervenciones m\u00e9dicas invasivas, y proponerles procedimientos y\/o cuidados \u00e9ticamente aceptables (Jamoulle, 2015)<\/p>\n<p>Compartimos con Uds la edici\u00f3n abril-junio de la Revista Brasile\u00f1a de Medicina Familiar y Comunitaria, dedicado al tema: <a href=\"http:\/\/www.rbmfc.org.br\/rbmfc\/issue\/view\/44\/showToc\" target=\"_blank\" rel=\"noopener noreferrer\">http:\/\/www.rbmfc.org.br\/rbmfc\/issue\/view\/44\/showToc<\/a><\/p>\n<p>Coordinadora:<strong> Dra. M\u00f3nica Nivelo Clavijo<\/strong><br \/>Encargada GDT Prevenci\u00f3n Cuaternaria P4 Chile<br \/>Sociedad Cient\u00edfica de Medicina Familiar y General de Chile<\/p>\n\n\n<p><\/p>\n","protected":false},"excerpt":{"rendered":"<p>Se ha constituido el Grupo de Trabajo de Prevenci\u00f3n Cuaternaria (GDT P4) Chile, a ra\u00edz de la propuesta surgida en el IV Congreso Iberoamericano CIMF-WONCA de Montevideo de armar una Red Iberoamericana para estudiar y difundir el concepto. La prevenci\u00f3n cuaternaria se entiende como las acciones implementadas para identificar a un paciente o a una [&hellip;]<\/p>\n","protected":false},"author":1,"featured_media":0,"parent":0,"menu_order":0,"comment_status":"closed","ping_status":"closed","template":"","meta":{"footnotes":""},"class_list":["post-130","page","type-page","status-publish","hentry"],"_links":{"self":[{"href":"https:\/\/www.medicinafamiliar.cl\/mf\/wordpress\/wp-json\/wp\/v2\/pages\/130","targetHints":{"allow":["GET"]}}],"collection":[{"href":"https:\/\/www.medicinafamiliar.cl\/mf\/wordpress\/wp-json\/wp\/v2\/pages"}],"about":[{"href":"https:\/\/www.medicinafamiliar.cl\/mf\/wordpress\/wp-json\/wp\/v2\/types\/page"}],"author":[{"embeddable":true,"href":"https:\/\/www.medicinafamiliar.cl\/mf\/wordpress\/wp-json\/wp\/v2\/users\/1"}],"replies":[{"embeddable":true,"href":"https:\/\/www.medicinafamiliar.cl\/mf\/wordpress\/wp-json\/wp\/v2\/comments?post=130"}],"version-history":[{"count":3,"href":"https:\/\/www.medicinafamiliar.cl\/mf\/wordpress\/wp-json\/wp\/v2\/pages\/130\/revisions"}],"predecessor-version":[{"id":2631,"href":"https:\/\/www.medicinafamiliar.cl\/mf\/wordpress\/wp-json\/wp\/v2\/pages\/130\/revisions\/2631"}],"wp:attachment":[{"href":"https:\/\/www.medicinafamiliar.cl\/mf\/wordpress\/wp-json\/wp\/v2\/media?parent=130"}],"curies":[{"name":"wp","href":"https:\/\/api.w.org\/{rel}","templated":true}]}}