{"id":1212,"date":"2021-04-23T19:09:10","date_gmt":"2021-04-23T22:09:10","guid":{"rendered":"http:\/\/www.medicinafamiliar.cl\/mf\/wordpress\/?page_id=1212"},"modified":"2025-03-25T16:47:26","modified_gmt":"2025-03-25T20:47:26","slug":"elige-medicina-familiar","status":"publish","type":"page","link":"https:\/\/www.medicinafamiliar.cl\/mf\/wordpress\/elige-medicina-familiar\/","title":{"rendered":"Elige Medicina Familiar"},"content":{"rendered":"\n<figure class=\"wp-block-video\"><video height=\"720\" style=\"aspect-ratio: 1280 \/ 720;\" width=\"1280\" controls src=\"http:\/\/www.medicinafamiliar.cl\/mf\/wordpress\/wp-content\/uploads\/2021\/07\/Elige-Medicina-Familiar-SOCHIMEF.mp4\"><\/video><\/figure>\n\n\n\n<table border=\"0\" width=\"512\">\n<tbody>\n<tr>\n<td style=\"text-align:center;\"><a href=\"http:\/\/www.medicina.uchile.cl\/atencionprimaria\" target=\"_blank\" rel=\"noopener noreferrer\"><img loading=\"lazy\" decoding=\"async\" src=\"http:\/\/www.medicinafamiliar.cl\/mf\/wordpress\/wp-content\/uploads\/2021\/03\/sochimef-u-chile-mf.jpg\" width=\"100\" height=\"100\" alt=\"\"><\/a><\/td>\n<td>Universidad de Chile<br>\n Dpto. Atenci\u00f3n Primaria y Salud Familiar<\/td>\n<td><a href=\"http:\/\/www.medicina.uchile.cl\/atencionprimaria\" target=\"_blank\" rel=\"noopener noreferrer\">M\u00e1s Informaci\u00f3n<\/a><\/td>\n<\/tr>\n<tr>\n<td><a href=\"https:\/\/medicina.uc.cl\/postgrado\/especialidades-medicas\/especialidades-primarias-2\/medicina-familiar-mencion-nino\/\" target=\"_blank\" rel=\"noopener noreferrer\"><img loading=\"lazy\" decoding=\"async\" src=\"http:\/\/www.medicinafamiliar.cl\/mf\/wordpress\/wp-content\/uploads\/2021\/03\/sochimef-puc-mf.jpg\" width=\"100\" height=\"100\" alt=\"\"><\/a><\/td>\n<td>Pontificia Universidad Cat\u00f3lica<br>\nPrograma de especialidad m\u00e9dica en <br>\nMedicina Familiar del Ni\u00f1o\n<\/td>\n<td><a href=\"https:\/\/medicina.uc.cl\/postgrado\/especialidades-medicas\/especialidades-primarias-2\/medicina-familiar-mencion-nino\/\" target=\"_blank\" rel=\"noopener noreferrer\">M\u00e1s Informaci\u00f3n<\/a><\/td>\n<\/tr>\n<tr>\n<td><a href=\"https:\/\/medicina.uc.cl\/postgrado\/especialidades-medicas\/especialidades-primarias-2\/medicina-familiar-mencion-adulto\/\" target=\"_blank\" rel=\"noopener noreferrer\"><img loading=\"lazy\" decoding=\"async\" src=\"http:\/\/www.medicinafamiliar.cl\/mf\/wordpress\/wp-content\/uploads\/2021\/03\/sochimef-puc-mf.jpg\" width=\"100\" height=\"100\" alt=\"\"><\/a><\/td>\n<td>Pontificia Universidad Cat\u00f3lica<br>\nPrograma de especialidad m\u00e9dica en <br>\nMedicina Familiar del Adulto\n<\/td>\n<td><a href=\"https:\/\/medicina.uc.cl\/postgrado\/especialidades-medicas\/especialidades-primarias-2\/medicina-familiar-mencion-adulto\/\" target=\"_blank\" rel=\"noopener noreferrer\">M\u00e1s Informaci\u00f3n<\/a><\/td>\n<\/tr>\n<tr>\n<td><a href=\"https:\/\/postgrado.udec.cl\/?q=node\/487&amp;codigo=5585\" target=\"_blank\" rel=\"noopener noreferrer\"><img loading=\"lazy\" decoding=\"async\" src=\"http:\/\/www.medicinafamiliar.cl\/mf\/wordpress\/wp-content\/uploads\/2021\/03\/sochimef-udec-mf.jpg\" width=\"100\" height=\"100\" alt=\"\"><\/a><\/td>\n<td>Universidad de Concepci\u00f3n<br>\nEspecialidad M\u00e9dica en Medicina Familiar<\/td>\n<td><a href=\"https:\/\/postgrado.udec.cl\/programas\/especialidades\/14\" target=\"_blank\" rel=\"noopener noreferrer\">M\u00e1s Informaci\u00f3n<\/a><\/td>\n<\/tr>\n<tr>\n<td><a href=\"http:\/\/medicina.uach.cl\/postgrado\/especialidades\/medicina-familiar-comunitaria\/\" target=\"_blank\" rel=\"noopener noreferrer\"><img loading=\"lazy\" decoding=\"async\" src=\"http:\/\/www.medicinafamiliar.cl\/mf\/wordpress\/wp-content\/uploads\/2021\/03\/sochimef-u-austral-mf.jpg\" width=\"100\" height=\"100\" alt=\"\"><\/a><\/td>\n<td>Universidad Austral de Chile<br>\nPrograma de Especializaci\u00f3n en <br>\nMedicina Familiar Comunitaria\n<\/td>\n<td><a href=\"http:\/\/medicina.uach.cl\/postgrado\/especialidades\/medicina-familiar-comunitaria\/\" target=\"_blank\" rel=\"noopener noreferrer\">M\u00e1s Informaci\u00f3n<\/a><\/td>\n<\/tr>\n<tr>\n\n<tr>\n<td><img loading=\"lazy\" decoding=\"async\" src=\"http:\/\/www.medicinafamiliar.cl\/mf\/wordpress\/wp-content\/uploads\/2021\/03\/sochimef-ufro-mf.jpg\" width=\"100\" height=\"100\" alt=\"\"><\/td>\n<td>Universidad de La Frontera<br>\nFacultad de Medicina<br>\nEspecialidad en Medicina Familiar General\n<\/td>\n<td><a href=\"https:\/\/postgrado.med.ufro.cl\/index.php\/especialidades-medicas\/48-especialidad-en-medicina-familiar-general\" target=\"_blank\" rel=\"noopener noreferrer\">M\u00e1s Informaci\u00f3n<\/a><\/td>\n<\/tr>\n<tr>\n<td><img loading=\"lazy\" decoding=\"async\" src=\"http:\/\/www.medicinafamiliar.cl\/mf\/wordpress\/wp-content\/uploads\/2021\/03\/sochimef-uv.jpg\" width=\"100\" height=\"100\" alt=\"\"><\/td>\n<td>Universidad de Valpara\u00edso<br>\nEspecialidad M\u00e9dica en Medicina General Familiar\n<\/td>\n<td><a href=\"https:\/\/postgrados.uv.cl\/index.php\/especialidades\/especialidades-medicas\/medicina-general-familiar\" target=\"_blank\" rel=\"noopener noreferrer\">M\u00e1s Informaci\u00f3n<\/a><\/td>\n<\/tr>\n\n<tr>\n<td><img loading=\"lazy\" decoding=\"async\" src=\"http:\/\/www.medicinafamiliar.cl\/mf\/wordpress\/wp-content\/uploads\/2021\/03\/sochimef-usach.jpg\" width=\"100\" height=\"100\" alt=\"\"><\/td>\n<td>Universidad de Santiago<br>\nPrograma de Formaci\u00f3n de M\u00e9dico<br>\nEspecialista en Medicina Familiar\n<\/td>\n<td><a href=\"https:\/\/postgradosfacimed.cl\/especialidades_medic\/medicina-familiar\/\" target=\"_blank\" rel=\"noopener noreferrer\">M\u00e1s Informaci\u00f3n<\/a><\/td>\n<\/tr>\n<tr>\n<td><a href=\"http:\/\/www.postgrado.utalca.cl\/?portfolio=odontopediatria-2\" target=\"_blank\" rel=\"noopener noreferrer\"><img loading=\"lazy\" decoding=\"async\" src=\"http:\/\/www.medicinafamiliar.cl\/mf\/wordpress\/wp-content\/uploads\/2021\/04\/sochimef-u-de-talca-mf.jpg\" width=\"100\" height=\"100\" alt=\"\"><\/a><\/td>\n<td>Universidad de Talca<br>\nEspecializaci\u00f3n en Medicina Familiar y Comunitaria\n<\/td>\n<td><a href=\"http:\/\/www.postgrado.utalca.cl\/?portfolio=odontopediatria-2\" target=\"_blank\" rel=\"noopener noreferrer\">M\u00e1s Informaci\u00f3n<\/a><\/td>\n<\/tr>\n<tr>\n<td><a href=\"https:\/\/postgradomedicina.uss.cl\/postitulo-de-medicina-familiar\/#:~:text=El%20programa%20de%20Post%C3%ADtulo%20de,lo%20largo%20del%20ciclo%20vital%2C\" target=\"_blank\" rel=\"noopener noreferrer\"><img loading=\"lazy\" decoding=\"async\" src=\"http:\/\/www.medicinafamiliar.cl\/mf\/wordpress\/wp-content\/uploads\/2021\/04\/sochimef-uss-mf.jpg\" width=\"100\" height=\"100\" alt=\"\"><\/td>\n<td>Universidad San Sebasti\u00e1n<br>\nPost\u00edtulo de Especializaci\u00f3n M\u00e9dica en <br>Medicina Familiar<\/td>\n<td><a href=\"https:\/\/postgradomedicina.uss.cl\/postitulo-de-medicina-familiar\/#:~:text=El%20programa%20de%20Post%C3%ADtulo%20de,lo%20largo%20del%20ciclo%20vital%2C\" target=\"_blank\" rel=\"noopener noreferrer\">M\u00e1s Informaci\u00f3n<\/a><\/td>\n<\/tr>\n<tr>\n<td><a href=\"https:\/\/www.ucn.cl\/carrera\/especialidad-medicina-familiar\/\" target=\"_blank\" rel=\"noopener noreferrer\"><img loading=\"lazy\" decoding=\"async\" src=\"http:\/\/www.medicinafamiliar.cl\/mf\/wordpress\/wp-content\/uploads\/2021\/04\/sochimef-ucn-mf.jpg\" width=\"100\" height=\"100\" alt=\"\"><\/a><\/td>\n<td>Universidad Cat\u00f3lica del Norte<br>\nEspecialidad Medicina Familiar<\/td>\n<td><a href=\"https:\/\/www.ucn.cl\/carrera\/especialidad-medicina-familiar\/\" target=\"_blank\" rel=\"noopener noreferrer\">M\u00e1s Informaci\u00f3n<\/a><\/td>\n<\/tr>\n<tr>\n<td><a href=\"http:\/\/vrip.ucm.cl\/medicina-familiar\/\" target=\"_blank\" rel=\"noopener noreferrer\"><img loading=\"lazy\" decoding=\"async\" src=\"http:\/\/www.medicinafamiliar.cl\/mf\/wordpress\/wp-content\/uploads\/2022\/04\/sochimef-ucmaule.jpg\" width=\"100\" height=\"100\" alt=\"\"><\/a><\/td>\n<td>Universidad Cat\u00f3lica del Maule<br>\nEspecialidad M\u00e9dica en Medicina Familiar<\/td>\n<td><a href=\"http:\/\/vrip.ucm.cl\/medicina-familiar\/\" target=\"_blank\" rel=\"noopener noreferrer\">M\u00e1s Informaci\u00f3n<\/a><\/td>\n<\/tr>\n<tr>\n<td><a href=\"https:\/\/postgradosuandes.cl\/especialidad-de-salud\/especialidad-medica-en-medicina-familiar-mencion-persona-mayor\/?utm_source=Uandescl&#038;utm_medium=UandesMenu&#038;utm_campaign=Uandes\" target=\"_blank\" rel=\"noopener noreferrer\"><img loading=\"lazy\" decoding=\"async\" src=\"http:\/\/www.medicinafamiliar.cl\/mf\/wordpress\/wp-content\/uploads\/2022\/04\/sochimef-uandes-mf.jpg\" width=\"100\" height=\"100\" alt=\"\"><\/a><\/td>\n<td>Universidad de los Andes<br>\nEspecialidad M\u00e9dica en Medicina Familiar,<br> \nMenci\u00f3n Persona Mayor<\/td>\n<td><a href=\"https:\/\/postgradosuandes.cl\/especialidad-de-salud\/especialidad-medica-en-medicina-familiar-mencion-persona-mayor\/?utm_source=Uandescl&#038;utm_medium=UandesMenu&#038;utm_campaign=Uandes\" target=\"_blank\" rel=\"noopener noreferrer\">M\u00e1s Informaci\u00f3n<\/a><\/td>\n<\/tr>\n<tr>\n<td><a href=\"https:\/\/posgrados.udp.cl\/programas\/programa-de-formacion-en-la-especialidad-de-medicina-familiar-y-comunitaria\/\" target=\"_blank\" rel=\"noopener noreferrer\"><img loading=\"lazy\" decoding=\"async\" src=\"http:\/\/www.medicinafamiliar.cl\/mf\/wordpress\/wp-content\/uploads\/2022\/04\/sochimef-udp-mf.jpg\" width=\"100\" height=\"100\" alt=\"\"><\/a><\/td>\n<td>Universidad Diego Portales<br>\nPrograma de formaci\u00f3n especialistas<br> \nen medicina familiar y comunitaria\n<\/td>\n<td><a href=\"https:\/\/posgrados.udp.cl\/programas\/programa-de-formacion-en-la-especialidad-de-medicina-familiar-y-comunitaria\/\" target=\"_blank\" rel=\"noopener noreferrer\">M\u00e1s Informaci\u00f3n<\/a><\/td>\n<\/tr>\n<tr>\n<td><a href=\"https:\/\/postgrados.uautonoma.cl\/programas\/especialidades\/especialidad-medica-en-medicina-familiar\/\" target=\"_blank\" rel=\"noopener noreferrer\"><img loading=\"lazy\" decoding=\"async\" src=\"http:\/\/www.medicinafamiliar.cl\/mf\/wordpress\/wp-content\/uploads\/2025\/03\/sochimef-logo-ua-talca.png\" width=\"100\" height=\"100\" alt=\"\"><\/a><\/td>\n<td>Universidad Aut\u00f3noma (sede Talca)<br>\nEspecialidad M\u00e9dica en Medicina Familiar<br>\n<\/td>\n<td><a href=\"https:\/\/postgrados.uautonoma.cl\/programas\/especialidades\/especialidad-medica-en-medicina-familiar\/\" target=\"_blank\" rel=\"noopener noreferrer\">M\u00e1s Informaci\u00f3n<\/a><\/td>\n<\/tr>\n\n<\/tbody>\n<\/table>\n","protected":false},"excerpt":{"rendered":"<p>Universidad de Chile Dpto. Atenci\u00f3n Primaria y Salud Familiar M\u00e1s Informaci\u00f3n Pontificia Universidad Cat\u00f3lica Programa de especialidad m\u00e9dica en Medicina Familiar del Ni\u00f1o M\u00e1s Informaci\u00f3n Pontificia Universidad Cat\u00f3lica Programa de especialidad m\u00e9dica en Medicina Familiar del Adulto M\u00e1s Informaci\u00f3n Universidad de Concepci\u00f3n Especialidad M\u00e9dica en Medicina Familiar M\u00e1s Informaci\u00f3n Universidad Austral de Chile Programa de [&hellip;]<\/p>\n","protected":false},"author":1,"featured_media":0,"parent":0,"menu_order":0,"comment_status":"closed","ping_status":"closed","template":"","meta":{"footnotes":""},"class_list":["post-1212","page","type-page","status-publish","hentry"],"_links":{"self":[{"href":"https:\/\/www.medicinafamiliar.cl\/mf\/wordpress\/wp-json\/wp\/v2\/pages\/1212","targetHints":{"allow":["GET"]}}],"collection":[{"href":"https:\/\/www.medicinafamiliar.cl\/mf\/wordpress\/wp-json\/wp\/v2\/pages"}],"about":[{"href":"https:\/\/www.medicinafamiliar.cl\/mf\/wordpress\/wp-json\/wp\/v2\/types\/page"}],"author":[{"embeddable":true,"href":"https:\/\/www.medicinafamiliar.cl\/mf\/wordpress\/wp-json\/wp\/v2\/users\/1"}],"replies":[{"embeddable":true,"href":"https:\/\/www.medicinafamiliar.cl\/mf\/wordpress\/wp-json\/wp\/v2\/comments?post=1212"}],"version-history":[{"count":70,"href":"https:\/\/www.medicinafamiliar.cl\/mf\/wordpress\/wp-json\/wp\/v2\/pages\/1212\/revisions"}],"predecessor-version":[{"id":4989,"href":"https:\/\/www.medicinafamiliar.cl\/mf\/wordpress\/wp-json\/wp\/v2\/pages\/1212\/revisions\/4989"}],"wp:attachment":[{"href":"https:\/\/www.medicinafamiliar.cl\/mf\/wordpress\/wp-json\/wp\/v2\/media?parent=1212"}],"curies":[{"name":"wp","href":"https:\/\/api.w.org\/{rel}","templated":true}]}}