{"id":1189,"date":"2021-03-05T20:46:39","date_gmt":"2021-03-05T23:46:39","guid":{"rendered":"http:\/\/www.medicinafamiliar.cl\/mf\/wordpress\/?page_id=1189"},"modified":"2021-03-05T20:46:40","modified_gmt":"2021-03-05T23:46:40","slug":"biografia-joaquin-montero-labbe","status":"publish","type":"page","link":"https:\/\/www.medicinafamiliar.cl\/mf\/wordpress\/biografia-joaquin-montero-labbe\/","title":{"rendered":"Biograf\u00eda Joaqu\u00edn Montero Labb\u00e9"},"content":{"rendered":"\n<div class=\"wp-block-image\"><figure class=\"alignright size-large\"><img loading=\"lazy\" decoding=\"async\" width=\"250\" height=\"400\" src=\"https:\/\/www.medicinafamiliar.cl\/mf\/wordpress\/wp-content\/uploads\/2021\/03\/sochimef-dr-joaquin-montero-labbe.jpg\" alt=\"\" class=\"wp-image-1190\" srcset=\"https:\/\/www.medicinafamiliar.cl\/mf\/wordpress\/wp-content\/uploads\/2021\/03\/sochimef-dr-joaquin-montero-labbe.jpg 250w, https:\/\/www.medicinafamiliar.cl\/mf\/wordpress\/wp-content\/uploads\/2021\/03\/sochimef-dr-joaquin-montero-labbe-188x300.jpg 188w\" sizes=\"auto, (max-width: 250px) 100vw, 250px\" \/><\/figure><\/div>\n\n\n<p style=\"text-align: justify;\">El Dr. Montero naci\u00f3 en Santiago y curs\u00f3 su ense\u00f1anza b\u00e1sica y media en el Colegio Verbo Divino. En el a\u00f1o 1962 comenz\u00f3 a estudiar la carrera de Medicina en la Pontificia Universidad Cat\u00f3lica de Chile y, luego de obtener el t\u00edtulo de M\u00e9dico, se especializa en Medicina Interna para finalmente, en el a\u00f1o 1990, obtener su grado de M\u00e1ster en Salud P\u00fablica por la University of North Carolina, en Estados Unidos.<\/p>\n<p style=\"text-align: justify;\">En 1980 comienza una destacada carrera acad\u00e9mica en la Pontificia Universidad Cat\u00f3lica de Chile donde, en la d\u00e9cada de los 90, crea un programa de Salud Familiar el que luego, gracias a su liderazgo y visi\u00f3n, se convierte, a\u00f1os despu\u00e9s, en el Departamento de Medicina Familiar en dicha casa de estudios.<\/p>\n<p style=\"text-align: justify;\">En 1993 junto con otros docentes y un grupo de m\u00e9dicos j\u00f3venes dieron forma a un programa de formaci\u00f3n nuevo para especializarse en atenci\u00f3n primaria,\u00a0 que originalmente se llam\u00f3 Medicina General Ambulatoria y que luego se denomin\u00f3 Medicina Familiar (con menciones adulto y ni\u00f1o).<\/p>\n<p style=\"text-align: justify;\">Su vocaci\u00f3n por la salud p\u00fablica lo hicieron, en el a\u00f1o 2002, formar parte del equipo iniciador y primer responsable del Proyecto ANCORA UC que consiste en la creaci\u00f3n y puesta en marcha de una red de centros de salud con un modelo de atenci\u00f3n primaria basado en salud familiar en comunas de alta vulnerabilidad en la regi\u00f3n metropolitana. La idea es intentar resolver, desde el primer contacto, la mayor parte de los problemas de salud de sus pacientes siguiendo un est\u00e1ndar de atenci\u00f3n de excelencia.<\/p>\n<p style=\"text-align: justify;\">Su destacada trayectoria acad\u00e9mica y profesional lo han hecho merecedor de variadas distinciones, como por ejemplo desde el a\u00f1o 2016 es profesor em\u00e9rito de la P. Universidad Cat\u00f3lica de Chile &#8211; la casa de estudios donde ha realizado toda su carrera docente &#8211; y tambi\u00e9n desde el a\u00f1o 2018 es miembro honorario de la Academia Chilena de Medicina.<\/p>","protected":false},"excerpt":{"rendered":"<p>El Dr. Montero naci\u00f3 en Santiago y curs\u00f3 su ense\u00f1anza b\u00e1sica y media en el Colegio Verbo Divino. En el a\u00f1o 1962 comenz\u00f3 a estudiar la carrera de Medicina en la Pontificia Universidad Cat\u00f3lica de Chile y, luego de obtener el t\u00edtulo de M\u00e9dico, se especializa en Medicina Interna para finalmente, en el a\u00f1o 1990, [&hellip;]<\/p>\n","protected":false},"author":1,"featured_media":0,"parent":0,"menu_order":0,"comment_status":"closed","ping_status":"closed","template":"","meta":{"footnotes":""},"class_list":["post-1189","page","type-page","status-publish","hentry"],"_links":{"self":[{"href":"https:\/\/www.medicinafamiliar.cl\/mf\/wordpress\/wp-json\/wp\/v2\/pages\/1189","targetHints":{"allow":["GET"]}}],"collection":[{"href":"https:\/\/www.medicinafamiliar.cl\/mf\/wordpress\/wp-json\/wp\/v2\/pages"}],"about":[{"href":"https:\/\/www.medicinafamiliar.cl\/mf\/wordpress\/wp-json\/wp\/v2\/types\/page"}],"author":[{"embeddable":true,"href":"https:\/\/www.medicinafamiliar.cl\/mf\/wordpress\/wp-json\/wp\/v2\/users\/1"}],"replies":[{"embeddable":true,"href":"https:\/\/www.medicinafamiliar.cl\/mf\/wordpress\/wp-json\/wp\/v2\/comments?post=1189"}],"version-history":[{"count":1,"href":"https:\/\/www.medicinafamiliar.cl\/mf\/wordpress\/wp-json\/wp\/v2\/pages\/1189\/revisions"}],"predecessor-version":[{"id":1191,"href":"https:\/\/www.medicinafamiliar.cl\/mf\/wordpress\/wp-json\/wp\/v2\/pages\/1189\/revisions\/1191"}],"wp:attachment":[{"href":"https:\/\/www.medicinafamiliar.cl\/mf\/wordpress\/wp-json\/wp\/v2\/media?parent=1189"}],"curies":[{"name":"wp","href":"https:\/\/api.w.org\/{rel}","templated":true}]}}