{"id":80,"date":"2019-12-09T02:50:44","date_gmt":"2019-12-09T05:50:44","guid":{"rendered":"http:\/\/www.medicinafamiliar.cl\/mf\/wordpress\/?page_id=80"},"modified":"2025-03-02T22:51:46","modified_gmt":"2025-03-03T02:51:46","slug":"comite-educacion-2019","status":"publish","type":"page","link":"http:\/\/www.medicinafamiliar.cl\/mf\/wordpress\/comite-educacion-2019\/","title":{"rendered":"Comit\u00e9 Educaci\u00f3n"},"content":{"rendered":"<p>El <strong>Comit\u00e9 de Educaci\u00f3n de la Sociedad Chilena de Medicina Familiar<\/strong> <em>(SOCHIMEF)<\/em> se form\u00f3 oficialmente en enero de 2019 y est\u00e1 integrado por m\u00e9dicos familiares y residentes de nuestra especialidad que buscan colaborar de manera activa en las diversas formas de educaci\u00f3n continua de nuestros socios, m\u00e9dicos generales, m\u00e9dicos de otras especialidades afines y otros profesionales de la salud que trabajan en atenci\u00f3n primaria o se desempe\u00f1an ligados a \u00e9sta.<\/p>\n<p><strong>Coordinador: Dr. Patricio Thieme.<\/strong><\/p>\n\n\n<p><a href=\"http:\/\/www.medicinafamiliar.cl\/mf\/wordpress\/cursos-sochimef-2025\/\">Oferta de cursos SOCHIMEF 2025<\/a><\/p>\n\n\n\n<p><\/p>\n","protected":false},"excerpt":{"rendered":"<p>El Comit\u00e9 de Educaci\u00f3n de la Sociedad Chilena de Medicina Familiar (SOCHIMEF) se form\u00f3 oficialmente en enero de 2019 y est\u00e1 integrado por m\u00e9dicos familiares y residentes de nuestra especialidad que buscan colaborar de manera activa en las diversas formas de educaci\u00f3n continua de nuestros socios, m\u00e9dicos generales, m\u00e9dicos de otras especialidades afines y otros [&hellip;]<\/p>\n","protected":false},"author":1,"featured_media":0,"parent":0,"menu_order":0,"comment_status":"closed","ping_status":"closed","template":"","meta":{"footnotes":""},"class_list":["post-80","page","type-page","status-publish","hentry"],"_links":{"self":[{"href":"http:\/\/www.medicinafamiliar.cl\/mf\/wordpress\/wp-json\/wp\/v2\/pages\/80","targetHints":{"allow":["GET"]}}],"collection":[{"href":"http:\/\/www.medicinafamiliar.cl\/mf\/wordpress\/wp-json\/wp\/v2\/pages"}],"about":[{"href":"http:\/\/www.medicinafamiliar.cl\/mf\/wordpress\/wp-json\/wp\/v2\/types\/page"}],"author":[{"embeddable":true,"href":"http:\/\/www.medicinafamiliar.cl\/mf\/wordpress\/wp-json\/wp\/v2\/users\/1"}],"replies":[{"embeddable":true,"href":"http:\/\/www.medicinafamiliar.cl\/mf\/wordpress\/wp-json\/wp\/v2\/comments?post=80"}],"version-history":[{"count":7,"href":"http:\/\/www.medicinafamiliar.cl\/mf\/wordpress\/wp-json\/wp\/v2\/pages\/80\/revisions"}],"predecessor-version":[{"id":4907,"href":"http:\/\/www.medicinafamiliar.cl\/mf\/wordpress\/wp-json\/wp\/v2\/pages\/80\/revisions\/4907"}],"wp:attachment":[{"href":"http:\/\/www.medicinafamiliar.cl\/mf\/wordpress\/wp-json\/wp\/v2\/media?parent=80"}],"curies":[{"name":"wp","href":"https:\/\/api.w.org\/{rel}","templated":true}]}}