{"id":71,"date":"2019-12-09T02:44:42","date_gmt":"2019-12-09T05:44:42","guid":{"rendered":"http:\/\/www.medicinafamiliar.cl\/mf\/wordpress\/?page_id=71"},"modified":"2020-02-20T03:00:31","modified_gmt":"2020-02-20T06:00:31","slug":"inscripcion-comites-sochimef","status":"publish","type":"page","link":"http:\/\/www.medicinafamiliar.cl\/mf\/wordpress\/inscripcion-comites-sochimef\/","title":{"rendered":"Inscripci\u00f3n Comit\u00e9s SOCHIMEF"},"content":{"rendered":"\n<div class=\"wpcf7 no-js\" id=\"wpcf7-f73-o1\" lang=\"es-CL\" dir=\"ltr\" data-wpcf7-id=\"73\">\n<div class=\"screen-reader-response\"><p role=\"status\" aria-live=\"polite\" aria-atomic=\"true\"><\/p> <ul><\/ul><\/div>\n<form action=\"\/mf\/wordpress\/wp-json\/wp\/v2\/pages\/71#wpcf7-f73-o1\" method=\"post\" class=\"wpcf7-form init\" aria-label=\"Formulario de contacto\" novalidate=\"novalidate\" data-status=\"init\">\n<fieldset class=\"hidden-fields-container\"><input type=\"hidden\" name=\"_wpcf7\" value=\"73\" \/><input type=\"hidden\" name=\"_wpcf7_version\" value=\"6.1.5\" \/><input type=\"hidden\" name=\"_wpcf7_locale\" value=\"es_CL\" \/><input type=\"hidden\" name=\"_wpcf7_unit_tag\" value=\"wpcf7-f73-o1\" \/><input type=\"hidden\" name=\"_wpcf7_container_post\" value=\"0\" \/><input type=\"hidden\" name=\"_wpcf7_posted_data_hash\" value=\"\" \/>\n<\/fieldset>\n<p><label>Nombre (requerido):<span class=\"wpcf7-form-control-wrap\" data-name=\"your-name\"><input size=\"40\" maxlength=\"400\" class=\"wpcf7-form-control wpcf7-text wpcf7-validates-as-required\" aria-required=\"true\" aria-invalid=\"false\" placeholder=\"Nombre (requerido)\" value=\"\" type=\"text\" name=\"your-name\" \/><\/span><\/label><br \/>\n<label>Apellidos (requerido):<span class=\"wpcf7-form-control-wrap\" data-name=\"your-name2\"><input size=\"40\" maxlength=\"400\" class=\"wpcf7-form-control wpcf7-text wpcf7-validates-as-required\" aria-required=\"true\" aria-invalid=\"false\" placeholder=\"Apellidos(requerido)\" value=\"\" type=\"text\" name=\"your-name2\" \/><\/span><\/label><br \/>\n<label>RUT (requerido):<span class=\"wpcf7-form-control-wrap\" data-name=\"rut\"><input size=\"40\" maxlength=\"400\" class=\"wpcf7-form-control wpcf7-text wpcf7-validates-as-required\" aria-required=\"true\" aria-invalid=\"false\" placeholder=\"RUT(requerido)\" value=\"\" type=\"text\" name=\"rut\" \/><\/span><\/label><br \/>\n<label>Tel\u00e9fono Celular (requerido):<span class=\"wpcf7-form-control-wrap\" data-name=\"celular\"><input size=\"40\" maxlength=\"400\" class=\"wpcf7-form-control wpcf7-tel wpcf7-validates-as-required wpcf7-text wpcf7-validates-as-tel\" aria-required=\"true\" aria-invalid=\"false\" placeholder=\"Celular(requerido)\" value=\"\" type=\"tel\" name=\"celular\" \/><\/span><\/label><br \/>\n<label>Ciudad (requerido):<span class=\"wpcf7-form-control-wrap\" data-name=\"ciudad\"><input size=\"40\" maxlength=\"400\" class=\"wpcf7-form-control wpcf7-text wpcf7-validates-as-required\" aria-required=\"true\" aria-invalid=\"false\" placeholder=\"Ciudad de Residencia (requerido)\" value=\"\" type=\"text\" name=\"ciudad\" \/><\/span><\/label><br \/>\n<label>Tel\u00e9fono Fijo (requerido):<span class=\"wpcf7-form-control-wrap\" data-name=\"telefono\"><input size=\"40\" maxlength=\"400\" class=\"wpcf7-form-control wpcf7-tel wpcf7-text wpcf7-validates-as-tel\" aria-invalid=\"false\" placeholder=\"Tel\u00e9fono Fijo\" value=\"\" type=\"tel\" name=\"telefono\" \/><\/span><\/label><br \/>\n<label>Email (requerido):<span class=\"wpcf7-form-control-wrap\" data-name=\"your-email\"><input size=\"40\" maxlength=\"400\" class=\"wpcf7-form-control wpcf7-email wpcf7-validates-as-required wpcf7-text wpcf7-validates-as-email\" aria-required=\"true\" aria-invalid=\"false\" placeholder=\"Correo electr\u00f3nico (requerido)\" value=\"\" type=\"email\" name=\"your-email\" \/><\/span><\/label><br \/>\n<label>Organismo o Instituci\u00f3n donde Trabaja (opcional):<span class=\"wpcf7-form-control-wrap\" data-name=\"organismo\"><input size=\"40\" maxlength=\"400\" class=\"wpcf7-form-control wpcf7-text\" aria-invalid=\"false\" placeholder=\"Organismo o Instituci\u00f3n donde Trabaja (opcional)\" value=\"\" type=\"text\" name=\"organismo\" \/><\/span><br \/>\n<\/label><label>A continuaci\u00f3n seleccione la casilla a cu\u00e1l(es) Comit\u00e9(s) desea inscribirse:<\/label><br \/>\n<span class=\"wpcf7-form-control-wrap\" data-name=\"comites\"><span class=\"wpcf7-form-control wpcf7-checkbox\"><span class=\"wpcf7-list-item first\"><span class=\"wpcf7-list-item-label\">Abogac\u00eda<\/span><input type=\"checkbox\" name=\"comites[]\" value=\"Abogac\u00eda\" \/><\/span><span class=\"wpcf7-list-item\"><span class=\"wpcf7-list-item-label\">Congreso<\/span><input type=\"checkbox\" name=\"comites[]\" value=\"Congreso\" \/><\/span><span class=\"wpcf7-list-item\"><span class=\"wpcf7-list-item-label\">Docente<\/span><input type=\"checkbox\" name=\"comites[]\" value=\"Docente\" \/><\/span><span class=\"wpcf7-list-item\"><span class=\"wpcf7-list-item-label\">Cuidados Espirituales<\/span><input type=\"checkbox\" name=\"comites[]\" value=\"Cuidados Espirituales\" \/><\/span><span class=\"wpcf7-list-item\"><span class=\"wpcf7-list-item-label\">Prevenci\u00f3n Cuaternaria<\/span><input type=\"checkbox\" name=\"comites[]\" value=\"Prevenci\u00f3n Cuaternaria\" \/><\/span><span class=\"wpcf7-list-item\"><span class=\"wpcf7-list-item-label\">Persona Mayor<\/span><input type=\"checkbox\" name=\"comites[]\" value=\"Persona Mayor\" \/><\/span><span class=\"wpcf7-list-item\"><span class=\"wpcf7-list-item-label\">MAIS<\/span><input type=\"checkbox\" name=\"comites[]\" value=\"MAIS\" \/><\/span><span class=\"wpcf7-list-item\"><span class=\"wpcf7-list-item-label\">Revista SOCHIMEF<\/span><input type=\"checkbox\" name=\"comites[]\" value=\"Revista SOCHIMEF\" \/><\/span><span class=\"wpcf7-list-item\"><span class=\"wpcf7-list-item-label\">Ni\u00f1os, Ni\u00f1as y Adolescentes<\/span><input type=\"checkbox\" name=\"comites[]\" value=\"Ni\u00f1os, Ni\u00f1as y Adolescentes\" \/><\/span><span class=\"wpcf7-list-item last\"><span class=\"wpcf7-list-item-label\">Grupo de Trabajo Bio\u00e9tica<\/span><input type=\"checkbox\" name=\"comites[]\" value=\"Grupo de Trabajo Bio\u00e9tica\" \/><\/span><\/span><\/span><br \/>\n<label>Comentarios:<span class=\"wpcf7-form-control-wrap\" data-name=\"comentario\"><textarea cols=\"40\" rows=\"10\" maxlength=\"2000\" class=\"wpcf7-form-control wpcf7-textarea\" aria-invalid=\"false\" placeholder=\"Comentarios\" name=\"comentario\"><\/textarea><\/span><\/label>\n<\/p>\n<p><input class=\"wpcf7-form-control wpcf7-submit has-spinner\" type=\"submit\" value=\"Enviar\" \/>\n<\/p><p style=\"display: none !important;\" class=\"akismet-fields-container\" data-prefix=\"_wpcf7_ak_\"><label>&#916;<textarea name=\"_wpcf7_ak_hp_textarea\" cols=\"45\" rows=\"8\" maxlength=\"100\"><\/textarea><\/label><input type=\"hidden\" id=\"ak_js_1\" name=\"_wpcf7_ak_js\" value=\"242\"\/><script>document.getElementById( \"ak_js_1\" ).setAttribute( \"value\", ( new Date() ).getTime() );<\/script><\/p><div class=\"wpcf7-response-output\" aria-hidden=\"true\"><\/div>\n<\/form>\n<\/div>\n\n","protected":false},"excerpt":{"rendered":"<p>Nombre (requerido): Apellidos (requerido): RUT (requerido): Tel\u00e9fono Celular (requerido): Ciudad (requerido): Tel\u00e9fono Fijo (requerido): Email (requerido): Organismo o Instituci\u00f3n donde Trabaja (opcional): A continuaci\u00f3n seleccione la casilla a cu\u00e1l(es) Comit\u00e9(s) desea inscribirse: Abogac\u00edaCongresoDocenteCuidados EspiritualesPrevenci\u00f3n CuaternariaPersona MayorMAISRevista SOCHIMEFNi\u00f1os, Ni\u00f1as y AdolescentesGrupo de Trabajo Bio\u00e9tica Comentarios: &#916;<\/p>\n","protected":false},"author":1,"featured_media":0,"parent":0,"menu_order":0,"comment_status":"closed","ping_status":"closed","template":"","meta":{"footnotes":""},"class_list":["post-71","page","type-page","status-publish","hentry"],"_links":{"self":[{"href":"http:\/\/www.medicinafamiliar.cl\/mf\/wordpress\/wp-json\/wp\/v2\/pages\/71","targetHints":{"allow":["GET"]}}],"collection":[{"href":"http:\/\/www.medicinafamiliar.cl\/mf\/wordpress\/wp-json\/wp\/v2\/pages"}],"about":[{"href":"http:\/\/www.medicinafamiliar.cl\/mf\/wordpress\/wp-json\/wp\/v2\/types\/page"}],"author":[{"embeddable":true,"href":"http:\/\/www.medicinafamiliar.cl\/mf\/wordpress\/wp-json\/wp\/v2\/users\/1"}],"replies":[{"embeddable":true,"href":"http:\/\/www.medicinafamiliar.cl\/mf\/wordpress\/wp-json\/wp\/v2\/comments?post=71"}],"version-history":[{"count":2,"href":"http:\/\/www.medicinafamiliar.cl\/mf\/wordpress\/wp-json\/wp\/v2\/pages\/71\/revisions"}],"predecessor-version":[{"id":74,"href":"http:\/\/www.medicinafamiliar.cl\/mf\/wordpress\/wp-json\/wp\/v2\/pages\/71\/revisions\/74"}],"wp:attachment":[{"href":"http:\/\/www.medicinafamiliar.cl\/mf\/wordpress\/wp-json\/wp\/v2\/media?parent=71"}],"curies":[{"name":"wp","href":"https:\/\/api.w.org\/{rel}","templated":true}]}}