{"id":500,"date":"2020-06-17T00:54:15","date_gmt":"2020-06-17T03:54:15","guid":{"rendered":"http:\/\/www.medicinafamiliar.cl\/mf\/wordpress\/?page_id=500"},"modified":"2023-12-04T18:54:54","modified_gmt":"2023-12-04T22:54:54","slug":"premios-a-la-trayectoria-sochimef","status":"publish","type":"page","link":"http:\/\/www.medicinafamiliar.cl\/mf\/wordpress\/premios-a-la-trayectoria-sochimef\/","title":{"rendered":"Premios a la trayectoria SOCHIMEF"},"content":{"rendered":"<table width=\"505\">\n<tbody>\n<tr style=\"background-color: #ccc;\">\n<td width=\"80\">A\u00f1o<\/td>\n<td width=\"286\">Galardonado<\/td>\n<td width=\"139\">Congreso<\/td>\n<\/tr>\n<tr>\n<td>2009<\/td>\n<td>Dra. Isabel Segovia Dreyer<\/td>\n<td><\/td>\n<\/tr>\n<tr>\n<td>2010<\/td>\n<td>Dr. Joaqu\u00edn Montero Labb\u00e9<\/td>\n<td><\/td>\n<\/tr>\n<tr>\n<td>2011<\/td>\n<td>Dr. Sergio Santiba\u00f1ez<\/td>\n<td>Vi\u00f1a del Mar<\/td>\n<\/tr>\n<tr>\n<td>2012<\/td>\n<td>Dra. Patricia Villaseca<\/td>\n<td>Santiago<\/td>\n<\/tr>\n<tr>\n<td>2013<\/td>\n<td>Dra. Philippa Moore Clive<\/td>\n<td>Santiago<\/td>\n<\/tr>\n<tr>\n<td>2014<\/td>\n<td>Dra. Gloria Bozzo Scagliotti<\/td>\n<td>Santiago<\/td>\n<\/tr>\n<tr>\n<td>2015<\/td>\n<td>Dra. Ximena Acu\u00f1a<\/td>\n<td>Puerto Varas<\/td>\n<\/tr>\n<tr>\n<td>2016<\/td>\n<td>Dra. Macarena Moral<\/td>\n<td>La Serena<\/td>\n<\/tr>\n<tr>\n<td>2017<\/td>\n<td>Dra. Mar\u00eda Jos\u00e9 Puga Yung<\/td>\n<td>Valdivia<\/td>\n<\/tr>\n<tr>\n<td>2019<\/td>\n<td>Dra. Carolina Reyes Bahamonde<\/td>\n<td>Valpara\u00edso<\/td>\n<\/tr>\n<tr>\n<td>2020<\/td>\n<td>Dr. \u00c1lvaro T\u00e9llez T\u00e9llez<\/td>\n<td>Santiago (Virtual)<\/td>\n<\/tr>\n<tr>\n<td>2021<\/td>\n<td>Dr. Reinaldo Mu\u00f1oz Sep\u00falveda<\/td>\n<td>Santiago (Virtual)<\/td>\n<\/tr>\n<tr>\n<td>2022<\/td>\n<td>Dr. Rodrigo Araya<\/td>\n<td>Santiago (Virtual)<\/td>\n<\/tr>\n<tr>\n<td>2023<\/td>\n<td>Dra. Anna Karin Berkhoff Tonk<\/td>\n<td>Temuco (H\u00edbrido)<\/td>\n<\/tr>\n<\/tbody>\n<\/table>\n","protected":false},"excerpt":{"rendered":"<p>A\u00f1o Galardonado Congreso 2009 Dra. Isabel Segovia Dreyer 2010 Dr. Joaqu\u00edn Montero Labb\u00e9 2011 Dr. Sergio Santiba\u00f1ez Vi\u00f1a del Mar 2012 Dra. Patricia Villaseca Santiago 2013 Dra. Philippa Moore Clive Santiago 2014 Dra. Gloria Bozzo Scagliotti Santiago 2015 Dra. Ximena Acu\u00f1a Puerto Varas 2016 Dra. Macarena Moral La Serena 2017 Dra. Mar\u00eda Jos\u00e9 Puga Yung [&hellip;]<\/p>\n","protected":false},"author":1,"featured_media":0,"parent":0,"menu_order":0,"comment_status":"closed","ping_status":"closed","template":"","meta":{"footnotes":""},"class_list":["post-500","page","type-page","status-publish","hentry"],"_links":{"self":[{"href":"http:\/\/www.medicinafamiliar.cl\/mf\/wordpress\/wp-json\/wp\/v2\/pages\/500","targetHints":{"allow":["GET"]}}],"collection":[{"href":"http:\/\/www.medicinafamiliar.cl\/mf\/wordpress\/wp-json\/wp\/v2\/pages"}],"about":[{"href":"http:\/\/www.medicinafamiliar.cl\/mf\/wordpress\/wp-json\/wp\/v2\/types\/page"}],"author":[{"embeddable":true,"href":"http:\/\/www.medicinafamiliar.cl\/mf\/wordpress\/wp-json\/wp\/v2\/users\/1"}],"replies":[{"embeddable":true,"href":"http:\/\/www.medicinafamiliar.cl\/mf\/wordpress\/wp-json\/wp\/v2\/comments?post=500"}],"version-history":[{"count":8,"href":"http:\/\/www.medicinafamiliar.cl\/mf\/wordpress\/wp-json\/wp\/v2\/pages\/500\/revisions"}],"predecessor-version":[{"id":4192,"href":"http:\/\/www.medicinafamiliar.cl\/mf\/wordpress\/wp-json\/wp\/v2\/pages\/500\/revisions\/4192"}],"wp:attachment":[{"href":"http:\/\/www.medicinafamiliar.cl\/mf\/wordpress\/wp-json\/wp\/v2\/media?parent=500"}],"curies":[{"name":"wp","href":"https:\/\/api.w.org\/{rel}","templated":true}]}}