{"id":50,"date":"2019-12-02T02:12:08","date_gmt":"2019-12-02T05:12:08","guid":{"rendered":"http:\/\/www.medicinafamiliar.cl\/mf\/wordpress\/?page_id=50"},"modified":"2024-06-13T14:10:55","modified_gmt":"2024-06-13T18:10:55","slug":"directorio-2024-2025","status":"publish","type":"page","link":"http:\/\/www.medicinafamiliar.cl\/mf\/wordpress\/directorio-2024-2025\/","title":{"rendered":"Directorio 2024-2025"},"content":{"rendered":"<p>Estatutariamente la administraci\u00f3n de la sociedad es ejercida por el Directorio formado por Presidente (a), Vicepresidente (a), Secretario (a), Tesorero (a) y tres Directores, elegidos por la Asamblea General de socios.<\/p>\n<p>Para el desarrollo de los objetivos planteados se han creado Comit\u00e9s de trabajo, sujetos a una clara reglamentaci\u00f3n, que trabajan en forma coordinada con el Directorio.<\/p>\n<p>La actual Directiva 2024-2025 est\u00e1 representada por:<\/p>\n\n\n<div class=\"wp-block-columns is-layout-flex wp-container-core-columns-is-layout-9d6595d7 wp-block-columns-is-layout-flex\">\n<div class=\"wp-block-column is-layout-flow wp-block-column-is-layout-flow\" style=\"flex-basis:33.33%\">\n<figure class=\"wp-block-image size-full\"><img loading=\"lazy\" decoding=\"async\" width=\"250\" height=\"400\" src=\"https:\/\/www.medicinafamiliar.cl\/mf\/wordpress\/wp-content\/uploads\/2024\/06\/sochimef-directorio-dra-roxana-sepulveda_2.jpg\" alt=\"\" class=\"wp-image-4444\" srcset=\"http:\/\/www.medicinafamiliar.cl\/mf\/wordpress\/wp-content\/uploads\/2024\/06\/sochimef-directorio-dra-roxana-sepulveda_2.jpg 250w, http:\/\/www.medicinafamiliar.cl\/mf\/wordpress\/wp-content\/uploads\/2024\/06\/sochimef-directorio-dra-roxana-sepulveda_2-188x300.jpg 188w\" sizes=\"auto, (max-width: 250px) 100vw, 250px\" \/><\/figure>\n<\/div>\n\n\n\n<div class=\"wp-block-column is-layout-flow wp-block-column-is-layout-flow\" style=\"flex-basis:66.66%\">\n<p><strong>PRESIDENTA SOCHIMEF<br><\/strong><strong>Dra. Roxana Sep\u00falveda Morales<\/strong><\/p>\n<p>M\u00e9dico Cirujano, Universidad de La Frontera. M\u00e9dica de Familia Universidad de La Frontera.<\/p>\n<p>Diplomada en Liderazgo Democr\u00e1tico, Universidad Cat\u00f3lica de Temuco.<br>Diplomada en Salud Mental De Ni\u00f1os, Ni\u00f1as y Adolescentes Universidad Cat\u00f3lica de la Sant\u00edsima Concepci\u00f3n.<br>Evaluadora certificada del instrumento ADOS-2 y ADI-R.<br>Experiencia cl\u00ednica en Atenci\u00f3n Primaria de Salud, Centro Comunitario de Salud Mental Familiar, Servicio de Urgencia Infantil y Atenci\u00f3n de Especialidad en Centro de Alta complejidad, adem\u00e1s de Docencia en pre y posgrado en tem\u00e1ticas de Medicina Familiar, Salud Mental y Neurodivergencias.<\/p>\n<p>M\u00e9dica de Familia Hospital Dr. Hern\u00e1n Henr\u00edquez Aravena de Temuco, con desempe\u00f1o cl\u00ednico actual en Unidad de Salud Mental Infanto Juvenil y direcci\u00f3n del Centro de Diagn\u00f3stico y Tratamiento, como encargada de contrarreferencia a Atenci\u00f3n Primaria de Salud y Jefe Subrogante del mismo centro.<\/p>\n<p>Presidenta Sociedad Chilena de Medicina Familiar Per\u00edodo 2022-2023.<br>Directora Asociaci\u00f3n de Sociedades M\u00e9dicas Cient\u00edficas de Chile (ASOCIMED) en el mismo per\u00edodo.<br>Consejera T\u00e9cnica, Consejo T\u00e9cnico Asesor para la Universalizaci\u00f3n de la Atenci\u00f3n Primaria de Salud.<\/p>\n<\/div>\n<\/div>\n\n\n\n<div class=\"wp-block-columns is-layout-flex wp-container-core-columns-is-layout-9d6595d7 wp-block-columns-is-layout-flex\">\n<div class=\"wp-block-column is-layout-flow wp-block-column-is-layout-flow\" style=\"flex-basis:33.33%\">\n<figure class=\"wp-block-image size-full\"><img loading=\"lazy\" decoding=\"async\" width=\"250\" height=\"400\" src=\"https:\/\/www.medicinafamiliar.cl\/mf\/wordpress\/wp-content\/uploads\/2024\/06\/sochimef-directorio-dr-jose-zamorano.jpg\" alt=\"\" class=\"wp-image-4438\" srcset=\"http:\/\/www.medicinafamiliar.cl\/mf\/wordpress\/wp-content\/uploads\/2024\/06\/sochimef-directorio-dr-jose-zamorano.jpg 250w, http:\/\/www.medicinafamiliar.cl\/mf\/wordpress\/wp-content\/uploads\/2024\/06\/sochimef-directorio-dr-jose-zamorano-188x300.jpg 188w\" sizes=\"auto, (max-width: 250px) 100vw, 250px\" \/><\/figure>\n<\/div>\n\n\n\n<div class=\"wp-block-column is-layout-flow wp-block-column-is-layout-flow\" style=\"flex-basis:66.66%\">\n<p><strong>VICEPRESIDENTE SOCHIMEF<br><\/strong><strong>Dr. Jos\u00e9 Zamorano Mu\u00f1oz&nbsp;<\/strong><\/p>\n<div dir=\"auto\">M\u00e9dico Cirujano, Universidad de Talca. Especialista en Medicina Familiar General, Universidad de Chile<\/div>\n<div dir=\"auto\">&nbsp;<\/div>\n<div dir=\"auto\">Director de Atenci\u00f3n Primaria en Servicio de Salud Metropolitano Occidente.&nbsp;&nbsp;<\/div>\n<div dir=\"auto\">&nbsp;<\/div>\n<div dir=\"auto\">Diplomado en Pol\u00edticas P\u00fablicas y Gobierno. Uc, Diplomado en Gesti\u00f3n de Organizaciones de salud p\u00fablicas y privadas. <p><\/p>\n<p>Uandes, Diplomado Gesti\u00f3n y Pol\u00edticas de Salud Internacional y soberan\u00eda sanitaria. Consejo Latinoamericano de ciencias sociales (CLACSO)<\/p>\n<\/div>\n<\/div>\n<\/div>\n\n\n\n<div class=\"wp-block-columns is-layout-flex wp-container-core-columns-is-layout-9d6595d7 wp-block-columns-is-layout-flex\">\n<div class=\"wp-block-column is-layout-flow wp-block-column-is-layout-flow\" style=\"flex-basis:33.33%\">\n<figure class=\"wp-block-image size-full\"><img loading=\"lazy\" decoding=\"async\" width=\"250\" height=\"400\" src=\"https:\/\/www.medicinafamiliar.cl\/mf\/wordpress\/wp-content\/uploads\/2024\/06\/sochimef-directorio-dra-karla-herrera.jpg\" alt=\"\" class=\"wp-image-4440\" srcset=\"http:\/\/www.medicinafamiliar.cl\/mf\/wordpress\/wp-content\/uploads\/2024\/06\/sochimef-directorio-dra-karla-herrera.jpg 250w, http:\/\/www.medicinafamiliar.cl\/mf\/wordpress\/wp-content\/uploads\/2024\/06\/sochimef-directorio-dra-karla-herrera-188x300.jpg 188w\" sizes=\"auto, (max-width: 250px) 100vw, 250px\" \/><\/figure>\n<\/div>\n\n\n\n<div class=\"wp-block-column is-layout-flow wp-block-column-is-layout-flow\" style=\"flex-basis:66.66%\">\n<p><strong>SECRETARIA SOCHIMEF<br><\/strong><strong>Dra. <span class=\"il\">Karla<\/span>&nbsp;Herrera Contreras<\/strong><\/p>\n<p>M\u00e9dica Cirujana, Universidad de Concepci\u00f3n<\/p>\n<p>Representante en coordinaci\u00f3n Nacional Waynakay 2023-2024<\/p>\n<p>Miembro activo de comit\u00e9 Congreso y comit\u00e9 educaci\u00f3n<span class=\"gmail_default\">.<\/span><\/p>\n<p>Residente de segundo a\u00f1o de Medicina Familiar, Universidad de Concepci\u00f3n. En formaci\u00f3n en centro semillero del Centro de Salud Familiar Piedra Del \u00c1guila en la &nbsp;ciudad de Angol, Servicio de salud Araucan\u00eda Norte . Miembro de equipo motor ECICEP local, medica Reguladora de apoyo SAMU CAUTIN.<\/p>\n<\/div>\n<\/div>\n\n\n\n<div class=\"wp-block-columns is-layout-flex wp-container-core-columns-is-layout-9d6595d7 wp-block-columns-is-layout-flex\">\n<div class=\"wp-block-column is-layout-flow wp-block-column-is-layout-flow\" style=\"flex-basis:33.33%\">\n<figure class=\"wp-block-image size-full\"><img loading=\"lazy\" decoding=\"async\" width=\"250\" height=\"400\" src=\"https:\/\/www.medicinafamiliar.cl\/mf\/wordpress\/wp-content\/uploads\/2024\/06\/sochimef-directorio-dra-francisca-rojas.jpg\" alt=\"\" class=\"wp-image-4439\" srcset=\"http:\/\/www.medicinafamiliar.cl\/mf\/wordpress\/wp-content\/uploads\/2024\/06\/sochimef-directorio-dra-francisca-rojas.jpg 250w, http:\/\/www.medicinafamiliar.cl\/mf\/wordpress\/wp-content\/uploads\/2024\/06\/sochimef-directorio-dra-francisca-rojas-188x300.jpg 188w\" sizes=\"auto, (max-width: 250px) 100vw, 250px\" \/><\/figure>\n<\/div>\n\n\n\n<div class=\"wp-block-column is-layout-flow wp-block-column-is-layout-flow\" style=\"flex-basis:66.66%\">\n<p><strong>TESORERA SOCHIMEF<br><\/strong><strong>Dra. <b><span lang=\"ES\">Francisca Rojas Morales<\/span><\/b><\/strong><\/p>\n<p style=\"font-weight: 400;\">M\u00e9dica Cirujana de la Universidad Cat\u00f3lica del Maule<\/p>\n<p style=\"font-weight: 400;\">M\u00e9dica Familiar menci\u00f3n ni\u00f1o de la Pontificia Universidad Cat\u00f3lica de Chile.<\/p>\n<p style=\"font-weight: 400;\">Diplomada&nbsp;&nbsp;En Docencia Universitaria Para Profesionales De La Salud, PUC.<\/p>\n<p style=\"font-weight: 400;\">10 a\u00f1os de atenci\u00f3n cl\u00ednica en el Departamento de Salud de San Clemente, regi\u00f3n del Maule<\/p>\n<p style=\"font-weight: 400;\">Profesor Auxiliar y Jefa de Programa de Especialidad M\u00e9dica en Medicina Familiar de la Universidad Cat\u00f3lica del Maule, desde 2019. Docente de pregrado carrera Medicina, de la Universidad Cat\u00f3lica del Maule desde 2014.<\/p>\n<p style=\"font-weight: 400;\">Directiva (Tesorera) del Colegio M\u00e9dico del Maule 2021-2023, 2024- 2027.&nbsp;<\/p>\n<\/div>\n<\/div>\n\n\n<p><strong>DIRECTORES SOCHIMEF:<\/strong><\/p>\n\n\n<div class=\"wp-block-columns is-layout-flex wp-container-core-columns-is-layout-9d6595d7 wp-block-columns-is-layout-flex\">\n<div class=\"wp-block-column is-layout-flow wp-block-column-is-layout-flow\" style=\"flex-basis:33.33%\">\n<figure class=\"wp-block-image size-full\"><img loading=\"lazy\" decoding=\"async\" width=\"250\" height=\"400\" src=\"https:\/\/www.medicinafamiliar.cl\/mf\/wordpress\/wp-content\/uploads\/2024\/06\/sochimef-directorio-dr-gonzalo-ormazabal.jpg\" alt=\"\" class=\"wp-image-4441\" srcset=\"http:\/\/www.medicinafamiliar.cl\/mf\/wordpress\/wp-content\/uploads\/2024\/06\/sochimef-directorio-dr-gonzalo-ormazabal.jpg 250w, http:\/\/www.medicinafamiliar.cl\/mf\/wordpress\/wp-content\/uploads\/2024\/06\/sochimef-directorio-dr-gonzalo-ormazabal-188x300.jpg 188w\" sizes=\"auto, (max-width: 250px) 100vw, 250px\" \/><\/figure>\n<\/div>\n\n\n\n<div class=\"wp-block-column is-layout-flow wp-block-column-is-layout-flow\" style=\"flex-basis:66.66%\">\n<p><strong style=\"font-size: inherit;\">Dr. Gonzalo Ormaz\u00e1bal Ormaz\u00e1bal<\/strong><\/p>\n<p>M\u00e9dico Cirujano, Universidad Mayor.<br>Especializaci\u00f3n en Medicina Familiar y Comunitaria, Universidad de Talca.<\/p>\n<p>M\u00e9dico Familiar Cesfam Rauco, Dpto. de Salud I. Municipalidad de Rauco, Regi\u00f3n del Maule, desempe\u00f1ando adem\u00e1s funciones como M\u00e9dico Contralor y Coordinador comunal de ECICEP.<\/p>\n<p>Docente Programa Medicina Familiar Universidad de Talca<\/p>\n<p>Diploma Habilidades Directivas menci\u00f3n en Gesti\u00f3n en Establecimientos Hospitalarios, Universidad de Chile (2023)<\/p>\n<p>Diploma en Psicoterapia para el tratamiento de abuso de alcohol y drogas, Universidad Santiago de Chile (2022).<\/p>\n<p>Diploma Gesti\u00f3n en Salud Aplicado a APS, Universidad Bernardo O\u00b4Higgins (2020).<\/p>\n<p>Diploma en Investigaci\u00f3n para la APS, Universidad Bernardo O\u00b4Higgins (2020).<\/p>\n<p>Diploma Salud Familiar, Universidad Santo Tom\u00e1s (2019).<\/p>\n\n\n\n<p><\/p>\n<\/div>\n<\/div>\n\n\n\n<div class=\"wp-block-columns is-layout-flex wp-container-core-columns-is-layout-9d6595d7 wp-block-columns-is-layout-flex\">\n<div class=\"wp-block-column is-layout-flow wp-block-column-is-layout-flow\" style=\"flex-basis:33.33%\">\n<figure class=\"wp-block-image size-full\"><img loading=\"lazy\" decoding=\"async\" width=\"250\" height=\"400\" src=\"https:\/\/www.medicinafamiliar.cl\/mf\/wordpress\/wp-content\/uploads\/2024\/06\/sochimef-directorio-dra-andrea-didier-2.jpg\" alt=\"\" class=\"wp-image-4445\" srcset=\"http:\/\/www.medicinafamiliar.cl\/mf\/wordpress\/wp-content\/uploads\/2024\/06\/sochimef-directorio-dra-andrea-didier-2.jpg 250w, http:\/\/www.medicinafamiliar.cl\/mf\/wordpress\/wp-content\/uploads\/2024\/06\/sochimef-directorio-dra-andrea-didier-2-188x300.jpg 188w\" sizes=\"auto, (max-width: 250px) 100vw, 250px\" \/><\/figure>\n<\/div>\n\n\n\n<div class=\"wp-block-column is-layout-flow wp-block-column-is-layout-flow\" style=\"flex-basis:66.66%\">\n<p><strong>Dra. Andrea Didier Castillo<\/strong><\/p>\n<p>M\u00e9dica Familiar Universidad de Valpara\u00edso.<\/p>\n<p>Docente Programa Medicina Familiar de Universidad de Valpara\u00edso.<\/p>\n<p>Coordinadora SDGA Hospital Carlos Van Buren.<\/p>\n<p>Vicepresidenta de la Sub regi\u00f3n Cono Sur de la Confederaci\u00f3n Iberoamericana de Medicina Familiar, CIMF \u2013WONCA per\u00edodo 2023-2025.<\/p>\n<p>Vicepresidente SOCHIMEF durante per\u00edodos 2018-2019 y 2020-2021 y Directora 2021 &#8211; 2023.<\/p>\n<\/div>\n<\/div>\n\n\n\n<div class=\"wp-block-columns is-layout-flex wp-container-core-columns-is-layout-9d6595d7 wp-block-columns-is-layout-flex\">\n<div class=\"wp-block-column is-layout-flow wp-block-column-is-layout-flow\" style=\"flex-basis:33.33%\">\n<figure class=\"wp-block-image size-full\"><img loading=\"lazy\" decoding=\"async\" width=\"250\" height=\"400\" src=\"https:\/\/www.medicinafamiliar.cl\/mf\/wordpress\/wp-content\/uploads\/2024\/06\/sochimef-directorio-dr-pablo-olmos-de-aguilera.jpg\" alt=\"\" class=\"wp-image-4464\" srcset=\"http:\/\/www.medicinafamiliar.cl\/mf\/wordpress\/wp-content\/uploads\/2024\/06\/sochimef-directorio-dr-pablo-olmos-de-aguilera.jpg 250w, http:\/\/www.medicinafamiliar.cl\/mf\/wordpress\/wp-content\/uploads\/2024\/06\/sochimef-directorio-dr-pablo-olmos-de-aguilera-188x300.jpg 188w\" sizes=\"auto, (max-width: 250px) 100vw, 250px\" \/><\/figure>\n<\/div>\n\n\n\n<div class=\"wp-block-column is-layout-flow wp-block-column-is-layout-flow\" style=\"flex-basis:66.66%\">\n<p><strong>Dr. Pablo Olmos de Aguilera C.<br \/><br \/><\/strong>M\u00e9dico Cirujano, Universidad Cat\u00f3lica del Norte. Especialista en M\u00e9dico Familiar, Universidad de Chile<\/p>\n<p>Profesor Asistente, Departamento de Atenci\u00f3n Primaria y Salud Familiar, Facultad de Medicina, Universidad de Chile<br \/>M\u00e9dico de Familia, COSAM Providencia Dr. Germ\u00e1n Greve Schlegel (PROVISAM).<\/p>\n<p>Diplomado en \u00abFilosof\u00eda de la Ciencia, menci\u00f3n Filosof\u00eda de los Sistemas Complejos\u00bb, Instituto de Filosof\u00eda y Ciencias de la Complejidad (IFICC)<br \/>Diplomado en \u00abSistemas de Informaci\u00f3n en Salud\u00bb, Heidelberg Center para Am\u00e9rica Latina, y la Facultad de Medicina de la Universidad de Chile<br \/>Diplomado en \u00abGesti\u00f3n en Centros de Salud Familiar\u00bb, Departamento de Atenci\u00f3n Primaria y Salud Familiar, Universidad de Chile<\/p>\n<\/div>\n<\/div>\n","protected":false},"excerpt":{"rendered":"<p>Estatutariamente la administraci\u00f3n de la sociedad es ejercida por el Directorio formado por Presidente (a), Vicepresidente (a), Secretario (a), Tesorero (a) y tres Directores, elegidos por la Asamblea General de socios. Para el desarrollo de los objetivos planteados se han creado Comit\u00e9s de trabajo, sujetos a una clara reglamentaci\u00f3n, que trabajan en forma coordinada con [&hellip;]<\/p>\n","protected":false},"author":1,"featured_media":0,"parent":0,"menu_order":0,"comment_status":"closed","ping_status":"closed","template":"","meta":{"footnotes":""},"class_list":["post-50","page","type-page","status-publish","hentry"],"_links":{"self":[{"href":"http:\/\/www.medicinafamiliar.cl\/mf\/wordpress\/wp-json\/wp\/v2\/pages\/50","targetHints":{"allow":["GET"]}}],"collection":[{"href":"http:\/\/www.medicinafamiliar.cl\/mf\/wordpress\/wp-json\/wp\/v2\/pages"}],"about":[{"href":"http:\/\/www.medicinafamiliar.cl\/mf\/wordpress\/wp-json\/wp\/v2\/types\/page"}],"author":[{"embeddable":true,"href":"http:\/\/www.medicinafamiliar.cl\/mf\/wordpress\/wp-json\/wp\/v2\/users\/1"}],"replies":[{"embeddable":true,"href":"http:\/\/www.medicinafamiliar.cl\/mf\/wordpress\/wp-json\/wp\/v2\/comments?post=50"}],"version-history":[{"count":13,"href":"http:\/\/www.medicinafamiliar.cl\/mf\/wordpress\/wp-json\/wp\/v2\/pages\/50\/revisions"}],"predecessor-version":[{"id":4466,"href":"http:\/\/www.medicinafamiliar.cl\/mf\/wordpress\/wp-json\/wp\/v2\/pages\/50\/revisions\/4466"}],"wp:attachment":[{"href":"http:\/\/www.medicinafamiliar.cl\/mf\/wordpress\/wp-json\/wp\/v2\/media?parent=50"}],"curies":[{"name":"wp","href":"https:\/\/api.w.org\/{rel}","templated":true}]}}