{"id":4896,"date":"2025-03-02T22:33:50","date_gmt":"2025-03-03T02:33:50","guid":{"rendered":"http:\/\/www.medicinafamiliar.cl\/mf\/wordpress\/?page_id=4896"},"modified":"2025-05-19T09:24:13","modified_gmt":"2025-05-19T13:24:13","slug":"curso-docencia-clinica-ambulatoria","status":"publish","type":"page","link":"http:\/\/www.medicinafamiliar.cl\/mf\/wordpress\/cursos-sochimef\/curso-docencia-clinica-ambulatoria\/","title":{"rendered":"Curso Docencia Cl\u00ednica Ambulatoria"},"content":{"rendered":"\n<p><\/p>\n\n\n\n<p><strong>\u00a1NUEVA FECHA DE INICIO!<\/strong><\/p>\n\n\n\n<p>\ud83d\udcc5 <strong>Inicio:<\/strong> <strong>19 de mayo 2025<\/strong> <br>\ud83d\udcc5 <strong>Duraci\u00f3n:<\/strong> 6 semanas<br>\ud83d\udda5 <strong>Modalidad:<\/strong> 100% online (sincr\u00f3nico y asincr\u00f3nico)<br>\ud83d\udc65 <strong>Dirigido a:<\/strong> M\u00e9dicos, residentes, profesionales de la salud y estudiantes interesados en docencia cl\u00ednica<br><strong>\ud83d\udcdc Certificaci\u00f3n por SOCHIMEF<\/strong><\/p>\n\n\n\n<h4 class=\"wp-block-heading\"><strong>Descripci\u00f3n<\/strong><\/h4>\n\n\n\n<p>Este curso entrega herramientas pr\u00e1cticas para mejorar la ense\u00f1anza en entornos cl\u00ednicos ambulatorios. Se abordar\u00e1n estrategias de ense\u00f1anza centradas en el estudiante, evaluaci\u00f3n en docencia cl\u00ednica, retroalimentaci\u00f3n efectiva y manejo de incidentes cr\u00edticos en la educaci\u00f3n m\u00e9dica.<\/p>\n\n\n\n<h4 class=\"wp-block-heading\"><strong>Temas principales<\/strong><\/h4>\n\n\n\n<p>\u2705 Comunicaci\u00f3n y ambiente seguro de aprendizaje<br>\u2705 Educaci\u00f3n basada en competencias<br>\u2705 Evaluaci\u00f3n en docencia cl\u00ednica<br>\u2705 Retroalimentaci\u00f3n y debriefing<br>\u2705 Herramientas para la ense\u00f1anza ambulatoria<\/p>\n\n\n\n<p>Los talleres sincr\u00f3nicos son los d\u00edas jueves entre 19:00 y 21:00 y se realizar\u00e1n por plataforma zoom en las siguientes fechas:<\/p>\n\n\n\n<ul class=\"wp-block-list\"><li><strong>29-05-2025 19:00 horas<\/strong>: Retroalimentaci\u00f3n y Debriefing (cambiada del 22 al 29 para facilitar la participaci\u00f3n).<\/li><li><strong>05-06-2025 19:00 horas<\/strong>: Bases conceptuales de la ense\u00f1anza centrada en el estudiante<\/li><li><strong>12-06-2025 19:00 horas<\/strong>: Educaci\u00f3n basada en Competencias y Resultados de Aprendizaje<\/li><li><strong>26-06-2025 19:00 horas<\/strong>: Conceptos generales de Evaluaci\u00f3n<\/li><li><strong>03-07-2025 19:00 horas<\/strong>: Orientaciones generales para el manejo de incidentes cr\u00edticos en el contexto educativo<\/li><\/ul>\n\n\n\n<p><strong>\u00a1Inscr\u00edbete ahora!<br><\/strong>\u2709\ufe0f <a href=\"https:\/\/docs.google.com\/forms\/d\/e\/1FAIpQLSe1NX0pgEB_03Itydd9--HZW_e2V_8yPgNoB_R_Q0DwHsQIjg\/viewform?usp=sharing\">Formulario de inscripci\u00f3n<br><\/a>\ud83c\udf10 <a href=\"http:\/\/www.medicinafamiliar.cl\/mf\/wordpress\/wp-content\/uploads\/2025\/05\/Programa-curso-Docencia-Clinica-Ambulatoria-2025.pdf\" data-type=\"URL\" data-id=\"http:\/\/www.medicinafamiliar.cl\/mf\/wordpress\/wp-content\/uploads\/2025\/05\/Programa-curso-Docencia-Clinica-Ambulatoria-2025.pdf\" target=\"_blank\" rel=\"noreferrer noopener\">Programa del curso docencia<\/a><\/p>\n\n\n\n<h4 class=\"wp-block-heading\"><strong>Valores de inscripci\u00f3n<\/strong><\/h4>\n\n\n\n<p>\ud83d\udd52 <strong>Inscripci\u00f3n temprana (hasta 16 de marzo)<\/strong><strong><br><\/strong>\ud83d\udd39 Socios SOCHIMEF: $110.000<br>\ud83d\udd39 Residentes Medicina Familiar: $150.000<br>\ud83d\udd39 M\u00e9dicos no socios: $170.000<br>\ud83d\udd39 Profesionales de la salud no socios: $160.000<br>\ud83d\udd39 Estudiantes de pregrado: $110.000<\/p>\n\n\n\n<p>\ud83d\udd52 <strong>Inscripci\u00f3n tard\u00eda (desde 17 de marzo)<\/strong><strong><br><\/strong>\ud83d\udd39 Socios SOCHIMEF: $165.000<br>\ud83d\udd39 Residentes Medicina Familiar: $225.000<br>\ud83d\udd39 M\u00e9dicos no socios: $255.000<br>\ud83d\udd39 Profesionales de la salud no socios: $240.000<br>\ud83d\udd39 Estudiantes de pregrado: $165.000\ud83d\udce9 <\/p>\n\n\n\n<div data-wp-interactive=\"core\/file\" class=\"wp-block-file\"><object data-wp-bind--hidden=\"!state.hasPdfPreview\" hidden class=\"wp-block-file__embed\" data=\"http:\/\/www.medicinafamiliar.cl\/mf\/wordpress\/wp-content\/uploads\/2025\/05\/Programa-curso-Docencia-Clinica-Ambulatoria-2025.pdf\" type=\"application\/pdf\" style=\"width:100%;height:600px\" aria-label=\"Incrustado de Incrustado de Programa curso Docencia Cl\u00ednica Ambulatoria 2025..\"><\/object><a id=\"wp-block-file--media-04c5afac-ce7e-4f0b-9b9b-e6f1ee99b3e5\" href=\"http:\/\/www.medicinafamiliar.cl\/mf\/wordpress\/wp-content\/uploads\/2025\/05\/Programa-curso-Docencia-Clinica-Ambulatoria-2025.pdf\" target=\"_blank\" rel=\"noreferrer noopener\">Programa curso Docencia Cl\u00ednica Ambulatoria 2025<\/a><a href=\"http:\/\/www.medicinafamiliar.cl\/mf\/wordpress\/wp-content\/uploads\/2025\/05\/Programa-curso-Docencia-Clinica-Ambulatoria-2025.pdf\" class=\"wp-block-file__button\" download aria-describedby=\"wp-block-file--media-04c5afac-ce7e-4f0b-9b9b-e6f1ee99b3e5\">Descargar<\/a><\/div>\n\n\n\n<p><\/p>\n","protected":false},"excerpt":{"rendered":"<p>\u00a1NUEVA FECHA DE INICIO! \ud83d\udcc5 Inicio: 19 de mayo 2025 \ud83d\udcc5 Duraci\u00f3n: 6 semanas\ud83d\udda5 Modalidad: 100% online (sincr\u00f3nico y asincr\u00f3nico)\ud83d\udc65 Dirigido a: M\u00e9dicos, residentes, profesionales de la salud y estudiantes interesados en docencia cl\u00ednica\ud83d\udcdc Certificaci\u00f3n por SOCHIMEF Descripci\u00f3n Este curso entrega herramientas pr\u00e1cticas para mejorar la ense\u00f1anza en entornos cl\u00ednicos ambulatorios. Se abordar\u00e1n estrategias de [&hellip;]<\/p>\n","protected":false},"author":1,"featured_media":4914,"parent":4904,"menu_order":0,"comment_status":"closed","ping_status":"closed","template":"","meta":{"footnotes":""},"class_list":["post-4896","page","type-page","status-publish","has-post-thumbnail","hentry"],"_links":{"self":[{"href":"http:\/\/www.medicinafamiliar.cl\/mf\/wordpress\/wp-json\/wp\/v2\/pages\/4896","targetHints":{"allow":["GET"]}}],"collection":[{"href":"http:\/\/www.medicinafamiliar.cl\/mf\/wordpress\/wp-json\/wp\/v2\/pages"}],"about":[{"href":"http:\/\/www.medicinafamiliar.cl\/mf\/wordpress\/wp-json\/wp\/v2\/types\/page"}],"author":[{"embeddable":true,"href":"http:\/\/www.medicinafamiliar.cl\/mf\/wordpress\/wp-json\/wp\/v2\/users\/1"}],"replies":[{"embeddable":true,"href":"http:\/\/www.medicinafamiliar.cl\/mf\/wordpress\/wp-json\/wp\/v2\/comments?post=4896"}],"version-history":[{"count":17,"href":"http:\/\/www.medicinafamiliar.cl\/mf\/wordpress\/wp-json\/wp\/v2\/pages\/4896\/revisions"}],"predecessor-version":[{"id":5077,"href":"http:\/\/www.medicinafamiliar.cl\/mf\/wordpress\/wp-json\/wp\/v2\/pages\/4896\/revisions\/5077"}],"up":[{"embeddable":true,"href":"http:\/\/www.medicinafamiliar.cl\/mf\/wordpress\/wp-json\/wp\/v2\/pages\/4904"}],"wp:featuredmedia":[{"embeddable":true,"href":"http:\/\/www.medicinafamiliar.cl\/mf\/wordpress\/wp-json\/wp\/v2\/media\/4914"}],"wp:attachment":[{"href":"http:\/\/www.medicinafamiliar.cl\/mf\/wordpress\/wp-json\/wp\/v2\/media?parent=4896"}],"curies":[{"name":"wp","href":"https:\/\/api.w.org\/{rel}","templated":true}]}}