{"id":4878,"date":"2025-03-02T17:46:18","date_gmt":"2025-03-02T21:46:18","guid":{"rendered":"http:\/\/www.medicinafamiliar.cl\/mf\/wordpress\/?page_id=4878"},"modified":"2025-03-06T16:07:09","modified_gmt":"2025-03-06T20:07:09","slug":"curso-implementacion-de-la-ecicep-desde-la-gestion","status":"publish","type":"page","link":"http:\/\/www.medicinafamiliar.cl\/mf\/wordpress\/cursos-sochimef-2025\/curso-implementacion-de-la-ecicep-desde-la-gestion\/","title":{"rendered":"Curso Implementaci\u00f3n de la ECICEP desde la Gesti\u00f3n  2025"},"content":{"rendered":"\n<p>Dirigido a: M\u00e9dicos\/as de Familia, m\u00e9dicos\/as generales y profesionales de la salud que ejerzan o pretendan ejercer cargos de gesti\u00f3n relacionados con la implementaci\u00f3n de la ECICEP en equipos a nivel de centros y servicios de salud.<\/p>\n\n\n\n<p>Este curso tiene como objetivo formar al estudiante en habilidades para la implementaci\u00f3n de la estrategia ECICEP desde posiciones de gesti\u00f3n, considerando temas como el financiamiento de la estrategia, programaci\u00f3n operativa, implementaci\u00f3n del cuidado integral, trabajo comunitario, caracterizaci\u00f3n de la poblaci\u00f3n, relaci\u00f3n con la Atenci\u00f3n Primaria Universal, retroalimentaci\u00f3n, debriefing, negociaci\u00f3n y liderazgo. Combina estudio aut\u00f3nomo asincr\u00f3nico y talleres sincr\u00f3nicos, con evaluaciones formativas y sumativas (pruebas de alternativas, tareas y r\u00fabricas). Al finalizar, los participantes podr\u00e1n planificar, implementar y evaluar la ECICEP en su entorno, promoviendo liderazgo, colaboraci\u00f3n y relaci\u00f3n con la comunidad.<\/p>\n\n\n\n<p>Se recomienda haber aprobado previamente el curso de Conceptos B\u00e1sicos de la ECICEP o conocer los conceptos fundamentales que sustentan la estrategia.<\/p>\n\n\n\n<ul class=\"wp-block-list\"><li>Duraci\u00f3n del curso: 43 horas cronol\u00f3gicas distribuidas en 7 semanas<\/li><li>Modalidad: e-learning<\/li><li>Fechas y horarios: modalidad sincr\u00f3nica y asincr\u00f3nica, aproximadamente 3 horas semanales. <\/li><li>Inicio del curso: 31 de marzo, 2025<\/li><li>Cupos disponibles: 50<\/li><li>Horario de talleres virtuales: de 19:00 a 21:00 en las fechas indicadas en el programa del curso.<\/li><\/ul>\n\n\n\n<p>Programa del curso: <a href=\"http:\/\/www.medicinafamiliar.cl\/mf\/wordpress\/wp-content\/uploads\/2025\/03\/Programa-Curso-Implementacion-de-la-ECICEP-para-gestores-en-Salud-2025.docx.pdf\" target=\"_blank\" rel=\"noreferrer noopener\">aqu\u00ed<\/a>.<br>Inscripci\u00f3n en el siguiente <a href=\"https:\/\/forms.gle\/HtNzqnDuEm1GjgxC9\">formulario<\/a>.<\/p>\n\n\n\n<h2 class=\"wp-block-heading\">Valores de inscripci\u00f3n: <\/h2>\n\n\n\n<p><strong>Inscripci\u00f3n temprana (hasta 16\/03\/2025):<\/strong><\/p>\n\n\n\n<p>Socio (cuotas al d\u00eda): $50.000<br>Residente Medicina Familiar: $90.000<br>M\u00e9dico no socio: $100.000<br>Profesional de la salud no socio: $80.000<br>Estudiante de pregrado: $50.000<\/p>\n\n\n\n<p><strong>Inscripci\u00f3n tard\u00eda (desde 17\/03\/2025):<\/strong><\/p>\n\n\n\n<p>Socio (cuotas al d\u00eda): $75.000<br>Residente Medicina Familiar: $135.000<br>M\u00e9dico no socio: $150.000<br>Profesional de la salud no socio: $120.000<br>Estudiante de pregrado: $75.000<\/p>\n\n\n\n<div data-wp-interactive=\"core\/file\" class=\"wp-block-file\"><object data-wp-bind--hidden=\"!state.hasPdfPreview\" hidden class=\"wp-block-file__embed\" data=\"http:\/\/www.medicinafamiliar.cl\/mf\/wordpress\/wp-content\/uploads\/2025\/03\/Programa-Curso-Implementacion-de-la-ECICEP-para-gestores-en-Salud-2025.docx.pdf\" type=\"application\/pdf\" style=\"width:100%;height:200px\" aria-label=\"Incrustado de Incrustado de Programa-Curso-Implementacion-de-la-ECICEP-para-gestores-en-Salud-2025.docx..\"><\/object><a id=\"wp-block-file--media-216792cd-f6ad-4d7c-b1c6-edfbaa2925fd\" href=\"http:\/\/www.medicinafamiliar.cl\/mf\/wordpress\/wp-content\/uploads\/2025\/03\/Programa-Curso-Implementacion-de-la-ECICEP-para-gestores-en-Salud-2025.docx.pdf\" target=\"_blank\" rel=\"noreferrer noopener\">Programa-Curso-Implementacion-de-la-ECICEP-para-gestores-en-Salud-2025.docx<\/a><a href=\"http:\/\/www.medicinafamiliar.cl\/mf\/wordpress\/wp-content\/uploads\/2025\/03\/Programa-Curso-Implementacion-de-la-ECICEP-para-gestores-en-Salud-2025.docx.pdf\" class=\"wp-block-file__button\" download aria-describedby=\"wp-block-file--media-216792cd-f6ad-4d7c-b1c6-edfbaa2925fd\">Descargar<\/a><\/div>\n","protected":false},"excerpt":{"rendered":"<p>Dirigido a: M\u00e9dicos\/as de Familia, m\u00e9dicos\/as generales y profesionales de la salud que ejerzan o pretendan ejercer cargos de gesti\u00f3n relacionados con la implementaci\u00f3n de la ECICEP en equipos a nivel de centros y servicios de salud. Este curso tiene como objetivo formar al estudiante en habilidades para la implementaci\u00f3n de la estrategia ECICEP desde [&hellip;]<\/p>\n","protected":false},"author":1,"featured_media":4922,"parent":4904,"menu_order":0,"comment_status":"closed","ping_status":"closed","template":"","meta":{"footnotes":""},"class_list":["post-4878","page","type-page","status-publish","has-post-thumbnail","hentry"],"_links":{"self":[{"href":"http:\/\/www.medicinafamiliar.cl\/mf\/wordpress\/wp-json\/wp\/v2\/pages\/4878","targetHints":{"allow":["GET"]}}],"collection":[{"href":"http:\/\/www.medicinafamiliar.cl\/mf\/wordpress\/wp-json\/wp\/v2\/pages"}],"about":[{"href":"http:\/\/www.medicinafamiliar.cl\/mf\/wordpress\/wp-json\/wp\/v2\/types\/page"}],"author":[{"embeddable":true,"href":"http:\/\/www.medicinafamiliar.cl\/mf\/wordpress\/wp-json\/wp\/v2\/users\/1"}],"replies":[{"embeddable":true,"href":"http:\/\/www.medicinafamiliar.cl\/mf\/wordpress\/wp-json\/wp\/v2\/comments?post=4878"}],"version-history":[{"count":7,"href":"http:\/\/www.medicinafamiliar.cl\/mf\/wordpress\/wp-json\/wp\/v2\/pages\/4878\/revisions"}],"predecessor-version":[{"id":4950,"href":"http:\/\/www.medicinafamiliar.cl\/mf\/wordpress\/wp-json\/wp\/v2\/pages\/4878\/revisions\/4950"}],"up":[{"embeddable":true,"href":"http:\/\/www.medicinafamiliar.cl\/mf\/wordpress\/wp-json\/wp\/v2\/pages\/4904"}],"wp:featuredmedia":[{"embeddable":true,"href":"http:\/\/www.medicinafamiliar.cl\/mf\/wordpress\/wp-json\/wp\/v2\/media\/4922"}],"wp:attachment":[{"href":"http:\/\/www.medicinafamiliar.cl\/mf\/wordpress\/wp-json\/wp\/v2\/media?parent=4878"}],"curies":[{"name":"wp","href":"https:\/\/api.w.org\/{rel}","templated":true}]}}