{"id":3201,"date":"2022-08-10T18:50:59","date_gmt":"2022-08-10T21:50:59","guid":{"rendered":"https:\/\/www.medicinafamiliar.cl\/mf\/wordpress\/?page_id=3201"},"modified":"2025-04-11T18:25:16","modified_gmt":"2025-04-11T22:25:16","slug":"formulario-solicitud-financiamiento-actividades-socios","status":"publish","type":"page","link":"http:\/\/www.medicinafamiliar.cl\/mf\/wordpress\/formulario-solicitud-financiamiento-actividades-socios\/","title":{"rendered":"Formulario Solicitud Financiamiento Actividades (Socios)"},"content":{"rendered":"<p>Todos los socios activos (cuotas al d\u00eda) podr\u00e1n optar al financiamiento de alguna actividad organizada por \u00e9l o por alguna instituci\u00f3n en la que \u00e9l participe.<\/p>\n<p>Para ello, debe llenar el siguiente formulario que ser\u00e1 analizado en la siguiente reuni\u00f3n de Directorio. Una vez aprobado, el socio responsable de la actividad (y que deber\u00e1 participar en la organizaci\u00f3n del evento) deber\u00e1 firmar un contrato con la Sociedad seg\u00fan los t\u00e9rminos generados con la informaci\u00f3n de este formulario y lo que el Directorio haya definido como retribuci\u00f3n en su caso. La Sociedad Chilena de Medicina Familiar se reserva el derecho de solicitar presencia corporativa en el evento, descuento a los socios en el evento, o alguna otra manera de retribuci\u00f3n por el auspicio.<\/p>\n<p>Ser\u00e1n excluidos autom\u00e1ticamente cualquier evento financiado por las industrias farmac\u00e9uticas o que tengan presencia de la industria de alguna manera.<\/p>\n<p>Este formulario tambi\u00e9n podr\u00e1 ser usado por las filiales para formalizar las solicitudes de eventos organizados bajo el alero de la Sociedad.<\/p>\n<p><strong>Formulario:<\/strong><\/p>\n\n\n\n<div class=\"wpcf7 no-js\" id=\"wpcf7-f3200-o1\" lang=\"es-CL\" dir=\"ltr\" data-wpcf7-id=\"3200\">\n<div class=\"screen-reader-response\"><p role=\"status\" aria-live=\"polite\" aria-atomic=\"true\"><\/p> <ul><\/ul><\/div>\n<form action=\"\/mf\/wordpress\/wp-json\/wp\/v2\/pages\/3201#wpcf7-f3200-o1\" method=\"post\" class=\"wpcf7-form init\" aria-label=\"Formulario de contacto\" enctype=\"multipart\/form-data\" novalidate=\"novalidate\" data-status=\"init\">\n<fieldset class=\"hidden-fields-container\"><input type=\"hidden\" name=\"_wpcf7\" value=\"3200\" \/><input type=\"hidden\" name=\"_wpcf7_version\" value=\"6.1.5\" \/><input type=\"hidden\" name=\"_wpcf7_locale\" value=\"es_CL\" \/><input type=\"hidden\" name=\"_wpcf7_unit_tag\" value=\"wpcf7-f3200-o1\" \/><input type=\"hidden\" name=\"_wpcf7_container_post\" value=\"0\" \/><input type=\"hidden\" name=\"_wpcf7_posted_data_hash\" value=\"\" \/>\n<\/fieldset>\n<p><label>Nombre Socio Responsable: (*)<br \/>\n<span class=\"wpcf7-form-control-wrap\" data-name=\"nombre\"><input size=\"40\" maxlength=\"400\" class=\"wpcf7-form-control wpcf7-text wpcf7-validates-as-required\" aria-required=\"true\" aria-invalid=\"false\" value=\"\" type=\"text\" name=\"nombre\" \/><\/span> <\/label>\n<\/p>\n<p><label>Nombre Institucion Organizadora: (*)<br \/>\n<span class=\"wpcf7-form-control-wrap\" data-name=\"institucion\"><input size=\"40\" maxlength=\"400\" class=\"wpcf7-form-control wpcf7-text wpcf7-validates-as-required\" aria-required=\"true\" aria-invalid=\"false\" value=\"\" type=\"text\" name=\"institucion\" \/><\/span> <\/label>\n<\/p>\n<p><label>Tipo de Actividad: (*)<\/label><br \/>\n<span class=\"wpcf7-form-control-wrap\" data-name=\"actividad\"><span class=\"wpcf7-form-control wpcf7-radio\" id=\"actividad\"><span class=\"wpcf7-list-item first\"><label><input type=\"radio\" name=\"actividad\" value=\"Seminario\/Conferencia\/Charla\" checked=\"checked\" \/><span class=\"wpcf7-list-item-label\">Seminario\/Conferencia\/Charla<\/span><\/label><\/span><span class=\"wpcf7-list-item\"><label><input type=\"radio\" name=\"actividad\" value=\"Jornada\/Simposio\" \/><span class=\"wpcf7-list-item-label\">Jornada\/Simposio<\/span><\/label><\/span><span class=\"wpcf7-list-item last\"><label><input type=\"radio\" name=\"actividad\" value=\"Otro\" \/><span class=\"wpcf7-list-item-label\">Otro<\/span><\/label><\/span><\/span><\/span>\n<\/p>\n<p><label>T\u00edtulo de la actividad: (*)<br \/>\n<span class=\"wpcf7-form-control-wrap\" data-name=\"titulo\"><input size=\"40\" maxlength=\"400\" class=\"wpcf7-form-control wpcf7-text wpcf7-validates-as-required\" aria-required=\"true\" aria-invalid=\"false\" value=\"\" type=\"text\" name=\"titulo\" \/><\/span><\/label>\n<\/p>\n<p><label>Modalidad: (*)<\/label><br \/>\n<span class=\"wpcf7-form-control-wrap\" data-name=\"modalidad\"><span class=\"wpcf7-form-control wpcf7-radio\"><span class=\"wpcf7-list-item first\"><label><input type=\"radio\" name=\"modalidad\" value=\"online asincr\u00f3nico\" \/><span class=\"wpcf7-list-item-label\">online asincr\u00f3nico<\/span><\/label><\/span><span class=\"wpcf7-list-item\"><label><input type=\"radio\" name=\"modalidad\" value=\"online sincr\u00f3nico\" checked=\"checked\" \/><span class=\"wpcf7-list-item-label\">online sincr\u00f3nico<\/span><\/label><\/span><span class=\"wpcf7-list-item\"><label><input type=\"radio\" name=\"modalidad\" value=\"presencial\" \/><span class=\"wpcf7-list-item-label\">presencial<\/span><\/label><\/span><span class=\"wpcf7-list-item last\"><label><input type=\"radio\" name=\"modalidad\" value=\"semipresencial\" \/><span class=\"wpcf7-list-item-label\">semipresencial<\/span><\/label><\/span><\/span><\/span>\n<\/p>\n<p><label>Razones que fundamentan el financiamiento de la Sociedad, describiendo especialmente la alineaci\u00f3n del evento descrito con la misi\u00f3n y visi\u00f3n de la Sociedad. (*)<br \/>\n<span class=\"wpcf7-form-control-wrap\" data-name=\"razones\"><textarea cols=\"40\" rows=\"10\" maxlength=\"2000\" class=\"wpcf7-form-control wpcf7-textarea wpcf7-validates-as-required\" aria-required=\"true\" aria-invalid=\"false\" name=\"razones\"><\/textarea><\/span><\/label>\n<\/p>\n<p><label>Descripci\u00f3n de la actividad: (*)<br \/>\n<span class=\"wpcf7-form-control-wrap\" data-name=\"descripcion\"><textarea cols=\"40\" rows=\"10\" maxlength=\"2000\" class=\"wpcf7-form-control wpcf7-textarea wpcf7-validates-as-required\" aria-required=\"true\" aria-invalid=\"false\" name=\"descripcion\"><\/textarea><\/span><\/label>\n<\/p>\n<p><label>P\u00fablico objetivo de la actividad: (*)<br \/>\n<span class=\"wpcf7-form-control-wrap\" data-name=\"publico\"><textarea cols=\"40\" rows=\"10\" maxlength=\"2000\" class=\"wpcf7-form-control wpcf7-textarea wpcf7-validates-as-required\" aria-required=\"true\" aria-invalid=\"false\" name=\"publico\"><\/textarea><\/span><\/label>\n<\/p>\n<p><label>Fecha de la actividad:<br \/>\n<span class=\"wpcf7-form-control-wrap\" data-name=\"fecha\"><input class=\"wpcf7-form-control wpcf7-date wpcf7-validates-as-date\" aria-invalid=\"false\" value=\"\" type=\"date\" name=\"fecha\" \/><\/span><\/label>\n<\/p>\n<p><label>Fecha cierre inscripciones:<br \/>\n<span class=\"wpcf7-form-control-wrap\" data-name=\"cierre\"><input class=\"wpcf7-form-control wpcf7-date wpcf7-validates-as-date\" aria-invalid=\"false\" value=\"\" type=\"date\" name=\"cierre\" \/><\/span><\/label>\n<\/p>\n<p><label>N\u00famero de horas directas:<br \/>\n<span class=\"wpcf7-form-control-wrap\" data-name=\"horas\"><input class=\"wpcf7-form-control wpcf7-number wpcf7-validates-as-number\" aria-invalid=\"false\" value=\"\" type=\"number\" name=\"horas\" \/><\/span><\/label>\n<\/p>\n<p><label>Valor de la inscripci\u00f3n a la actividad:<br \/>\n<span class=\"wpcf7-form-control-wrap\" data-name=\"valor\"><input class=\"wpcf7-form-control wpcf7-number wpcf7-validates-as-number\" aria-invalid=\"false\" value=\"\" type=\"number\" name=\"valor\" \/><\/span><\/label>\n<\/p>\n<p><label>Descuentos y\/o convenios (al menos debe considerar descuento para nuestros socios):<br \/>\n<span class=\"wpcf7-form-control-wrap\" data-name=\"descuentos\"><input size=\"40\" maxlength=\"400\" class=\"wpcf7-form-control wpcf7-text\" aria-invalid=\"false\" value=\"\" type=\"text\" name=\"descuentos\" \/><\/span><\/label>\n<\/p>\n<p><label>Lugar o plataforma on line:<br \/>\n<span class=\"wpcf7-form-control-wrap\" data-name=\"lugar\"><input size=\"40\" maxlength=\"400\" class=\"wpcf7-form-control wpcf7-text\" aria-invalid=\"false\" value=\"\" type=\"text\" name=\"lugar\" \/><\/span><\/label>\n<\/p>\n<p><label>N\u00famero de cupos (Presencial):<br \/>\n<span class=\"wpcf7-form-control-wrap\" data-name=\"cupos\"><input size=\"40\" maxlength=\"400\" class=\"wpcf7-form-control wpcf7-text\" aria-invalid=\"false\" value=\"\" type=\"text\" name=\"cupos\" \/><\/span><\/label>\n<\/p>\n<p><label>N\u00famero de cupos (on line):<br \/>\n<span class=\"wpcf7-form-control-wrap\" data-name=\"cupos2\"><input size=\"40\" maxlength=\"400\" class=\"wpcf7-form-control wpcf7-text\" aria-invalid=\"false\" value=\"\" type=\"text\" name=\"cupos2\" \/><\/span><\/label>\n<\/p>\n<p><label>Informaci\u00f3n acad\u00e9mica de la actividad (Programa):<br \/>\n<span class=\"wpcf7-form-control-wrap\" data-name=\"info-academica\"><input size=\"40\" class=\"wpcf7-form-control wpcf7-file\" accept=\"audio\/*,video\/*,image\/*\" aria-invalid=\"false\" type=\"file\" name=\"info-academica\" \/><\/span><\/label>\n<\/p>\n<p><label>Informaci\u00f3n relatores (nombre, resumen del cv):<br \/>\n<span class=\"wpcf7-form-control-wrap\" data-name=\"info-relatores\"><input size=\"40\" class=\"wpcf7-form-control wpcf7-file\" accept=\"audio\/*,video\/*,image\/*\" aria-invalid=\"false\" type=\"file\" name=\"info-relatores\" \/><\/span><\/label>\n<\/p>\n<p><label>Presupuesto:<br \/>\nIndicar los ingresos probables de la actividad y los gastos. Indicar los \u00edtems o aportes que se esperan desde la Sociedad y los que ser\u00e1n de responsabilidad de la otra instituci\u00f3n co-organizadora (si la hay):<br \/>\n<span class=\"wpcf7-form-control-wrap\" data-name=\"presupuesto\"><input size=\"40\" class=\"wpcf7-form-control wpcf7-file\" accept=\"audio\/*,video\/*,image\/*\" aria-invalid=\"false\" type=\"file\" name=\"presupuesto\" \/><\/span><\/label>\n<\/p>\n<p><label>Otra informaci\u00f3n:<br \/>\nIndicar si hay alguna otra informaci\u00f3n relevante a considerar en la evaluaci\u00f3n que realizar\u00e1 el Directorio:<br \/>\n<span class=\"wpcf7-form-control-wrap\" data-name=\"otra-info\"><textarea cols=\"40\" rows=\"10\" maxlength=\"2000\" class=\"wpcf7-form-control wpcf7-textarea\" aria-invalid=\"false\" name=\"otra-info\"><\/textarea><\/span><\/label>\n<\/p>\n<p><label>(*) Campos obligatorios<\/label><br \/>\n<input class=\"wpcf7-form-control wpcf7-submit has-spinner\" type=\"submit\" value=\"Enviar\" \/>\n<\/p><p style=\"display: none !important;\" class=\"akismet-fields-container\" data-prefix=\"_wpcf7_ak_\"><label>&#916;<textarea name=\"_wpcf7_ak_hp_textarea\" cols=\"45\" rows=\"8\" maxlength=\"100\"><\/textarea><\/label><input type=\"hidden\" id=\"ak_js_1\" name=\"_wpcf7_ak_js\" value=\"74\"\/><script>document.getElementById( \"ak_js_1\" ).setAttribute( \"value\", ( new Date() ).getTime() );<\/script><\/p><div class=\"wpcf7-response-output\" aria-hidden=\"true\"><\/div>\n<\/form>\n<\/div>\n\n","protected":false},"excerpt":{"rendered":"<p>Todos los socios activos (cuotas al d\u00eda) podr\u00e1n optar al financiamiento de alguna actividad organizada por \u00e9l o por alguna instituci\u00f3n en la que \u00e9l participe. Para ello, debe llenar el siguiente formulario que ser\u00e1 analizado en la siguiente reuni\u00f3n de Directorio. Una vez aprobado, el socio responsable de la actividad (y que deber\u00e1 participar [&hellip;]<\/p>\n","protected":false},"author":1,"featured_media":1350,"parent":0,"menu_order":0,"comment_status":"closed","ping_status":"closed","template":"","meta":{"footnotes":""},"class_list":["post-3201","page","type-page","status-publish","has-post-thumbnail","hentry"],"_links":{"self":[{"href":"http:\/\/www.medicinafamiliar.cl\/mf\/wordpress\/wp-json\/wp\/v2\/pages\/3201","targetHints":{"allow":["GET"]}}],"collection":[{"href":"http:\/\/www.medicinafamiliar.cl\/mf\/wordpress\/wp-json\/wp\/v2\/pages"}],"about":[{"href":"http:\/\/www.medicinafamiliar.cl\/mf\/wordpress\/wp-json\/wp\/v2\/types\/page"}],"author":[{"embeddable":true,"href":"http:\/\/www.medicinafamiliar.cl\/mf\/wordpress\/wp-json\/wp\/v2\/users\/1"}],"replies":[{"embeddable":true,"href":"http:\/\/www.medicinafamiliar.cl\/mf\/wordpress\/wp-json\/wp\/v2\/comments?post=3201"}],"version-history":[{"count":3,"href":"http:\/\/www.medicinafamiliar.cl\/mf\/wordpress\/wp-json\/wp\/v2\/pages\/3201\/revisions"}],"predecessor-version":[{"id":3205,"href":"http:\/\/www.medicinafamiliar.cl\/mf\/wordpress\/wp-json\/wp\/v2\/pages\/3201\/revisions\/3205"}],"wp:featuredmedia":[{"embeddable":true,"href":"http:\/\/www.medicinafamiliar.cl\/mf\/wordpress\/wp-json\/wp\/v2\/media\/1350"}],"wp:attachment":[{"href":"http:\/\/www.medicinafamiliar.cl\/mf\/wordpress\/wp-json\/wp\/v2\/media?parent=3201"}],"curies":[{"name":"wp","href":"https:\/\/api.w.org\/{rel}","templated":true}]}}