{"id":3059,"date":"2022-05-30T21:04:11","date_gmt":"2022-05-31T00:04:11","guid":{"rendered":"http:\/\/www.medicinafamiliar.cl\/mf\/wordpress\/?page_id=3059"},"modified":"2022-05-30T21:04:12","modified_gmt":"2022-05-31T00:04:12","slug":"biografia-dra-cecilia-roldan-valenzuela","status":"publish","type":"page","link":"http:\/\/www.medicinafamiliar.cl\/mf\/wordpress\/biografia-dra-cecilia-roldan-valenzuela\/","title":{"rendered":"Biograf\u00eda Dra. Cecilia Rold\u00e1n Valenzuela"},"content":{"rendered":"\n<div class=\"wp-block-image\"><figure class=\"alignright size-large\"><img loading=\"lazy\" decoding=\"async\" width=\"250\" height=\"400\" src=\"http:\/\/www.medicinafamiliar.cl\/mf\/wordpress\/wp-content\/uploads\/2022\/05\/sochimef-dra-cecilia-roldan.jpg\" alt=\"\" class=\"wp-image-3060\" srcset=\"http:\/\/www.medicinafamiliar.cl\/mf\/wordpress\/wp-content\/uploads\/2022\/05\/sochimef-dra-cecilia-roldan.jpg 250w, http:\/\/www.medicinafamiliar.cl\/mf\/wordpress\/wp-content\/uploads\/2022\/05\/sochimef-dra-cecilia-roldan-188x300.jpg 188w\" sizes=\"auto, (max-width: 250px) 100vw, 250px\" \/><\/figure><\/div>\n\n\n<p>Fue parte del equipo de M\u00e9dicos de Familia que implement\u00f3 el proyecto de desarrollo del Modelo en la comuna de \u00d1u\u00f1oa, donde se desempe\u00f1\u00f3 como directora del Cesfam Rosita Renard por 12 a\u00f1os, luego dirigi\u00f3 el Cosam y m\u00e1s tarde, su contribuci\u00f3n fue desde la Direcci\u00f3n de Salud de \u00d1u\u00f1oa como Subdirectora T\u00e9cnica.\u00a0 En diciembre 2021, regres\u00f3 a la Cl\u00ednica ingresando al Cesfam Salvador Bustos como M\u00e9dico Familiar. Ya son 30 a\u00f1os de compromiso con esta comuna, desde su etapa de formaci\u00f3n en Medicina Familiar. Adem\u00e1s de este importante aporte, entre los a\u00f1os 1996 y 2020 se desempe\u00f1\u00f3 como M\u00e9dico Familiar con carrera de Oficial de Salud de la Polic\u00eda de Investigaciones de Chile, solicitando acogerse a retiro con el grado de Subprefecta.<\/p>","protected":false},"excerpt":{"rendered":"<p>Fue parte del equipo de M\u00e9dicos de Familia que implement\u00f3 el proyecto de desarrollo del Modelo en la comuna de \u00d1u\u00f1oa, donde se desempe\u00f1\u00f3 como directora del Cesfam Rosita Renard por 12 a\u00f1os, luego dirigi\u00f3 el Cosam y m\u00e1s tarde, su contribuci\u00f3n fue desde la Direcci\u00f3n de Salud de \u00d1u\u00f1oa como Subdirectora T\u00e9cnica.\u00a0 En diciembre [&hellip;]<\/p>\n","protected":false},"author":1,"featured_media":0,"parent":0,"menu_order":0,"comment_status":"closed","ping_status":"closed","template":"","meta":{"footnotes":""},"class_list":["post-3059","page","type-page","status-publish","hentry"],"_links":{"self":[{"href":"http:\/\/www.medicinafamiliar.cl\/mf\/wordpress\/wp-json\/wp\/v2\/pages\/3059","targetHints":{"allow":["GET"]}}],"collection":[{"href":"http:\/\/www.medicinafamiliar.cl\/mf\/wordpress\/wp-json\/wp\/v2\/pages"}],"about":[{"href":"http:\/\/www.medicinafamiliar.cl\/mf\/wordpress\/wp-json\/wp\/v2\/types\/page"}],"author":[{"embeddable":true,"href":"http:\/\/www.medicinafamiliar.cl\/mf\/wordpress\/wp-json\/wp\/v2\/users\/1"}],"replies":[{"embeddable":true,"href":"http:\/\/www.medicinafamiliar.cl\/mf\/wordpress\/wp-json\/wp\/v2\/comments?post=3059"}],"version-history":[{"count":1,"href":"http:\/\/www.medicinafamiliar.cl\/mf\/wordpress\/wp-json\/wp\/v2\/pages\/3059\/revisions"}],"predecessor-version":[{"id":3061,"href":"http:\/\/www.medicinafamiliar.cl\/mf\/wordpress\/wp-json\/wp\/v2\/pages\/3059\/revisions\/3061"}],"wp:attachment":[{"href":"http:\/\/www.medicinafamiliar.cl\/mf\/wordpress\/wp-json\/wp\/v2\/media?parent=3059"}],"curies":[{"name":"wp","href":"https:\/\/api.w.org\/{rel}","templated":true}]}}