{"id":2770,"date":"2022-03-15T20:35:48","date_gmt":"2022-03-15T23:35:48","guid":{"rendered":"http:\/\/www.medicinafamiliar.cl\/mf\/wordpress\/?page_id=2770"},"modified":"2022-03-15T20:37:00","modified_gmt":"2022-03-15T23:37:00","slug":"dra-paulina-lillo","status":"publish","type":"page","link":"http:\/\/www.medicinafamiliar.cl\/mf\/wordpress\/dra-paulina-lillo\/","title":{"rendered":"Biograf\u00eda Dra. Paulina Lillo"},"content":{"rendered":"\n<div class=\"wp-block-image\"><figure class=\"alignright size-large\"><img loading=\"lazy\" decoding=\"async\" width=\"250\" height=\"400\" src=\"http:\/\/www.medicinafamiliar.cl\/mf\/wordpress\/wp-content\/uploads\/2022\/03\/sochimef-dra-paulina-lillo-biografia.jpg\" alt=\"\" class=\"wp-image-2771\" srcset=\"http:\/\/www.medicinafamiliar.cl\/mf\/wordpress\/wp-content\/uploads\/2022\/03\/sochimef-dra-paulina-lillo-biografia.jpg 250w, http:\/\/www.medicinafamiliar.cl\/mf\/wordpress\/wp-content\/uploads\/2022\/03\/sochimef-dra-paulina-lillo-biografia-188x300.jpg 188w\" sizes=\"auto, (max-width: 250px) 100vw, 250px\" \/><\/figure><\/div>\n\n\n<p>Naci\u00f3 en Santiago en 1962, vivi\u00f3 los primeros 30 a\u00f1os de su vida en Puente Alto. Se titul\u00f3 como M\u00e9dico Cirujano de la Facultad de Medicina de la Universidad de Chile en 1990 y en 1998 como M\u00e9dico General Familiar de la Facultad de Medicina Campus Sur de la misma Universidad.<\/p>\n<p>Durante 11 a\u00f1os, de 1999 a 2010, se desempe\u00f1\u00f3 como Profesor Ayudante Asociado de la C\u00e1tedra de Medicina Familiar del Departamento de Salud P\u00fablica en la Escuela de Medicina de la Universidad de Valpara\u00edso.<\/p>\n<p>Dio sus primeros pasos profesionales como M\u00e9dico Integral y directora \u00e1rea salud Consultorio y Postas Rurales de Mar\u00eda Pinto.<\/p>\n<p>Su inter\u00e9s por la Atenci\u00f3n Primaria la dirigi\u00f3 a lo que m\u00e1s tarde fue su vocaci\u00f3n como M\u00e9dica de Familia, cuya amplia trayectoria desarroll\u00f3 principalmente en la regi\u00f3n de Valpara\u00edso.<\/p>\n<p style=\"text-align: justify;\">Nuestra Socia Honoraria 2022 es parte de la Sociedad Chilena De Medicina Familiar desde 1996, y ya el a\u00f1o 1998 fue la primera M\u00e9dico Primer M\u00e9dico Familiar en la regi\u00f3n de Valpara\u00edso, lo que la llev\u00f3 a ejercer su liderazgo en el Servicio de Salud Valpara\u00edso \u2013 San Antonio en diferentes centros de Atenci\u00f3n Primaria de la jurisdicci\u00f3n de este Servicio. Obtuvo en 2002 la Acreditaci\u00f3n CONACEM como especialista en Medicina Familiar.&nbsp;&nbsp;&nbsp;&nbsp;&nbsp;&nbsp;&nbsp;&nbsp;&nbsp;&nbsp;&nbsp;&nbsp;&nbsp;&nbsp;&nbsp;&nbsp;&nbsp;&nbsp; &nbsp;&nbsp;&nbsp;&nbsp;&nbsp;&nbsp;&nbsp;&nbsp;&nbsp;&nbsp;&nbsp;&nbsp;&nbsp;&nbsp;&nbsp;&nbsp;&nbsp;&nbsp;&nbsp;&nbsp;&nbsp;&nbsp;&nbsp;&nbsp;&nbsp;&nbsp;&nbsp;&nbsp;&nbsp;&nbsp;&nbsp;&nbsp;<\/p>\n<p style=\"text-align: justify;\">Ha conjugado la pr\u00e1ctica asistencial de la Medicina con la docencia, tanto en la formaci\u00f3n de M\u00e9dicos Familiares en la Universidad de Valpara\u00edso, como del Internado de Medicina Comunitaria de la Facultad de Medicina de la Universidad Andr\u00e9s Bello.<\/p>\n<p style=\"text-align: justify;\">Entre sus responsabilidades asumidas, destacan la direcci\u00f3n del CESFAM Jean y Marie Thierry de Valpara\u00edso y la Creaci\u00f3n de la Instancia de Coordinaci\u00f3n T\u00e9cnica de los CESFAM de la CORMUVAL (INTERCESFAM), adem\u00e1s de ser hasta ahora Asesora en la Direcci\u00f3n de Servicio de Salud Valpara\u00edso- San Antonio. Siempre con gran vocaci\u00f3n por el sector p\u00fablico, se ha desempe\u00f1ado en \u00e9ste ininterrumpidamente en jornada de 44 horas por 32 a\u00f1os.&nbsp;&nbsp;&nbsp;&nbsp;&nbsp;&nbsp;&nbsp;&nbsp;&nbsp;&nbsp;&nbsp;&nbsp;&nbsp;&nbsp;&nbsp;<\/p>","protected":false},"excerpt":{"rendered":"<p>Naci\u00f3 en Santiago en 1962, vivi\u00f3 los primeros 30 a\u00f1os de su vida en Puente Alto. Se titul\u00f3 como M\u00e9dico Cirujano de la Facultad de Medicina de la Universidad de Chile en 1990 y en 1998 como M\u00e9dico General Familiar de la Facultad de Medicina Campus Sur de la misma Universidad. Durante 11 a\u00f1os, de [&hellip;]<\/p>\n","protected":false},"author":1,"featured_media":0,"parent":0,"menu_order":0,"comment_status":"closed","ping_status":"closed","template":"","meta":{"footnotes":""},"class_list":["post-2770","page","type-page","status-publish","hentry"],"_links":{"self":[{"href":"http:\/\/www.medicinafamiliar.cl\/mf\/wordpress\/wp-json\/wp\/v2\/pages\/2770","targetHints":{"allow":["GET"]}}],"collection":[{"href":"http:\/\/www.medicinafamiliar.cl\/mf\/wordpress\/wp-json\/wp\/v2\/pages"}],"about":[{"href":"http:\/\/www.medicinafamiliar.cl\/mf\/wordpress\/wp-json\/wp\/v2\/types\/page"}],"author":[{"embeddable":true,"href":"http:\/\/www.medicinafamiliar.cl\/mf\/wordpress\/wp-json\/wp\/v2\/users\/1"}],"replies":[{"embeddable":true,"href":"http:\/\/www.medicinafamiliar.cl\/mf\/wordpress\/wp-json\/wp\/v2\/comments?post=2770"}],"version-history":[{"count":2,"href":"http:\/\/www.medicinafamiliar.cl\/mf\/wordpress\/wp-json\/wp\/v2\/pages\/2770\/revisions"}],"predecessor-version":[{"id":2773,"href":"http:\/\/www.medicinafamiliar.cl\/mf\/wordpress\/wp-json\/wp\/v2\/pages\/2770\/revisions\/2773"}],"wp:attachment":[{"href":"http:\/\/www.medicinafamiliar.cl\/mf\/wordpress\/wp-json\/wp\/v2\/media?parent=2770"}],"curies":[{"name":"wp","href":"https:\/\/api.w.org\/{rel}","templated":true}]}}