{"id":2146,"date":"2021-08-27T19:07:07","date_gmt":"2021-08-27T22:07:07","guid":{"rendered":"http:\/\/www.medicinafamiliar.cl\/mf\/wordpress\/?page_id=2146"},"modified":"2021-08-27T19:07:27","modified_gmt":"2021-08-27T22:07:27","slug":"biografia-dr-alvaro-tellez-tellez","status":"publish","type":"page","link":"http:\/\/www.medicinafamiliar.cl\/mf\/wordpress\/biografia-dr-alvaro-tellez-tellez\/","title":{"rendered":"Biograf\u00eda  Dr. \u00c1lvaro T\u00e9llez T\u00e9llez"},"content":{"rendered":"\n<div class=\"wp-block-image\"><figure class=\"alignright size-large is-resized\"><img loading=\"lazy\" decoding=\"async\" src=\"http:\/\/www.medicinafamiliar.cl\/mf\/wordpress\/wp-content\/uploads\/2021\/08\/sochimef-dr-alvaro-tellez.jpg\" alt=\"\" class=\"wp-image-2147\" width=\"250\" height=\"400\" srcset=\"http:\/\/www.medicinafamiliar.cl\/mf\/wordpress\/wp-content\/uploads\/2021\/08\/sochimef-dr-alvaro-tellez.jpg 250w, http:\/\/www.medicinafamiliar.cl\/mf\/wordpress\/wp-content\/uploads\/2021\/08\/sochimef-dr-alvaro-tellez-188x300.jpg 188w\" sizes=\"auto, (max-width: 250px) 100vw, 250px\" \/><\/figure><\/div>\n\n\n<p style=\"text-align: justify;\">Nuestro socio honorario es parte de la Sociedad Chilena de Medicina Familiar desde 1994. Es actual Director de la Red de Centros de Salud Familiar \u00c1ncora y del Centro de Innovaci\u00f3n en Salud \u00c1ncora de la Universidad Cat\u00f3lica de Chile. Adem\u00e1s, es Profesor Asociado de Medicina Familiar de la Pontificia Universidad Cat\u00f3lica de Chile.<\/p>\n<p style=\"text-align: justify;\">M\u00e9dico Cirujano de la Pontificia Universidad Cat\u00f3lica de Chile, en 1984 egres\u00f3 del Programa de Formaci\u00f3n en Pediatr\u00eda General y Ambulatoria de la misma universidad y en 1988 del Programa Magister en Salud P\u00fablica. Menci\u00f3n Salud Materno infantil,&nbsp;de la Universidad de Chile.<\/p>\n<p style=\"text-align: justify;\">Su primera experiencia laboral, y lo que marca su trayectoria, fue siendo parte del Proyecto Salud Integral de Pirque, a trav\u00e9s del Arzobispado de Santiago entre 1981 y 1989, y luego como Director de Consultorio y Postas Rurales de Pirque entre los a\u00f1os 1984 y 1986<strong>. <\/strong>M\u00e1s tarde ejerci\u00f3 como Asesor del Departamento de Atenci\u00f3n Primaria, en el Proyecto \u00c1reas de Validaci\u00f3n de APS del Ministerio de Salud.<\/p>\n<p style=\"text-align: justify;\">Adem\u00e1s de desarrollar su vocaci\u00f3n en Atenci\u00f3n Primera y Medicina Familiar, el Doctor T\u00e9llez, ha traspasado su experiencia a trav\u00e9s de la docencia en la Facultad de Medicina, de la Pontificia Universidad Cat\u00f3lica de Chile desde 1990 hasta ahora. Comenz\u00f3 como Jefe del Servicio de Pediatr\u00eda Ambulatoria del Centro M\u00e9dico San Joaqu\u00edn, luego como Jefe de Proyecto del Centro de Salud Familiar UC, adem\u00e1s de Jefe de Programa de Post T\u00edtulo en Medicina Familiar Menci\u00f3n Ni\u00f1o, PUC. &nbsp;<\/p>\n<p style=\"text-align: justify;\">Sin duda, la labor de m\u00e1s largo aliento ha sido como Director M\u00e9dico Proyecto Ancora, Red de Centros de Salud Familiares UC, implementados a trav\u00e9s de la Facultad de Medicina de la Universidad Cat\u00f3lica y que actualmente sirve a m\u00e1s de 62 mil personas, a trav\u00e9s de la aplicaci\u00f3n del modelo de atenci\u00f3n integral en salud familiar y comunitaria. &nbsp;Actualmente uno de sus proyectos es el Desarrollo de la Unidad de Telesalud en los CESFAM Ancora UC.<\/p>\n<p style=\"text-align: justify;\">Actualmente es Presidente del Directorio de la Fundaci\u00f3n Infancia Primero, integrante de la Fundaci\u00f3n por la Dignidad del Hombre y hasta el 2018 fue parte del directorio del Hogar de Cristo. &nbsp;<\/p>\n<p style=\"text-align: justify;\">La vocaci\u00f3n que caracteriza su trayectoria ha sido reconocida a trav\u00e9s de distinciones que ha recibido a lo largo de su carrera, como el Premio Salud Materno Infantil, en 1988, otorgado por la Escuela de Salud P\u00fablica de la Universidad de Chile. En el a\u00f1o 2013 fue merecedor del Premio Gesti\u00f3n Cl\u00ednica-Acad\u00e9mica de la Facultad Medicina de la PUC, misma casa de estudios que en 2018 le entreg\u00f3 el Reconocimiento Aporte al Desarrollo Medicina Familiar en Celebraci\u00f3n de los 25 a\u00f1os de Medicina Familiar UC y el Reconocimiento a 30 a\u00f1os de Compromiso Acad\u00e9mico con la Escuela de Medicina. En 2020 fue nombrado Socio Honorario de nuestra Sociedad de Medicina Familiar.<\/p>","protected":false},"excerpt":{"rendered":"<p>Nuestro socio honorario es parte de la Sociedad Chilena de Medicina Familiar desde 1994. Es actual Director de la Red de Centros de Salud Familiar \u00c1ncora y del Centro de Innovaci\u00f3n en Salud \u00c1ncora de la Universidad Cat\u00f3lica de Chile. Adem\u00e1s, es Profesor Asociado de Medicina Familiar de la Pontificia Universidad Cat\u00f3lica de Chile. M\u00e9dico [&hellip;]<\/p>\n","protected":false},"author":1,"featured_media":0,"parent":0,"menu_order":0,"comment_status":"closed","ping_status":"closed","template":"","meta":{"footnotes":""},"class_list":["post-2146","page","type-page","status-publish","hentry"],"_links":{"self":[{"href":"http:\/\/www.medicinafamiliar.cl\/mf\/wordpress\/wp-json\/wp\/v2\/pages\/2146","targetHints":{"allow":["GET"]}}],"collection":[{"href":"http:\/\/www.medicinafamiliar.cl\/mf\/wordpress\/wp-json\/wp\/v2\/pages"}],"about":[{"href":"http:\/\/www.medicinafamiliar.cl\/mf\/wordpress\/wp-json\/wp\/v2\/types\/page"}],"author":[{"embeddable":true,"href":"http:\/\/www.medicinafamiliar.cl\/mf\/wordpress\/wp-json\/wp\/v2\/users\/1"}],"replies":[{"embeddable":true,"href":"http:\/\/www.medicinafamiliar.cl\/mf\/wordpress\/wp-json\/wp\/v2\/comments?post=2146"}],"version-history":[{"count":2,"href":"http:\/\/www.medicinafamiliar.cl\/mf\/wordpress\/wp-json\/wp\/v2\/pages\/2146\/revisions"}],"predecessor-version":[{"id":2149,"href":"http:\/\/www.medicinafamiliar.cl\/mf\/wordpress\/wp-json\/wp\/v2\/pages\/2146\/revisions\/2149"}],"wp:attachment":[{"href":"http:\/\/www.medicinafamiliar.cl\/mf\/wordpress\/wp-json\/wp\/v2\/media?parent=2146"}],"curies":[{"name":"wp","href":"https:\/\/api.w.org\/{rel}","templated":true}]}}