{"id":2123,"date":"2021-08-21T02:26:44","date_gmt":"2021-08-21T05:26:44","guid":{"rendered":"http:\/\/www.medicinafamiliar.cl\/mf\/wordpress\/?page_id=2123"},"modified":"2021-08-21T02:27:17","modified_gmt":"2021-08-21T05:27:17","slug":"biografia-dr-reinaldo-munoz-sepulveda","status":"publish","type":"page","link":"http:\/\/www.medicinafamiliar.cl\/mf\/wordpress\/biografia-dr-reinaldo-munoz-sepulveda\/","title":{"rendered":"Biograf\u00eda Dr. Reinaldo Mu\u00f1oz Sep\u00falveda"},"content":{"rendered":"\n<div class=\"wp-block-image\"><figure class=\"alignright size-large is-resized\"><img loading=\"lazy\" decoding=\"async\" src=\"http:\/\/www.medicinafamiliar.cl\/mf\/wordpress\/wp-content\/uploads\/2021\/08\/sochimef-dr-reinaldo-munoz.jpg\" alt=\"\" class=\"wp-image-2125\" width=\"250\" height=\"400\" srcset=\"http:\/\/www.medicinafamiliar.cl\/mf\/wordpress\/wp-content\/uploads\/2021\/08\/sochimef-dr-reinaldo-munoz.jpg 250w, http:\/\/www.medicinafamiliar.cl\/mf\/wordpress\/wp-content\/uploads\/2021\/08\/sochimef-dr-reinaldo-munoz-188x300.jpg 188w\" sizes=\"auto, (max-width: 250px) 100vw, 250px\" \/><\/figure><\/div>\n\n\n<p style=\"text-align: justify;\">M\u00e9dico Cirujano titulado en la Universidad de Chile, es uno de los primeros M\u00e9dicos Familiares certificados por CONACEM, Corporaci\u00f3n Nacional Aut\u00f3noma de Certificaci\u00f3n de Especialidades M\u00e9dicas, el a\u00f1o 2001, fecha en la que esa instituci\u00f3n incorpor\u00f3 a la Medicina Familiar dentro de su campo de acci\u00f3n.<\/p>\n<p style=\"text-align: justify;\">Fue Presidente de SOCHIMEF en el per\u00edodo 2004-2005 y por a\u00f1os form\u00f3 parte del Directorio de nuestra Sociedad, como Vicepresidente en los a\u00f1os 2006-2007 y como su Director en seis per\u00edodos: 1996-1997; 2002-2003; 2008-2009; 2012-2013; 2014-2015 y, 2006-2017.<\/p>\n<p style=\"text-align: justify;\">Como presidente de SOCHIMEF, integr\u00f3 el equipo que lider\u00f3 la organizaci\u00f3n en Chile de la II Cumbre Iberoamericana de Medicina Familiar, con la participaci\u00f3n de la doctora B\u00e1rbara Starfield, \u00edcono mundial de la Medicina Familiar y de la atenci\u00f3n primaria. &nbsp;Fue un encuentro que reuni\u00f3 a delegados de las Sociedades de Medicina Familiar de 18 pa\u00edses latinoamericanos, incluidos Espa\u00f1a y Portugal, instancia a partir de la cual se dise\u00f1aron estrategias para el desarrollo de la Medicina Familiar en Latinoam\u00e9rica.<\/p>\n<p style=\"text-align: justify;\">El doctor Mu\u00f1oz ha dedicado parte de su trabajo a ampliar el foco de la Medicina Familiar en m\u00faltiples \u00e1mbitos, tales como: docencia universitaria, atenci\u00f3n cl\u00ednica, gesti\u00f3n y actividades gremiales.<\/p>\n<p style=\"text-align: justify;\">Dentro de su trayectoria cobra relevante rol la docencia de posgrado y pregrado en la Facultad de Medicina de la Universidad de Chile, donde recalca su fuerte \u00e9nfasis en diferenciar la Medicina Familiar de la Atenci\u00f3n Primaria, \u201cque son dos cosas totalmente diferentes, pero que se confunden\u201d, afirma. &nbsp;En esa misma l\u00ednea, asegura preferir la docencia cl\u00ednica directa en la entrega pr\u00e1ctica de las habilidades para el desarrollo de las competencias cl\u00ednicas y relacionales de los m\u00e9dicos familiares.&nbsp; antes que la investigaci\u00f3n. Su inter\u00e9s se centra en participar activamente del desarrollo de la Medicina Familiar no s\u00f3lo para fines acad\u00e9micos, sino para aumentar el conocimiento de la especialidad frente a sus pares del mundo m\u00e9dico.<\/p>\n<p style=\"text-align: justify;\">En cuanto al \u00e1mbito cl\u00ednico, siempre ha ejercido en el \u00e1rea ambulatoria, primero en consultorios comunales y luego en Cesfam, incorporando en sus acciones la docencia. &nbsp;En los \u00faltimos a\u00f1os ha centrado la atenci\u00f3n cl\u00ednica en adultos portadores de multimorbilidades, desde donde apuesta a una intervenci\u00f3n en la salud de las familias.<\/p>\n<p style=\"text-align: justify;\">En otra \u00e1rea, gesti\u00f3n y asesor\u00edas entre los a\u00f1os 2005 y 2008, encabez\u00f3 el proyecto de desarrollo de un modelo de Medicina Familiar en ING, ISAPRE de capitales holandeses que intent\u00f3 en Chile, bajo un sistema de salud cerrado, establecer el concepto de m\u00e9dicos de cabecera. Este proyecto no tuvo continuidad.<\/p>\n<p style=\"text-align: justify;\">Desde 2008 al 2012, dirigi\u00f3 el proyecto de transformaci\u00f3n del modelo de atenci\u00f3n de salud ambulatorios en 2 divisiones de salud de la cupr\u00edfera estatal Codelco. Esta modificaci\u00f3n permiti\u00f3 desarrollar un modelo de Medicina Familiar para la atenci\u00f3n ambulatoria, que en los \u00faltimos a\u00f1os se ha extendido a todas las divisiones para estos trabajadores de la miner\u00eda.<\/p>\n<p style=\"text-align: justify;\">En el \u00e1rea gremial, integra desde sus inicios el Comit\u00e9 de Medicina Familiar de CONACEM, y desde el a\u00f1o 2016 es su presidente.<\/p>\n<p style=\"text-align: justify;\">En relaci\u00f3n con la coyuntura, afirma que la pandemia Covid 19 puede constituirse en una gran oportunidad para potenciar la Medicina Familiar, ya que la aplicaci\u00f3n tanto del enfoque familiar como del preventivo\/promocional, debieren desarrollarse con mayor \u00e9nfasis para evitar la mantenci\u00f3n de la pandemia y enfrentar de mejor manera sus consecuencias en las personas y familias.<\/p>","protected":false},"excerpt":{"rendered":"<p>M\u00e9dico Cirujano titulado en la Universidad de Chile, es uno de los primeros M\u00e9dicos Familiares certificados por CONACEM, Corporaci\u00f3n Nacional Aut\u00f3noma de Certificaci\u00f3n de Especialidades M\u00e9dicas, el a\u00f1o 2001, fecha en la que esa instituci\u00f3n incorpor\u00f3 a la Medicina Familiar dentro de su campo de acci\u00f3n. Fue Presidente de SOCHIMEF en el per\u00edodo 2004-2005 y [&hellip;]<\/p>\n","protected":false},"author":1,"featured_media":0,"parent":0,"menu_order":0,"comment_status":"closed","ping_status":"closed","template":"","meta":{"footnotes":""},"class_list":["post-2123","page","type-page","status-publish","hentry"],"_links":{"self":[{"href":"http:\/\/www.medicinafamiliar.cl\/mf\/wordpress\/wp-json\/wp\/v2\/pages\/2123","targetHints":{"allow":["GET"]}}],"collection":[{"href":"http:\/\/www.medicinafamiliar.cl\/mf\/wordpress\/wp-json\/wp\/v2\/pages"}],"about":[{"href":"http:\/\/www.medicinafamiliar.cl\/mf\/wordpress\/wp-json\/wp\/v2\/types\/page"}],"author":[{"embeddable":true,"href":"http:\/\/www.medicinafamiliar.cl\/mf\/wordpress\/wp-json\/wp\/v2\/users\/1"}],"replies":[{"embeddable":true,"href":"http:\/\/www.medicinafamiliar.cl\/mf\/wordpress\/wp-json\/wp\/v2\/comments?post=2123"}],"version-history":[{"count":3,"href":"http:\/\/www.medicinafamiliar.cl\/mf\/wordpress\/wp-json\/wp\/v2\/pages\/2123\/revisions"}],"predecessor-version":[{"id":2127,"href":"http:\/\/www.medicinafamiliar.cl\/mf\/wordpress\/wp-json\/wp\/v2\/pages\/2123\/revisions\/2127"}],"wp:attachment":[{"href":"http:\/\/www.medicinafamiliar.cl\/mf\/wordpress\/wp-json\/wp\/v2\/media?parent=2123"}],"curies":[{"name":"wp","href":"https:\/\/api.w.org\/{rel}","templated":true}]}}