{"id":2049,"date":"2021-08-04T19:37:09","date_gmt":"2021-08-04T22:37:09","guid":{"rendered":"http:\/\/www.medicinafamiliar.cl\/mf\/wordpress\/?page_id=2049"},"modified":"2021-08-04T19:39:31","modified_gmt":"2021-08-04T22:39:31","slug":"biografia-dra-philippa-moore","status":"publish","type":"page","link":"http:\/\/www.medicinafamiliar.cl\/mf\/wordpress\/biografia-dra-philippa-moore\/","title":{"rendered":"Biograf\u00eda Dra. Philippa Moore"},"content":{"rendered":"\n<div class=\"wp-block-image\"><figure class=\"alignright size-large is-resized\"><img loading=\"lazy\" decoding=\"async\" src=\"http:\/\/www.medicinafamiliar.cl\/mf\/wordpress\/wp-content\/uploads\/2021\/08\/sochimef-dra-philippa-moore.jpg\" alt=\"\" class=\"wp-image-2050\" width=\"250\" height=\"400\" srcset=\"http:\/\/www.medicinafamiliar.cl\/mf\/wordpress\/wp-content\/uploads\/2021\/08\/sochimef-dra-philippa-moore.jpg 250w, http:\/\/www.medicinafamiliar.cl\/mf\/wordpress\/wp-content\/uploads\/2021\/08\/sochimef-dra-philippa-moore-188x300.jpg 188w\" sizes=\"auto, (max-width: 250px) 100vw, 250px\" \/><\/figure><\/div>\n\n\n<p style=\"text-align: justify;\">M\u00e9dica de Familia, es una de las Fundadoras de nuestra Sociedad de Medicina Familiar de Chile, y activa socia honoraria. En 2013 fue merecedora del Premio a la Trayectoria SOCHIMEF. La Doctora Philippa Moore, ha contribuido de manera relevante tanto en el desarrollo de la Medicina Familiar en Chile, como en Docencia en Comunicaci\u00f3n y de Medicina Basada en la Evidencia.<\/p>\n<p style=\"text-align: justify;\">De nacionalidad brit\u00e1nica, lleg\u00f3 a Chile \u201cpor amor&#8221;, como ella misma confiesa. Antes de ello, curs\u00f3 sus estudios en&nbsp; Bachelor of Arts (Cantab),&nbsp; New Hall University of Cambridge. Adem\u00e1s, se licenci\u00f3 en Medicina y en Cirug\u00eda (MBBS), en el King&#8217;s College Hospital Medical School, y realiz\u00f3 su formaci\u00f3n en Medicina Familiar en Londres, siendo Miembro del Royal College of General Practitioners. Ya en nuestro pa\u00eds, revalid\u00f3 sus estudios de M\u00e9dico Cirujano en la Facultad de Medicina de la Universidad de Chile.<\/p>\n<p style=\"text-align: justify;\">En la actualidad, la Doctora Moore se desempe\u00f1a como profesora titular cl\u00ednica de la Facultad de Medicina de la Pontificia Universidad Cat\u00f3lica de Chile. Su carrera acad\u00e9mica comenz\u00f3 en 1990 como investigador adjunto en el Departamento de Salud P\u00fablica de la Universidad de Chile.<strong> &nbsp;<\/strong>Aquel fue un punto de partida de su importante aporte en la <strong>Docencia en Atenci\u00f3n Primaria y Medicina Familiar<\/strong>. Desde 1993 inici\u00f3 su carrera acad\u00e9mica en la Pontificia Universidad Cat\u00f3lica de Chile desde donde ha aportado a la formaci\u00f3n de pregrado en la Jefatura del Internado Medicina Familiar y en la formaci\u00f3n de postgrado de la especialidad de Medicina Familiar PUC, y desde diferentes instancias a largo del pa\u00eds y Am\u00e9rica Latina.<\/p>\n<p style=\"text-align: justify;\">Asimismo, ha tenido un rol esencial en <strong>Docencia de Comunicaci\u00f3n en Salud, <\/strong>explorando m\u00e9todos docentes que permiten el desarrollo de las habilidades comunicacionales para los profesionales de salud en pregrado, post grado y extensi\u00f3n. En ese \u00e1mbito, <strong>introdujo el desarrollo de la atenci\u00f3n centrada en el paciente y m\u00e9todos experienciales en la docencia<\/strong>, como el uso de role-play, pacientes simulados, adem\u00e1s de la grabaci\u00f3n y an\u00e1lisis de la entrevista de los profesionales de salud. &nbsp;Fue una de las creadoras de la Unidad de Pacientes Entrenados, instancia que consolid\u00f3 y profesionaliz\u00f3 la contribuci\u00f3n de los pacientes simulados a la docencia, m\u00e9todo muy utilizado en educaci\u00f3n m\u00e9dica. &nbsp;<\/p>\n<p style=\"text-align: justify;\">En cuanto al desarrollo de Medicina Basada en Evidencia, se destaca como uno de los m\u00e9dicos que introdujeron MBE a la ense\u00f1anza de los diferentes cursos y diplomas ofrecidos por la PUC sobre este tema, liderando una Revisi\u00f3n Cochrane sobre Docencia en Habilidades Comunicacionales.<\/p>\n<p style=\"text-align: justify;\">Como parte del extenso reconocimiento a su labor y dedicaci\u00f3n, en 2010, la Doctora Moore fue <strong>galardonada en el Concurso de Proyectos de Docencia por la Presentaci\u00f3n &#8220;Uso de m\u00e9todos innovadores en la docencia integrada de habilidades cl\u00ednicas y comunicacionales<\/strong>\u201d. <strong>Tambi\u00e9n, en 2018, el National Institute for Health Research de Reino Unido, le otorg\u00f3 el Premio al Incentivo.<\/strong><\/p>","protected":false},"excerpt":{"rendered":"<p>M\u00e9dica de Familia, es una de las Fundadoras de nuestra Sociedad de Medicina Familiar de Chile, y activa socia honoraria. En 2013 fue merecedora del Premio a la Trayectoria SOCHIMEF. La Doctora Philippa Moore, ha contribuido de manera relevante tanto en el desarrollo de la Medicina Familiar en Chile, como en Docencia en Comunicaci\u00f3n y [&hellip;]<\/p>\n","protected":false},"author":1,"featured_media":0,"parent":0,"menu_order":0,"comment_status":"closed","ping_status":"closed","template":"","meta":{"footnotes":""},"class_list":["post-2049","page","type-page","status-publish","hentry"],"_links":{"self":[{"href":"http:\/\/www.medicinafamiliar.cl\/mf\/wordpress\/wp-json\/wp\/v2\/pages\/2049","targetHints":{"allow":["GET"]}}],"collection":[{"href":"http:\/\/www.medicinafamiliar.cl\/mf\/wordpress\/wp-json\/wp\/v2\/pages"}],"about":[{"href":"http:\/\/www.medicinafamiliar.cl\/mf\/wordpress\/wp-json\/wp\/v2\/types\/page"}],"author":[{"embeddable":true,"href":"http:\/\/www.medicinafamiliar.cl\/mf\/wordpress\/wp-json\/wp\/v2\/users\/1"}],"replies":[{"embeddable":true,"href":"http:\/\/www.medicinafamiliar.cl\/mf\/wordpress\/wp-json\/wp\/v2\/comments?post=2049"}],"version-history":[{"count":2,"href":"http:\/\/www.medicinafamiliar.cl\/mf\/wordpress\/wp-json\/wp\/v2\/pages\/2049\/revisions"}],"predecessor-version":[{"id":2052,"href":"http:\/\/www.medicinafamiliar.cl\/mf\/wordpress\/wp-json\/wp\/v2\/pages\/2049\/revisions\/2052"}],"wp:attachment":[{"href":"http:\/\/www.medicinafamiliar.cl\/mf\/wordpress\/wp-json\/wp\/v2\/media?parent=2049"}],"curies":[{"name":"wp","href":"https:\/\/api.w.org\/{rel}","templated":true}]}}