{"id":1144,"date":"2021-02-22T20:25:58","date_gmt":"2021-02-22T23:25:58","guid":{"rendered":"http:\/\/www.medicinafamiliar.cl\/mf\/wordpress\/?page_id=1144"},"modified":"2021-02-22T20:25:59","modified_gmt":"2021-02-22T23:25:59","slug":"biografia-m-bernardita-martinez","status":"publish","type":"page","link":"http:\/\/www.medicinafamiliar.cl\/mf\/wordpress\/biografia-m-bernardita-martinez\/","title":{"rendered":"Biograf\u00eda M. Bernardita Mart\u00ednez"},"content":{"rendered":"\n<div class=\"wp-block-image\"><figure class=\"alignright size-large\"><img loading=\"lazy\" decoding=\"async\" width=\"250\" height=\"400\" src=\"http:\/\/www.medicinafamiliar.cl\/mf\/wordpress\/wp-content\/uploads\/2021\/02\/sochimef-dra-bernardita-martinez-00.jpg\" alt=\"\" class=\"wp-image-1146\" srcset=\"http:\/\/www.medicinafamiliar.cl\/mf\/wordpress\/wp-content\/uploads\/2021\/02\/sochimef-dra-bernardita-martinez-00.jpg 250w, http:\/\/www.medicinafamiliar.cl\/mf\/wordpress\/wp-content\/uploads\/2021\/02\/sochimef-dra-bernardita-martinez-00-188x300.jpg 188w\" sizes=\"auto, (max-width: 250px) 100vw, 250px\" \/><\/figure><\/div>\n\n\n<p style=\"text-align: justify;\">Mar\u00eda Bernardita Mart\u00ednez Olavarr\u00eda, nace en Santiago y cursa sus estudios secundarios en el Colegio Argentino del Sagrado Coraz\u00f3n. Ingresa a la carrera de Medicina el a\u00f1o 1972 en la Pontificia Universidad Cat\u00f3lica de Chile y luego, en 1974, emigra a Suecia donde, luego de dedicar un a\u00f1o para estudiar el idioma Sueco e Ingl\u00e9s, cursa y se titula como M\u00e9dico en la Facultad de Medicina de la Universidad de Uppsala, Suecia. Desde 1980 hasta 1983 realiza su internado en el Hospital de Varberg. Vuelve a Chile y rinde exitosamente los ex\u00e1menes e internados para validar su t\u00edtulo en nuestro pa\u00eds el a\u00f1o 1990. Al a\u00f1o siguiente se hace socia de nuestra Sociedad Chilena de Medicina Familiar y en 1994 obtiene el t\u00edtulo de especialidad de Medicina General Familiar.<\/p>\n<p style=\"text-align: justify;\">Laboralmente se desempe\u00f1\u00f3 en Suecia, en distintos centros de salud p\u00fablicos y privados. Al llegar a nuestro pa\u00eds, trabaja como m\u00e9dica familiar en centros de Atenci\u00f3n Primaria de Salud como el Consultorio La Faena, en Pe\u00f1alol\u00e9n, en el Policl\u00ednico de Bienestar de Correos de Chile y en el CESFAM Reverendo Javier Per\u00f3 de San Joaqu\u00edn, Santiago, por nombrar algunos. Actualmente ejerce en Vidaintegra.<\/p>","protected":false},"excerpt":{"rendered":"<p>Mar\u00eda Bernardita Mart\u00ednez Olavarr\u00eda, nace en Santiago y cursa sus estudios secundarios en el Colegio Argentino del Sagrado Coraz\u00f3n. Ingresa a la carrera de Medicina el a\u00f1o 1972 en la Pontificia Universidad Cat\u00f3lica de Chile y luego, en 1974, emigra a Suecia donde, luego de dedicar un a\u00f1o para estudiar el idioma Sueco e Ingl\u00e9s, [&hellip;]<\/p>\n","protected":false},"author":1,"featured_media":0,"parent":0,"menu_order":0,"comment_status":"closed","ping_status":"closed","template":"","meta":{"footnotes":""},"class_list":["post-1144","page","type-page","status-publish","hentry"],"_links":{"self":[{"href":"http:\/\/www.medicinafamiliar.cl\/mf\/wordpress\/wp-json\/wp\/v2\/pages\/1144","targetHints":{"allow":["GET"]}}],"collection":[{"href":"http:\/\/www.medicinafamiliar.cl\/mf\/wordpress\/wp-json\/wp\/v2\/pages"}],"about":[{"href":"http:\/\/www.medicinafamiliar.cl\/mf\/wordpress\/wp-json\/wp\/v2\/types\/page"}],"author":[{"embeddable":true,"href":"http:\/\/www.medicinafamiliar.cl\/mf\/wordpress\/wp-json\/wp\/v2\/users\/1"}],"replies":[{"embeddable":true,"href":"http:\/\/www.medicinafamiliar.cl\/mf\/wordpress\/wp-json\/wp\/v2\/comments?post=1144"}],"version-history":[{"count":2,"href":"http:\/\/www.medicinafamiliar.cl\/mf\/wordpress\/wp-json\/wp\/v2\/pages\/1144\/revisions"}],"predecessor-version":[{"id":1147,"href":"http:\/\/www.medicinafamiliar.cl\/mf\/wordpress\/wp-json\/wp\/v2\/pages\/1144\/revisions\/1147"}],"wp:attachment":[{"href":"http:\/\/www.medicinafamiliar.cl\/mf\/wordpress\/wp-json\/wp\/v2\/media?parent=1144"}],"curies":[{"name":"wp","href":"https:\/\/api.w.org\/{rel}","templated":true}]}}