{"id":100,"date":"2020-02-06T03:12:17","date_gmt":"2020-02-06T06:12:17","guid":{"rendered":"http:\/\/www.medicinafamiliar.cl\/mf\/wordpress\/?page_id=100"},"modified":"2021-11-23T18:07:42","modified_gmt":"2021-11-23T21:07:42","slug":"material-de-apoyo","status":"publish","type":"page","link":"http:\/\/www.medicinafamiliar.cl\/mf\/wordpress\/material-de-apoyo\/","title":{"rendered":"Material de apoyo"},"content":{"rendered":"<p><strong>LIBROS RESUMEN TRABAJOS LIBRES CONGRESOS CHILENOS DE MEDICINA FAMILIAR<br \/>\n<\/strong><a href=\"http:\/\/www.medicinafamiliar.cl\/mf\/wordpress\/wp-content\/uploads\/2021\/11\/Libro-de-resumenes-MEDFAM_V7.pdf\" target=\"_blank\" rel=\"noopener noreferrer\">Libro Res\u00famenes Trabajos Libres XXII Congreso Chileno de Medicina Familiar 2021<\/a><strong><br \/>\n<\/strong><a href=\"http:\/\/www.medicinafamiliar.cl\/mf\/wordpress\/wp-content\/uploads\/2020\/11\/Libro-Res\u00famenes-MedFam-2020-vf.pdf\" target=\"_blank\" rel=\"noopener noreferrer\">Libro Res\u00famenes Trabajos Libres XXI Congreso Chileno de Medicina Familiar 2020<\/a><strong><br \/>\n<\/strong><a href=\"http:\/\/www.medicinafamiliar.cl\/mf\/wordpress\/wp-content\/uploads\/2020\/02\/sochimef-libro-resumenes-xx-congreso-medicina-familiar20191.pdf\" target=\"_blank\" rel=\"noopener noreferrer\">Libro Res\u00famenes Trabajos Libres XX Congreso Chileno de Medicina Familiar 2019<\/a><br \/>\n<a href=\"http:\/\/www.medicinafamiliar.cl\/mf\/wordpress\/wp-content\/uploads\/2020\/02\/libro-de-resumenes-medfam-2017-v5.pdf\" target=\"_blank\" rel=\"noopener noreferrer\">Libro Res\u00famenes Trabajos Libres XIX Congreso Chileno de Medicina Familiar 2017<\/a><br \/>\n<a href=\"http:\/\/www.medicinafamiliar.cl\/mf\/wordpress\/wp-content\/uploads\/2020\/02\/Libro-Resumenes-Congreso-2016.pdf\" target=\"_blank\" rel=\"noopener noreferrer\">Libro Res\u00famenes Trabajos Libres XVIII Congreso Chileno de Medicina Familiar 2016<\/a><br \/>\n<a href=\"http:\/\/www.medicinafamiliar.cl\/mf\/wordpress\/wp-content\/uploads\/2020\/02\/libro-resumenes-trabajos-libres-congreso-2015.pdf\" target=\"_blank\" rel=\"noopener noreferrer\">Libro Res\u00famenes Trabajos Libres XVII Congreso Chileno de Medicina Familiar 2015<\/a><br \/>\n<a href=\"http:\/\/www.medicinafamiliar.cl\/mf\/wordpress\/wp-content\/uploads\/2020\/02\/libro-resumenes-2014.pdf\" target=\"_blank\" rel=\"noopener noreferrer\">Libro Res\u00famenes Trabajos Libres XVI Congreso Chileno de Medicina Familiar 2014<\/a><br \/>\n<a href=\"http:\/\/www.medicinafamiliar.cl\/mf\/wordpress\/wp-content\/uploads\/2020\/02\/libro-resumenes-congreso-2013-1.pdf\" target=\"_blank\" rel=\"noopener noreferrer\">Libro Res\u00famenes Trabajos Libres II Congreso Conjunto Medicina Familiar M\u00e9dicos APS 2013<\/a><br \/>\n<a href=\"http:\/\/www.medicinafamiliar.cl\/mf\/wordpress\/wp-content\/uploads\/2020\/02\/libroresumenes2012.pdf\" target=\"_blank\" rel=\"noopener noreferrer\">Libro Res\u00famenes Trabajos Libres I Congreso Conjunto Medicina Familiar M\u00e9dicos APS 2012<\/a><\/p>\n<p><strong>DECLARACIONES CUMBRES CIMF<br \/>\n<\/strong><a href=\"http:\/\/www.medicinafamiliar.cl\/mf\/wordpress\/wp-content\/uploads\/2020\/02\/carta_quito_cumbre_final_firmada.pdf\" target=\"_blank\" rel=\"noopener noreferrer\">Carta de Quito: &#8220;Cobertura Universal, Medicina Familiar y Participaci\u00f3n Social&#8221; (Abril 2014)<\/a><br \/>\n<a href=\"http:\/\/www.medicinafamiliar.cl\/mf\/wordpress\/wp-content\/uploads\/2020\/02\/Versio\u0301n-Final-Carta-de-San-Jose\u0301-con-Firmas-Espan\u0303ol.pdf\" target=\"_blank\" rel=\"noopener noreferrer\">Carta de San Jos\u00e9: &#8220;Universalidad, Equidad y Calidad en los Sistemas de Salud: La Medicina Familiar y Comunitaria como Eje&#8221; (Abril 2016)<\/a><\/p>\n<p><strong>MODELO SALUD FAMILIAR &#8211; DOCUMENTOS MINSAL<br \/>\n<\/strong>Congreso de Atenci\u00f3n Primaria &#8211; Ministerio de Salud:<br \/>\n<a href=\"http:\/\/www.medicinafamiliar.cl\/mf\/wordpress\/wp-content\/uploads\/2020\/02\/MINSAL-2017-Posicio\u0301n-respecto-del-valor-social-APS.pdf\" target=\"_blank\" rel=\"noopener noreferrer\">Documento de Posici\u00f3n respecto del Valor Social de la Atenci\u00f3n Primaria de Salud (abril 2017)<\/a><\/p>\n<p>Comunidad de Pr\u00e1cticas en APS:<br \/>\n<a href=\"http:\/\/www.medicinafamiliar.cl\/mf\/wordpress\/wp-content\/uploads\/2020\/02\/Propuestas-CdP-Marco-Juri\u0301dico-.pdf\" target=\"_blank\" rel=\"noopener noreferrer\">Fortalecimiento de la Atenci\u00f3n Primaria &#8211; Propuesta para mejorar la Salud en Chile<\/a><\/p>\n","protected":false},"excerpt":{"rendered":"<p>LIBROS RESUMEN TRABAJOS LIBRES CONGRESOS CHILENOS DE MEDICINA FAMILIAR Libro Res\u00famenes Trabajos Libres XXII Congreso Chileno de Medicina Familiar 2021 Libro Res\u00famenes Trabajos Libres XXI Congreso Chileno de Medicina Familiar 2020 Libro Res\u00famenes Trabajos Libres XX Congreso Chileno de Medicina Familiar 2019 Libro Res\u00famenes Trabajos Libres XIX Congreso Chileno de Medicina Familiar 2017 Libro Res\u00famenes [&hellip;]<\/p>\n","protected":false},"author":1,"featured_media":0,"parent":0,"menu_order":0,"comment_status":"closed","ping_status":"closed","template":"","meta":{"footnotes":""},"class_list":["post-100","page","type-page","status-publish","hentry"],"_links":{"self":[{"href":"http:\/\/www.medicinafamiliar.cl\/mf\/wordpress\/wp-json\/wp\/v2\/pages\/100","targetHints":{"allow":["GET"]}}],"collection":[{"href":"http:\/\/www.medicinafamiliar.cl\/mf\/wordpress\/wp-json\/wp\/v2\/pages"}],"about":[{"href":"http:\/\/www.medicinafamiliar.cl\/mf\/wordpress\/wp-json\/wp\/v2\/types\/page"}],"author":[{"embeddable":true,"href":"http:\/\/www.medicinafamiliar.cl\/mf\/wordpress\/wp-json\/wp\/v2\/users\/1"}],"replies":[{"embeddable":true,"href":"http:\/\/www.medicinafamiliar.cl\/mf\/wordpress\/wp-json\/wp\/v2\/comments?post=100"}],"version-history":[{"count":5,"href":"http:\/\/www.medicinafamiliar.cl\/mf\/wordpress\/wp-json\/wp\/v2\/pages\/100\/revisions"}],"predecessor-version":[{"id":2497,"href":"http:\/\/www.medicinafamiliar.cl\/mf\/wordpress\/wp-json\/wp\/v2\/pages\/100\/revisions\/2497"}],"wp:attachment":[{"href":"http:\/\/www.medicinafamiliar.cl\/mf\/wordpress\/wp-json\/wp\/v2\/media?parent=100"}],"curies":[{"name":"wp","href":"https:\/\/api.w.org\/{rel}","templated":true}]}}